{"id":44,"date":"2017-07-31T08:51:51","date_gmt":"2017-07-31T08:51:51","guid":{"rendered":"https:\/\/massa.ind.br\/contact-02\/"},"modified":"2020-04-03T10:14:54","modified_gmt":"2020-04-03T13:14:54","slug":"solucoes","status":"publish","type":"page","link":"https:\/\/massa.ind.br\/es\/solucoes\/","title":{"rendered":"Soluciones"},"content":{"rendered":"<div id=\"tm-row-69e069dcc2eff\" class=\"vc_row vc_row-outer vc_row-fluid\"><div id=\"tm-column-69e069dcc3170\" class=\"wpb_column vc_column_container vc_col-sm-12\"><div class=\"vc_column-inner\"><div class=\"wpb_wrapper\">\n<div class=\"tm-heading vc_custom_1585762898151 center  tm-animation move-right\" id=\"tm-heading-69e069dcc32bc\">\n\t<h2 class=\"heading\" style=\"\">Conhe\u00e7a nossas <strong>soluciones<\/strong> para los sectores<\/h2><\/div>\n\n\n<div class=\"tm-heading vc_custom_1585762923014 center  tm-animation move-right\" id=\"tm-heading-69e069dcc33b2\">\n\t<div class=\"heading\" style=\"\">Nossos equipamentos s\u00e3o utilizados nos segmentos de minera\u00e7\u00e3o, siderurgia e agroneg\u00f3cio. Aplicam-se especificamente em operadores ferrovi\u00e1rios, terminais de transbordo de produtos a granel e l\u00edquidos, portos, oficinas de maquin\u00e1rio ferrovi\u00e1rio e no setor metrovi\u00e1rio.<\/p>\n<p>A MASSA \u00e9 fornecedora de Balan\u00e7as Ferrovi\u00e1rias Din\u00e2micas nas principais empresas instaladas no Brasil, como VALE, VL!, Mosaic, Usiminas, CSN, Arcelor Mittal, Progress Rail, Rumo, Cattalini, CBL Log\u00edstica, entre outras. A empresa possui sua pr\u00f3pria rede de assist\u00eancia t\u00e9cnica capacitada para atuar em todo o Brasil. A agilidade e disponibilidade dos atendimentos s\u00e3o assegurados por nossos escrit\u00f3rios estrategicamente localizados no Paran\u00e1, Minas Gerais e Esp\u00edrito Santo.<\/div><\/div>\n\n<div id=\"tm-row-inner-69e069dcc34b9\" class=\"vc_row vc_inner vc_row-fluid\"><div id=\"tm-column-inner-69e069dcc35af\" class=\"wpb_column vc_column_container vc_col-sm-12\"><div class=\"vc_column-inner\"><div class=\"wpb_wrapper\">\n\t<div class=\"tm-grid-wrapper tm-services  style-2 filter-style-1\" id=\"tm-services-69e069dcc4f5a\"\n\t\t\t\t\t\t\tdata-type=\"masonry\"\n\t\t\t data-xs-columns=\"1\" data-sm-columns=\"2\" data-lg-columns=\"3\"\t\t\t\t\t\t\tdata-grid-fitrows=\"true\"\n\t\t\tdata-match-height=\"true\"\n\t\t\t\t\t\t\tdata-gutter=\"60\"\n\t\t\t>\n\t\t\n\t\t\n\t\t<input type=\"hidden\" class=\"tm-grid-query\" value=\"{&quot;post_type&quot;:&quot;service&quot;,&quot;posts_per_page&quot;:&quot;3&quot;,&quot;orderby&quot;:&quot;date&quot;,&quot;order&quot;:&quot;DESC&quot;,&quot;paged&quot;:1,&quot;post_status&quot;:&quot;publish&quot;,&quot;post__not_in&quot;:[],&quot;max_num_pages&quot;:3,&quot;found_posts&quot;:7,&quot;style&quot;:&quot;2&quot;,&quot;pagination&quot;:&quot;&quot;,&quot;count&quot;:3,&quot;taxonomies&quot;:&quot;&quot;}\"\/>\n\n\t\t\n\t\t\t\t<div class=\"tm-grid has-animation move-left\"\n\t\t\t\t\t\t\t\t\t\t\tdata-animation=\"true\"\n\t\t\t\t\t\t\t\t\t\t\t\t\t\t>\n\t\t\t\t\t\t\t\t\t\t\t<div class=\"grid-sizer\"><\/div>\n\t\t\t\t\t\n\t\t\t\t\t\t\t\t\t\t\t\t\t\t\t\t\t\t<div class=\"grid-item service-item post-581 service type-service status-publish has-post-thumbnail hentry service_category-body\">\n\t\t\t\t\t\t\t\t<div class=\"inner\">\n\t\t\t\t\t\t\t\t\t\t\t\t\t\t\t\t\t\t\t\t\t\t\t\t\t\t\t\t\t<div class=\"post-thumbnail\">\n\t\t\t\t\t\t\t\t\t\t\t<a href=\"https:\/\/massa.ind.br\/es\/service\/mineracao\/\"\n\t\t\t\t\t\t\t\t\t\t\t   title=\"Miner\u00eda\">\n\t\t\t\t\t\t\t\t\t\t\t\t<img decoding=\"async\" src=\"https:\/\/massa.ind.br\/wp-content\/uploads\/2017\/09\/Kalgoorlie_open_cast_mine-570x407.jpg\"\n\t\t\t\t\t\t\t\t\t\t\t\t     alt=\"\"\/>\n\t\t\t\t\t\t\t\t\t\t\t<\/a>\n\t\t\t\t\t\t\t\t\t\t<\/div>\n\t\t\t\t\t\t\t\t\t\t\t\t\t\t\t\t\t\t<div class=\"post-info\">\n\t\t\t\t\t\t\t\t\t\t<h2 class=\"post-title\">\n\t\t\t\t\t\t\t\t\t\t\t<a href=\"https:\/\/massa.ind.br\/es\/service\/mineracao\/\">Miner\u00eda<\/a>\n\t\t\t\t\t\t\t\t\t\t<\/h2>\n\t\t\t\t\t\t\t\t\t\t<div class=\"post-excerpt\">\n\t\t\t\t\t\t\t\t\t\t\t<p>Entenda sobre nossas solu\u00e7\u00f5es para o setor de minera\u00e7\u00e3o. &hellip;<\/p>\t\t\t\t\t\t\t\t\t\t<\/div>\n\t\t\t\t\t\t\t\t\t\t\t\t\t\t\t\t\t\t\t\t<div class=\"post-read-more\">\n\t\t\t\t\t\t\t\t\t\t\t<a class=\"service-readmore\"\n\t\t\t\t\t\t\t\t\t\t\t   href=\"https:\/\/massa.ind.br\/es\/service\/mineracao\/\">\n\t\t\t\t\t\t\t\t\t\t\t\t<svg data-name=\"Layer 1\" xmlns=\"http:\/\/www.w3.org\/2000\/svg\"\n\t\t\t\t\t\t\t\t\t\t\t\t     viewbox=\"0 0 21.15 12.8\">\n\t\t\t\t\t\t\t\t\t\t\t\t\t<title>084d4406-6317-478b-b3ff-0f910c3ba7c7<\/title>\n\t\t\t\t\t\t\t\t\t\t\t\t\t<polygon class=\"cls-1\"\n\t\t\t\t\t\t\t\t\t\t\t\t\t         points=\"21.15 6.39 14.76 0 13.46 1.3 17.56 5.41 0 5.41 0 7.25 17.7 7.25 13.46 11.5 14.76 12.8 21.15 6.41 21.14 6.4 21.15 6.39\"\/>\n\t\t\t\t\t\t\t\t\t\t\t\t<\/svg>\n\t\t\t\t\t\t\t\t\t\t\t<\/a>\n\t\t\t\t\t\t\t\t\t\t<\/div>\n\t\t\t\t\t\t\t\t\t<\/div>\n\t\t\t\t\t\t\t\t<\/div>\n\n\t\t\t\t\t\t\t<\/div>\n\t\t\t\t\t\t\t\t\t\t\t\t\t<div class=\"grid-item service-item post-578 service type-service status-publish has-post-thumbnail hentry service_category-body\">\n\t\t\t\t\t\t\t\t<div class=\"inner\">\n\t\t\t\t\t\t\t\t\t\t\t\t\t\t\t\t\t\t\t\t\t\t\t\t\t\t\t\t\t<div class=\"post-thumbnail\">\n\t\t\t\t\t\t\t\t\t\t\t<a href=\"https:\/\/massa.ind.br\/es\/service\/agronegocio\/\"\n\t\t\t\t\t\t\t\t\t\t\t   title=\"Agronegocios\">\n\t\t\t\t\t\t\t\t\t\t\t\t<img decoding=\"async\" src=\"https:\/\/massa.ind.br\/wp-content\/uploads\/2017\/09\/valio84sl-570x407.jpg\"\n\t\t\t\t\t\t\t\t\t\t\t\t     alt=\"\"\/>\n\t\t\t\t\t\t\t\t\t\t\t<\/a>\n\t\t\t\t\t\t\t\t\t\t<\/div>\n\t\t\t\t\t\t\t\t\t\t\t\t\t\t\t\t\t\t<div class=\"post-info\">\n\t\t\t\t\t\t\t\t\t\t<h2 class=\"post-title\">\n\t\t\t\t\t\t\t\t\t\t\t<a href=\"https:\/\/massa.ind.br\/es\/service\/agronegocio\/\">Agronegocios<\/a>\n\t\t\t\t\t\t\t\t\t\t<\/h2>\n\t\t\t\t\t\t\t\t\t\t<div class=\"post-excerpt\">\n\t\t\t\t\t\t\t\t\t\t\t<p>Entenda sobre nossas solu\u00e7\u00f5es para o setor de agroneg\u00f3cio. &hellip;<\/p>\t\t\t\t\t\t\t\t\t\t<\/div>\n\t\t\t\t\t\t\t\t\t\t\t\t\t\t\t\t\t\t\t\t<div class=\"post-read-more\">\n\t\t\t\t\t\t\t\t\t\t\t<a class=\"service-readmore\"\n\t\t\t\t\t\t\t\t\t\t\t   href=\"https:\/\/massa.ind.br\/es\/service\/agronegocio\/\">\n\t\t\t\t\t\t\t\t\t\t\t\t<svg data-name=\"Layer 1\" xmlns=\"http:\/\/www.w3.org\/2000\/svg\"\n\t\t\t\t\t\t\t\t\t\t\t\t     viewbox=\"0 0 21.15 12.8\">\n\t\t\t\t\t\t\t\t\t\t\t\t\t<title>084d4406-6317-478b-b3ff-0f910c3ba7c7<\/title>\n\t\t\t\t\t\t\t\t\t\t\t\t\t<polygon class=\"cls-1\"\n\t\t\t\t\t\t\t\t\t\t\t\t\t         points=\"21.15 6.39 14.76 0 13.46 1.3 17.56 5.41 0 5.41 0 7.25 17.7 7.25 13.46 11.5 14.76 12.8 21.15 6.41 21.14 6.4 21.15 6.39\"\/>\n\t\t\t\t\t\t\t\t\t\t\t\t<\/svg>\n\t\t\t\t\t\t\t\t\t\t\t<\/a>\n\t\t\t\t\t\t\t\t\t\t<\/div>\n\t\t\t\t\t\t\t\t\t<\/div>\n\t\t\t\t\t\t\t\t<\/div>\n\n\t\t\t\t\t\t\t<\/div>\n\t\t\t\t\t\t\t\t\t\t\t\t\t<div class=\"grid-item service-item post-579 service type-service status-publish has-post-thumbnail hentry service_category-steering service_category-wheels\">\n\t\t\t\t\t\t\t\t<div class=\"inner\">\n\t\t\t\t\t\t\t\t\t\t\t\t\t\t\t\t\t\t\t\t\t\t\t\t\t\t\t\t\t<div class=\"post-thumbnail\">\n\t\t\t\t\t\t\t\t\t\t\t<a href=\"https:\/\/massa.ind.br\/es\/service\/siderurgia\/\"\n\t\t\t\t\t\t\t\t\t\t\t   title=\"Acero\">\n\t\t\t\t\t\t\t\t\t\t\t\t<img decoding=\"async\" src=\"https:\/\/massa.ind.br\/wp-content\/uploads\/2017\/09\/siderurgia-570x407.jpg\"\n\t\t\t\t\t\t\t\t\t\t\t\t     alt=\"\"\/>\n\t\t\t\t\t\t\t\t\t\t\t<\/a>\n\t\t\t\t\t\t\t\t\t\t<\/div>\n\t\t\t\t\t\t\t\t\t\t\t\t\t\t\t\t\t\t<div class=\"post-info\">\n\t\t\t\t\t\t\t\t\t\t<h2 class=\"post-title\">\n\t\t\t\t\t\t\t\t\t\t\t<a href=\"https:\/\/massa.ind.br\/es\/service\/siderurgia\/\">Acero<\/a>\n\t\t\t\t\t\t\t\t\t\t<\/h2>\n\t\t\t\t\t\t\t\t\t\t<div class=\"post-excerpt\">\n\t\t\t\t\t\t\t\t\t\t\t<p>Entenda sobre nossas solu\u00e7\u00f5es para o setor de siderurgia. &hellip;<\/p>\t\t\t\t\t\t\t\t\t\t<\/div>\n\t\t\t\t\t\t\t\t\t\t\t\t\t\t\t\t\t\t\t\t<div class=\"post-read-more\">\n\t\t\t\t\t\t\t\t\t\t\t<a class=\"service-readmore\"\n\t\t\t\t\t\t\t\t\t\t\t   href=\"https:\/\/massa.ind.br\/es\/service\/siderurgia\/\">\n\t\t\t\t\t\t\t\t\t\t\t\t<svg data-name=\"Layer 1\" xmlns=\"http:\/\/www.w3.org\/2000\/svg\"\n\t\t\t\t\t\t\t\t\t\t\t\t     viewbox=\"0 0 21.15 12.8\">\n\t\t\t\t\t\t\t\t\t\t\t\t\t<title>084d4406-6317-478b-b3ff-0f910c3ba7c7<\/title>\n\t\t\t\t\t\t\t\t\t\t\t\t\t<polygon class=\"cls-1\"\n\t\t\t\t\t\t\t\t\t\t\t\t\t         points=\"21.15 6.39 14.76 0 13.46 1.3 17.56 5.41 0 5.41 0 7.25 17.7 7.25 13.46 11.5 14.76 12.8 21.15 6.41 21.14 6.4 21.15 6.39\"\/>\n\t\t\t\t\t\t\t\t\t\t\t\t<\/svg>\n\t\t\t\t\t\t\t\t\t\t\t<\/a>\n\t\t\t\t\t\t\t\t\t\t<\/div>\n\t\t\t\t\t\t\t\t\t<\/div>\n\t\t\t\t\t\t\t\t<\/div>\n\n\t\t\t\t\t\t\t<\/div>\n\t\t\t\t\t\t\t\t\t\t\t\t\t\t\t<\/div>\n\n\t\t\t\t\n\t\t\n\t<\/div>\n<\/div><\/div><\/div><\/div><\/div><\/div><\/div><\/div>","protected":false},"excerpt":{"rendered":"At vero eos et accusam et justo duo dolores et ea rebum. Stet clita kasd gubergren, no sea takimata sanctus est Lorem ipsum dolor sit amet. Lorem ipsum dolor sit amet, consetetur sadipscing elitr, sed diam nonumy eirmod tempor invidunt ut labore et dolore magna aliquyam erat, sed diam voluptua. At vero eos et accusam et justo duo dolores et ea rebum. Stet clita kasd gubergren, no sea ta Lorem ipsum dolor sit amet, consectetur adipisicing elit. Labore voluptatem officiis quod animi possimus a, iure nam sunt quas aperiam non recusandae reprehenderit, nesciunt cumque pariatur totam repellendus delectus? Maxime quasi earum nobis, dicta, aliquam facere reiciendis, delectus voluptas, ea assumenda blanditiis placeat dignissimos quas iusto repellat cumque. Price Table 1. Brakes Testing &amp; Replacement Price $20 Lorem ipsum dolor sit amet, consectetuer adipiscing elit, sed diam non uy nibh euismod tincidunt ut laoreet dolore magna aliquam erat volut pat. Ut wiminim veniam, quis nostrud exerci tation ullam pmrintin lorem Ipsum is simply dummy text of the k a galley of type and 2. Transmission Speed Sensor Price $25 Lorem ipsum dolor sit amet, consectetuer adipiscing elit, sed diam non uy nibh euismod tincidunt ut laoreet dolore magna aliquam erat volut pat. Ut wiminim veniam, quis nostrud exerci tation ullam pmrintin lorem Ipsum is simply dummy text of the k a galley of type and 3. Power Steering Pump Replacement Price $30 Lorem ipsum dolor sit amet, consectetuer adipiscing elit, sed diam non uy nibh euismod tincidunt ut laoreet dolore magna aliquam erat volut pat. Ut wiminim veniam, quis nostrud exerci tation ullam pmrintin lorem Ipsum is simply dummy text of the k a galley of type and At vero eos et accusam et justo duo dolores et ea rebum. Stet clita kasd gubergren, no sea takimata sanctus est Lorem ipsum dolor sit amet. Lorem ipsum dolor sit amet, consetetur sadipscing elitr, sed diam nonumy eirmod tempor invidunt ut labore et dolore magna aliquyam erat, sed diam voluptua. At vero eos et accusam et justo duo dolores et ea rebum. Stet clita kasd gubergren, no sea ta Order service","protected":false},"author":1,"featured_media":0,"parent":0,"menu_order":0,"comment_status":"closed","ping_status":"closed","template":"","meta":{"footnotes":""},"class_list":["post-44","page","type-page","status-publish","hentry"],"yoast_head":"<!-- This site is optimized with the Yoast SEO plugin v24.7 - https:\/\/yoast.com\/wordpress\/plugins\/seo\/ -->\n<title>Solu\u00e7\u00f5es - Massa - Pesagem e Automa\u00e7\u00e3o Industrial<\/title>\n<meta name=\"robots\" content=\"index, follow, max-snippet:-1, max-image-preview:large, max-video-preview:-1\" \/>\n<link rel=\"canonical\" href=\"https:\/\/massa.ind.br\/es\/solucoes\/\" \/>\n<meta property=\"og:locale\" content=\"es_ES\" \/>\n<meta property=\"og:type\" content=\"article\" \/>\n<meta property=\"og:title\" content=\"Solu\u00e7\u00f5es - Massa - Pesagem e Automa\u00e7\u00e3o Industrial\" \/>\n<meta property=\"og:url\" content=\"https:\/\/massa.ind.br\/es\/solucoes\/\" \/>\n<meta property=\"og:site_name\" content=\"Massa - Pesagem e Automa\u00e7\u00e3o Industrial\" \/>\n<meta property=\"article:modified_time\" content=\"2020-04-03T13:14:54+00:00\" \/>\n<meta name=\"twitter:card\" content=\"summary_large_image\" \/>\n<meta name=\"twitter:label1\" content=\"Tiempo de lectura\" \/>\n\t<meta name=\"twitter:data1\" content=\"1 minuto\" \/>\n<script type=\"application\/ld+json\" class=\"yoast-schema-graph\">{\"@context\":\"https:\/\/schema.org\",\"@graph\":[{\"@type\":\"WebPage\",\"@id\":\"https:\/\/massa.ind.br\/es\/solucoes\/\",\"url\":\"https:\/\/massa.ind.br\/es\/solucoes\/\",\"name\":\"Solu\u00e7\u00f5es - Massa - Pesagem e Automa\u00e7\u00e3o Industrial\",\"isPartOf\":{\"@id\":\"https:\/\/massa.ind.br\/#website\"},\"datePublished\":\"2017-07-31T08:51:51+00:00\",\"dateModified\":\"2020-04-03T13:14:54+00:00\",\"breadcrumb\":{\"@id\":\"https:\/\/massa.ind.br\/es\/solucoes\/#breadcrumb\"},\"inLanguage\":\"es\",\"potentialAction\":[{\"@type\":\"ReadAction\",\"target\":[\"https:\/\/massa.ind.br\/es\/solucoes\/\"]}]},{\"@type\":\"BreadcrumbList\",\"@id\":\"https:\/\/massa.ind.br\/es\/solucoes\/#breadcrumb\",\"itemListElement\":[{\"@type\":\"ListItem\",\"position\":1,\"name\":\"In\u00edcio\",\"item\":\"https:\/\/massa.ind.br\/\"},{\"@type\":\"ListItem\",\"position\":2,\"name\":\"Solu\u00e7\u00f5es\"}]},{\"@type\":\"WebSite\",\"@id\":\"https:\/\/massa.ind.br\/#website\",\"url\":\"https:\/\/massa.ind.br\/\",\"name\":\"Massa - Pesagem e Automa\u00e7\u00e3o Industrial\",\"description\":\"S\u00f3 mais um site WordPress\",\"potentialAction\":[{\"@type\":\"SearchAction\",\"target\":{\"@type\":\"EntryPoint\",\"urlTemplate\":\"https:\/\/massa.ind.br\/?s={search_term_string}\"},\"query-input\":{\"@type\":\"PropertyValueSpecification\",\"valueRequired\":true,\"valueName\":\"search_term_string\"}}],\"inLanguage\":\"es\"}]}<\/script>\n<!-- \/ Yoast SEO plugin. -->","yoast_head_json":{"title":"Solu\u00e7\u00f5es - Massa - Pesagem e Automa\u00e7\u00e3o Industrial","robots":{"index":"index","follow":"follow","max-snippet":"max-snippet:-1","max-image-preview":"max-image-preview:large","max-video-preview":"max-video-preview:-1"},"canonical":"https:\/\/massa.ind.br\/es\/solucoes\/","og_locale":"es_ES","og_type":"article","og_title":"Solu\u00e7\u00f5es - Massa - Pesagem e Automa\u00e7\u00e3o Industrial","og_url":"https:\/\/massa.ind.br\/es\/solucoes\/","og_site_name":"Massa - Pesagem e Automa\u00e7\u00e3o Industrial","article_modified_time":"2020-04-03T13:14:54+00:00","twitter_card":"summary_large_image","twitter_misc":{"Tiempo de lectura":"1 minuto"},"schema":{"@context":"https:\/\/schema.org","@graph":[{"@type":"WebPage","@id":"https:\/\/massa.ind.br\/es\/solucoes\/","url":"https:\/\/massa.ind.br\/es\/solucoes\/","name":"Solu\u00e7\u00f5es - Massa - Pesagem e Automa\u00e7\u00e3o Industrial","isPartOf":{"@id":"https:\/\/massa.ind.br\/#website"},"datePublished":"2017-07-31T08:51:51+00:00","dateModified":"2020-04-03T13:14:54+00:00","breadcrumb":{"@id":"https:\/\/massa.ind.br\/es\/solucoes\/#breadcrumb"},"inLanguage":"es","potentialAction":[{"@type":"ReadAction","target":["https:\/\/massa.ind.br\/es\/solucoes\/"]}]},{"@type":"BreadcrumbList","@id":"https:\/\/massa.ind.br\/es\/solucoes\/#breadcrumb","itemListElement":[{"@type":"ListItem","position":1,"name":"In\u00edcio","item":"https:\/\/massa.ind.br\/"},{"@type":"ListItem","position":2,"name":"Solu\u00e7\u00f5es"}]},{"@type":"WebSite","@id":"https:\/\/massa.ind.br\/#website","url":"https:\/\/massa.ind.br\/","name":"Massa - Pesagem e Automa\u00e7\u00e3o Industrial","description":"S\u00f3 mais um site WordPress","potentialAction":[{"@type":"SearchAction","target":{"@type":"EntryPoint","urlTemplate":"https:\/\/massa.ind.br\/?s={search_term_string}"},"query-input":{"@type":"PropertyValueSpecification","valueRequired":true,"valueName":"search_term_string"}}],"inLanguage":"es"}]}},"_links":{"self":[{"href":"https:\/\/massa.ind.br\/es\/wp-json\/wp\/v2\/pages\/44","targetHints":{"allow":["GET"]}}],"collection":[{"href":"https:\/\/massa.ind.br\/es\/wp-json\/wp\/v2\/pages"}],"about":[{"href":"https:\/\/massa.ind.br\/es\/wp-json\/wp\/v2\/types\/page"}],"author":[{"embeddable":true,"href":"https:\/\/massa.ind.br\/es\/wp-json\/wp\/v2\/users\/1"}],"replies":[{"embeddable":true,"href":"https:\/\/massa.ind.br\/es\/wp-json\/wp\/v2\/comments?post=44"}],"version-history":[{"count":10,"href":"https:\/\/massa.ind.br\/es\/wp-json\/wp\/v2\/pages\/44\/revisions"}],"predecessor-version":[{"id":1780,"href":"https:\/\/massa.ind.br\/es\/wp-json\/wp\/v2\/pages\/44\/revisions\/1780"}],"wp:attachment":[{"href":"https:\/\/massa.ind.br\/es\/wp-json\/wp\/v2\/media?parent=44"}],"curies":[{"name":"wp","href":"https:\/\/api.w.org\/{rel}","templated":true}]}}