{"id":1700,"date":"2020-04-01T12:20:21","date_gmt":"2020-04-01T15:20:21","guid":{"rendered":"https:\/\/massa.ind.br\/?page_id=1700"},"modified":"2020-04-06T09:44:51","modified_gmt":"2020-04-06T12:44:51","slug":"siderurgia","status":"publish","type":"page","link":"https:\/\/massa.ind.br\/es\/solucoes\/siderurgia\/","title":{"rendered":"Acero"},"content":{"rendered":"<div id=\"tm-row-69dd108d648fc\" class=\"vc_row vc_row-outer vc_row-fluid vc_row-o-content-middle vc_row-flex\"><div id=\"tm-column-69dd108d64b01\" class=\"wpb_column vc_column_container vc_col-sm-6\"><div class=\"vc_column-inner\"><div class=\"wpb_wrapper\">\n\t<div class=\"wpb_single_image wpb_content_element vc_align_center\">\n\t\t\n\t\t<figure class=\"wpb_wrapper vc_figure\">\n\t\t\t<a data-rel=\"prettyPhoto[rel-1700-2134647122]\" href=\"https:\/\/massa.ind.br\/wp-content\/uploads\/2017\/09\/siderurgia.jpg\" target=\"_self\" class=\"vc_single_image-wrapper   vc_box_border_grey prettyphoto\"><img loading=\"lazy\" decoding=\"async\" width=\"640\" height=\"373\" src=\"https:\/\/massa.ind.br\/wp-content\/uploads\/2017\/09\/siderurgia.jpg\" class=\"vc_single_image-img attachment-large\" alt=\"\" srcset=\"https:\/\/massa.ind.br\/wp-content\/uploads\/2017\/09\/siderurgia.jpg 1024w, https:\/\/massa.ind.br\/wp-content\/uploads\/2017\/09\/siderurgia-300x175.jpg 300w, https:\/\/massa.ind.br\/wp-content\/uploads\/2017\/09\/siderurgia-768x448.jpg 768w, https:\/\/massa.ind.br\/wp-content\/uploads\/2017\/09\/siderurgia-500x292.jpg 500w\" sizes=\"auto, (max-width: 640px) 100vw, 640px\" \/><\/a>\n\t\t<\/figure>\n\t<\/div>\n<\/div><\/div><\/div><div id=\"tm-column-69dd108d64f86\" class=\"wpb_column vc_column_container vc_col-sm-6\"><div class=\"vc_column-inner\"><div class=\"wpb_wrapper\">\n<div class=\"tm-heading vc_custom_1585755001844 left  tm-animation move-right\" id=\"tm-heading-69dd108d6507e\">\n\t<h2 class=\"heading\" style=\"\">Proyectos de MASSA en <strong>Acero<\/strong><\/h2><\/div>\n\n\n<div class=\"tm-heading vc_custom_1585755083573 left  tm-animation move-right\" id=\"tm-heading-69dd108d65119\">\n\t<div class=\"heading\" style=\"\">El mercado del acero ocupa m\u00e1s del 10% de todos los movimientos ferroviarios en Brasil con el transporte de insumos y productos. El ferrocarril es uno de los enlaces de log\u00edstica integrada (m\u00e1s carretera y puerto) necesarios para este importante sector de la econom\u00eda brasile\u00f1a. Adem\u00e1s de las ventajas econ\u00f3micas del modal ferroviario, la industria del acero utiliza la seguridad y la estabilidad de las v\u00edas para la producci\u00f3n y el transporte de los autom\u00f3viles Torpedo. Las b\u00e1sculas din\u00e1micas de ferrocarril MASSA son pistas instrumentadas que realizan el control del pesaje por ejes del vag\u00f3n y, por lo tanto, pesan cualquier tipo de vag\u00f3n, independientemente de su tama\u00f1o.<\/div><\/div>\n\n<div class=\"tm-button-wrapper  tm-animation scale-up\" id=\"tm-button-69dd108d651b0\">\n\t\t<a class=\"tm-button style-1 tm-button-nm tm-button-secondary has-shadow\" href=\"https:\/\/massa.ind.br\/es\/contato\/\"\n\t\ttarget=\" _blank\"\t>\n\t\t<span>\n\t\t\t\t\t\tCONT\u00c1CTENOS AHORA\t\t\t\t\t<\/span>\n\t<\/a>\n<\/div>\n<\/div><\/div><\/div><\/div>","protected":false},"excerpt":{"rendered":"Projetos da Massa na Siderurgia O mercado sider\u00fargico ocupa mais de 10% de toda movimenta\u00e7\u00e3o ferrovi\u00e1ria do Brasil com o transporte de insumos e produtos. A ferrovia \u00e9 um dos elos da log\u00edstica integrada (mais rodovia e porto) necess\u00e1ria esse importante setor da economia brasileira. Al\u00e9m das vantagens econ\u00f4micas do modal ferrovi\u00e1rio, a siderurgia utiliza a seguran\u00e7a e a estabilidade dos trilhos para a produ\u00e7\u00e3o e transporte de Carros Torpedo. As Balan\u00e7as Ferrovi\u00e1rias Din\u00e2micas MASSA s\u00e3o trilhos instrumentados que executam o controle da pesagem por eixos do vag\u00e3o, e por isso pesam qualquer tipo de vag\u00e3o, independente do seu tamanho. ENTRE EM CONTATO","protected":false},"author":1,"featured_media":1532,"parent":44,"menu_order":0,"comment_status":"closed","ping_status":"closed","template":"","meta":{"footnotes":""},"class_list":["post-1700","page","type-page","status-publish","has-post-thumbnail","hentry"],"yoast_head":"<!-- This site is optimized with the Yoast SEO plugin v24.7 - https:\/\/yoast.com\/wordpress\/plugins\/seo\/ -->\n<title>Siderurgia - Massa - Pesagem e Automa\u00e7\u00e3o Industrial<\/title>\n<meta name=\"robots\" content=\"index, follow, max-snippet:-1, max-image-preview:large, max-video-preview:-1\" \/>\n<link rel=\"canonical\" href=\"https:\/\/massa.ind.br\/es\/solucoes\/siderurgia\/\" \/>\n<meta property=\"og:locale\" content=\"es_ES\" \/>\n<meta property=\"og:type\" content=\"article\" \/>\n<meta property=\"og:title\" content=\"Siderurgia - Massa - Pesagem e Automa\u00e7\u00e3o Industrial\" \/>\n<meta property=\"og:url\" content=\"https:\/\/massa.ind.br\/es\/solucoes\/siderurgia\/\" \/>\n<meta property=\"og:site_name\" content=\"Massa - Pesagem e Automa\u00e7\u00e3o Industrial\" \/>\n<meta property=\"article:modified_time\" content=\"2020-04-06T12:44:51+00:00\" \/>\n<meta property=\"og:image\" content=\"https:\/\/massa.ind.br\/wp-content\/uploads\/2017\/09\/siderurgia.jpg\" \/>\n\t<meta property=\"og:image:width\" content=\"1024\" \/>\n\t<meta property=\"og:image:height\" content=\"597\" \/>\n\t<meta property=\"og:image:type\" content=\"image\/jpeg\" \/>\n<meta name=\"twitter:card\" content=\"summary_large_image\" \/>\n<meta name=\"twitter:label1\" content=\"Tiempo de lectura\" \/>\n\t<meta name=\"twitter:data1\" content=\"1 minuto\" \/>\n<script type=\"application\/ld+json\" class=\"yoast-schema-graph\">{\"@context\":\"https:\/\/schema.org\",\"@graph\":[{\"@type\":\"WebPage\",\"@id\":\"https:\/\/massa.ind.br\/solucoes\/siderurgia\/\",\"url\":\"https:\/\/massa.ind.br\/solucoes\/siderurgia\/\",\"name\":\"Siderurgia - Massa - Pesagem e Automa\u00e7\u00e3o Industrial\",\"isPartOf\":{\"@id\":\"https:\/\/massa.ind.br\/#website\"},\"primaryImageOfPage\":{\"@id\":\"https:\/\/massa.ind.br\/solucoes\/siderurgia\/#primaryimage\"},\"image\":{\"@id\":\"https:\/\/massa.ind.br\/solucoes\/siderurgia\/#primaryimage\"},\"thumbnailUrl\":\"https:\/\/massa.ind.br\/wp-content\/uploads\/2017\/09\/siderurgia.jpg\",\"datePublished\":\"2020-04-01T15:20:21+00:00\",\"dateModified\":\"2020-04-06T12:44:51+00:00\",\"breadcrumb\":{\"@id\":\"https:\/\/massa.ind.br\/solucoes\/siderurgia\/#breadcrumb\"},\"inLanguage\":\"es\",\"potentialAction\":[{\"@type\":\"ReadAction\",\"target\":[\"https:\/\/massa.ind.br\/solucoes\/siderurgia\/\"]}]},{\"@type\":\"ImageObject\",\"inLanguage\":\"es\",\"@id\":\"https:\/\/massa.ind.br\/solucoes\/siderurgia\/#primaryimage\",\"url\":\"https:\/\/massa.ind.br\/wp-content\/uploads\/2017\/09\/siderurgia.jpg\",\"contentUrl\":\"https:\/\/massa.ind.br\/wp-content\/uploads\/2017\/09\/siderurgia.jpg\",\"width\":1024,\"height\":597},{\"@type\":\"BreadcrumbList\",\"@id\":\"https:\/\/massa.ind.br\/solucoes\/siderurgia\/#breadcrumb\",\"itemListElement\":[{\"@type\":\"ListItem\",\"position\":1,\"name\":\"In\u00edcio\",\"item\":\"https:\/\/massa.ind.br\/\"},{\"@type\":\"ListItem\",\"position\":2,\"name\":\"Solu\u00e7\u00f5es\",\"item\":\"https:\/\/massa.ind.br\/es\/solucoes\/\"},{\"@type\":\"ListItem\",\"position\":3,\"name\":\"Siderurgia\"}]},{\"@type\":\"WebSite\",\"@id\":\"https:\/\/massa.ind.br\/#website\",\"url\":\"https:\/\/massa.ind.br\/\",\"name\":\"Massa - Pesagem e Automa\u00e7\u00e3o Industrial\",\"description\":\"S\u00f3 mais um site WordPress\",\"potentialAction\":[{\"@type\":\"SearchAction\",\"target\":{\"@type\":\"EntryPoint\",\"urlTemplate\":\"https:\/\/massa.ind.br\/?s={search_term_string}\"},\"query-input\":{\"@type\":\"PropertyValueSpecification\",\"valueRequired\":true,\"valueName\":\"search_term_string\"}}],\"inLanguage\":\"es\"}]}<\/script>\n<!-- \/ Yoast SEO plugin. -->","yoast_head_json":{"title":"Siderurgia - Massa - Pesagem e Automa\u00e7\u00e3o Industrial","robots":{"index":"index","follow":"follow","max-snippet":"max-snippet:-1","max-image-preview":"max-image-preview:large","max-video-preview":"max-video-preview:-1"},"canonical":"https:\/\/massa.ind.br\/es\/solucoes\/siderurgia\/","og_locale":"es_ES","og_type":"article","og_title":"Siderurgia - Massa - Pesagem e Automa\u00e7\u00e3o Industrial","og_url":"https:\/\/massa.ind.br\/es\/solucoes\/siderurgia\/","og_site_name":"Massa - Pesagem e Automa\u00e7\u00e3o Industrial","article_modified_time":"2020-04-06T12:44:51+00:00","og_image":[{"width":1024,"height":597,"url":"https:\/\/massa.ind.br\/wp-content\/uploads\/2017\/09\/siderurgia.jpg","type":"image\/jpeg"}],"twitter_card":"summary_large_image","twitter_misc":{"Tiempo de lectura":"1 minuto"},"schema":{"@context":"https:\/\/schema.org","@graph":[{"@type":"WebPage","@id":"https:\/\/massa.ind.br\/solucoes\/siderurgia\/","url":"https:\/\/massa.ind.br\/solucoes\/siderurgia\/","name":"Siderurgia - Massa - Pesagem e Automa\u00e7\u00e3o Industrial","isPartOf":{"@id":"https:\/\/massa.ind.br\/#website"},"primaryImageOfPage":{"@id":"https:\/\/massa.ind.br\/solucoes\/siderurgia\/#primaryimage"},"image":{"@id":"https:\/\/massa.ind.br\/solucoes\/siderurgia\/#primaryimage"},"thumbnailUrl":"https:\/\/massa.ind.br\/wp-content\/uploads\/2017\/09\/siderurgia.jpg","datePublished":"2020-04-01T15:20:21+00:00","dateModified":"2020-04-06T12:44:51+00:00","breadcrumb":{"@id":"https:\/\/massa.ind.br\/solucoes\/siderurgia\/#breadcrumb"},"inLanguage":"es","potentialAction":[{"@type":"ReadAction","target":["https:\/\/massa.ind.br\/solucoes\/siderurgia\/"]}]},{"@type":"ImageObject","inLanguage":"es","@id":"https:\/\/massa.ind.br\/solucoes\/siderurgia\/#primaryimage","url":"https:\/\/massa.ind.br\/wp-content\/uploads\/2017\/09\/siderurgia.jpg","contentUrl":"https:\/\/massa.ind.br\/wp-content\/uploads\/2017\/09\/siderurgia.jpg","width":1024,"height":597},{"@type":"BreadcrumbList","@id":"https:\/\/massa.ind.br\/solucoes\/siderurgia\/#breadcrumb","itemListElement":[{"@type":"ListItem","position":1,"name":"In\u00edcio","item":"https:\/\/massa.ind.br\/"},{"@type":"ListItem","position":2,"name":"Solu\u00e7\u00f5es","item":"https:\/\/massa.ind.br\/es\/solucoes\/"},{"@type":"ListItem","position":3,"name":"Siderurgia"}]},{"@type":"WebSite","@id":"https:\/\/massa.ind.br\/#website","url":"https:\/\/massa.ind.br\/","name":"Massa - Pesagem e Automa\u00e7\u00e3o Industrial","description":"S\u00f3 mais um site WordPress","potentialAction":[{"@type":"SearchAction","target":{"@type":"EntryPoint","urlTemplate":"https:\/\/massa.ind.br\/?s={search_term_string}"},"query-input":{"@type":"PropertyValueSpecification","valueRequired":true,"valueName":"search_term_string"}}],"inLanguage":"es"}]}},"_links":{"self":[{"href":"https:\/\/massa.ind.br\/es\/wp-json\/wp\/v2\/pages\/1700","targetHints":{"allow":["GET"]}}],"collection":[{"href":"https:\/\/massa.ind.br\/es\/wp-json\/wp\/v2\/pages"}],"about":[{"href":"https:\/\/massa.ind.br\/es\/wp-json\/wp\/v2\/types\/page"}],"author":[{"embeddable":true,"href":"https:\/\/massa.ind.br\/es\/wp-json\/wp\/v2\/users\/1"}],"replies":[{"embeddable":true,"href":"https:\/\/massa.ind.br\/es\/wp-json\/wp\/v2\/comments?post=1700"}],"version-history":[{"count":5,"href":"https:\/\/massa.ind.br\/es\/wp-json\/wp\/v2\/pages\/1700\/revisions"}],"predecessor-version":[{"id":1801,"href":"https:\/\/massa.ind.br\/es\/wp-json\/wp\/v2\/pages\/1700\/revisions\/1801"}],"up":[{"embeddable":true,"href":"https:\/\/massa.ind.br\/es\/wp-json\/wp\/v2\/pages\/44"}],"wp:featuredmedia":[{"embeddable":true,"href":"https:\/\/massa.ind.br\/es\/wp-json\/wp\/v2\/media\/1532"}],"wp:attachment":[{"href":"https:\/\/massa.ind.br\/es\/wp-json\/wp\/v2\/media?parent=1700"}],"curies":[{"name":"wp","href":"https:\/\/api.w.org\/{rel}","templated":true}]}}