{"id":1643,"date":"2020-04-01T10:12:46","date_gmt":"2020-04-01T13:12:46","guid":{"rendered":"https:\/\/massa.ind.br\/?page_id=1643"},"modified":"2020-04-20T17:02:24","modified_gmt":"2020-04-20T20:02:24","slug":"carajas","status":"publish","type":"page","link":"https:\/\/massa.ind.br\/es\/cases\/carajas\/","title":{"rendered":"Caraj\u00e1s"},"content":{"rendered":"<div id=\"tm-row-69e4672ab8437\" class=\"vc_row vc_row-outer vc_row-fluid vc_row-o-content-middle vc_row-flex\"><div id=\"tm-column-69e4672ab862c\" class=\"wpb_column vc_column_container vc_col-sm-6\"><div class=\"vc_column-inner\"><div class=\"wpb_wrapper\">\n\t<div class=\"wpb_single_image wpb_content_element vc_align_center\">\n\t\t\n\t\t<figure class=\"wpb_wrapper vc_figure\">\n\t\t\t<a data-rel=\"prettyPhoto[rel-1643-1726926488]\" href=\"https:\/\/massa.ind.br\/wp-content\/uploads\/2020\/04\/massa-mapa-carajas.jpg\" target=\"_self\" class=\"vc_single_image-wrapper   vc_box_border_grey prettyphoto\"><img loading=\"lazy\" decoding=\"async\" width=\"600\" height=\"829\" src=\"https:\/\/massa.ind.br\/wp-content\/uploads\/2020\/04\/massa-mapa-carajas.jpg\" class=\"vc_single_image-img attachment-large\" alt=\"\" srcset=\"https:\/\/massa.ind.br\/wp-content\/uploads\/2020\/04\/massa-mapa-carajas.jpg 600w, https:\/\/massa.ind.br\/wp-content\/uploads\/2020\/04\/massa-mapa-carajas-217x300.jpg 217w, https:\/\/massa.ind.br\/wp-content\/uploads\/2020\/04\/massa-mapa-carajas-500x691.jpg 500w\" sizes=\"auto, (max-width: 600px) 100vw, 600px\" \/><\/a>\n\t\t<\/figure>\n\t<\/div>\n<\/div><\/div><\/div><div id=\"tm-column-69e4672ab8a8b\" class=\"wpb_column vc_column_container vc_col-sm-6\"><div class=\"vc_column-inner\"><div class=\"wpb_wrapper\">\n<div class=\"tm-heading vc_custom_1585747021898 left  tm-animation move-right\" id=\"tm-heading-69e4672ab8b87\">\n\t<h2 class=\"heading\" style=\"\">Casos <strong>CARAJ\u00c1S<\/strong><\/h2><\/div>\n\n\n<div class=\"tm-heading left  tm-animation move-right\" id=\"tm-heading-69e4672ab8c27\">\n\t<div class=\"heading\" style=\"\">El objetivo de MASSA como empresa es presentar la mejor soluci\u00f3n para el cliente, y que el saldo sea una inversi\u00f3n de retorno r\u00e1pido.<br \/>\nNuestro producto es el \u00fanico que permite maniobras sin p\u00e9rdida de datos y, algunas empresas est\u00e1n optimizando la carga de los vagones, utilizando su capacidad m\u00e1xima.<\/p>\n<p>Es el caso de Caraj\u00e1s, en el que se instalaron 3 balanzas din\u00e1micas entre dos silos. El primero pesa el peso de tara del vag\u00f3n, luego la \"carga bruta\" se realiza en el primer silo. Nuestra empresa se destaca por la innovaci\u00f3n tecnol\u00f3gica y la mejora constante, buscando la mejor soluci\u00f3n para su negocio, luchando por la precisi\u00f3n y la optimizaci\u00f3n en el proceso de pesaje, brindando una amplia asistencia t\u00e9cnica, con m\u00e1s de 15 a\u00f1os de experiencia en el sector ferroviario.<\/div><\/div>\n\n<div class=\"tm-button-wrapper  tm-animation scale-up\" id=\"tm-button-69e4672ab8cbb\">\n\t\t<a class=\"tm-button style-1 tm-button-nm tm-button-secondary has-shadow\" href=\"https:\/\/massa.ind.br\/es\/contato\/\"\n\t\ttarget=\" _blank\"\t>\n\t\t<span>\n\t\t\t\t\t\tCONT\u00c1CTENOS AHORA\t\t\t\t\t<\/span>\n\t<\/a>\n<\/div>\n<\/div><\/div><\/div><\/div><div id=\"tm-row-69e4672ab8d4d\" class=\"vc_row vc_row-outer vc_row-fluid vc_row-o-content-middle vc_row-flex\"><div id=\"tm-column-69e4672ab8e12\" class=\"wpb_column vc_column_container vc_col-sm-8\"><div class=\"vc_column-inner\"><div class=\"wpb_wrapper\">\n<div class=\"tm-heading vc_custom_1585747535392 left  tm-animation move-right\" id=\"tm-heading-69e4672ab8ebe\">\n\t<h2 class=\"heading\" style=\"\">El proyecto de <strong>Massa<\/strong> en Caraj\u00e1s<\/h2><\/div>\n\n\n<div class=\"tm-heading left  tm-animation move-right\" id=\"tm-heading-69e4672ab8f55\">\n\t<div class=\"heading\" style=\"\">Un BFD intermedio, que muestra el peso de los vagones en 4 cuadrantes, informaci\u00f3n que llega al operador en solo 9 segundos, para realizar una carga fina final en el segundo silo, suministrando los espacios vac\u00edos de los vagones de manera uniforme, sin exceder la capacidad de seguridad.<\/p>\n<p>Luego sopesamos el BFD bruto para consolidar el peso neto y su facturaci\u00f3n individual. Adem\u00e1s, los BFD presentan el peso total de la composici\u00f3n, informando la productividad por turno operativo. De todos modos, despu\u00e9s de cargar los vagones, realice el pesaje final del BFD bruto y contin\u00fae hasta el puerto.<\/p>\n<p>Antes de esta operaci\u00f3n, cada vag\u00f3n comenz\u00f3 con un promedio de 4 toneladas por debajo de la capacidad de seguridad y con una distribuci\u00f3n desproporcionada de la carga dentro del vag\u00f3n, lo que podr\u00eda causar descarrilamientos. Con los BFD instalados, adem\u00e1s de mejorar la seguridad vial, aument\u00f3 el valor agregado por vag\u00f3n.<\/p>\n<p>Simplemente multiplique las 4 toneladas por 4500 vagones \/ d\u00eda y vea c\u00f3mo una buena operaci\u00f3n y un equilibrio eficiente son fundamentales para la optimizaci\u00f3n del proceso y las ganancias. Nuestra empresa se destaca por la innovaci\u00f3n tecnol\u00f3gica y la mejora constante, buscando la mejor soluci\u00f3n para su negocio. , luchando por la precisi\u00f3n y la optimizaci\u00f3n en el proceso de pesaje, proporcionando una amplia asistencia t\u00e9cnica, con m\u00e1s de 15 a\u00f1os de experiencia en el sector ferroviario.<\/div><\/div>\n\n<\/div><\/div><\/div><div id=\"tm-column-69e4672ab8fd1\" class=\"wpb_column vc_column_container vc_col-sm-4\"><div class=\"vc_column-inner\"><div class=\"wpb_wrapper\">\n\t<div class=\"wpb_single_image wpb_content_element vc_align_center\">\n\t\t\n\t\t<figure class=\"wpb_wrapper vc_figure\">\n\t\t\t<a href=\"https:\/\/massa.ind.br\/wp-content\/uploads\/2020\/04\/massa-layout-site-exemplo-case_03.png\" target=\"_self\" class=\"vc_single_image-wrapper   vc_box_border_grey\"><img loading=\"lazy\" decoding=\"async\" width=\"478\" height=\"490\" src=\"https:\/\/massa.ind.br\/wp-content\/uploads\/2020\/04\/massa-layout-site-exemplo-case_03.png\" class=\"vc_single_image-img attachment-large\" alt=\"\" srcset=\"https:\/\/massa.ind.br\/wp-content\/uploads\/2020\/04\/massa-layout-site-exemplo-case_03.png 478w, https:\/\/massa.ind.br\/wp-content\/uploads\/2020\/04\/massa-layout-site-exemplo-case_03-293x300.png 293w\" sizes=\"auto, (max-width: 478px) 100vw, 478px\" \/><\/a>\n\t\t<\/figure>\n\t<\/div>\n<\/div><\/div><\/div><\/div><div id=\"tm-row-69e4672ab9325\" class=\"vc_row vc_row-outer vc_row-fluid\"><div id=\"tm-column-69e4672ab93d0\" class=\"wpb_column vc_column_container vc_col-sm-12\"><div class=\"vc_column-inner\"><div class=\"wpb_wrapper\">\n<div class=\"tm-heading vc_custom_1585748225738 left  tm-animation move-right\" id=\"tm-heading-69e4672ab9465\">\n\t<h2 class=\"heading\" style=\"\">\u00bfQu\u00e9 <strong>Balanzas din\u00e1micas de ferrocarril en <\/strong> hay en Caraj\u00e1s?<\/h2><\/div>\n\n<\/div><\/div><\/div><\/div><div id=\"tm-row-69e4672ab9531\" class=\"vc_row vc_row-outer vc_row-fluid\"><div id=\"tm-column-69e4672ab95d3\" class=\"wpb_column vc_column_container vc_col-sm-6\"><div class=\"vc_column-inner\"><div class=\"wpb_wrapper\">\n\t<div class=\"wpb_single_image wpb_content_element vc_align_center\">\n\t\t\n\t\t<figure class=\"wpb_wrapper vc_figure\">\n\t\t\t<a data-rel=\"prettyPhoto[rel-1643-481883220]\" href=\"https:\/\/massa.ind.br\/wp-content\/uploads\/2020\/04\/Captura-de-Tela-2020-04-01-a\u0300s-10.38.52-1024x351.png\" target=\"_self\" class=\"vc_single_image-wrapper   vc_box_border_grey prettyphoto\"><img loading=\"lazy\" decoding=\"async\" width=\"640\" height=\"219\" src=\"https:\/\/massa.ind.br\/wp-content\/uploads\/2020\/04\/Captura-de-Tela-2020-04-01-a\u0300s-10.38.52-1024x351.png\" class=\"vc_single_image-img attachment-large\" alt=\"\" srcset=\"https:\/\/massa.ind.br\/wp-content\/uploads\/2020\/04\/Captura-de-Tela-2020-04-01-a\u0300s-10.38.52-1024x351.png 1024w, https:\/\/massa.ind.br\/wp-content\/uploads\/2020\/04\/Captura-de-Tela-2020-04-01-a\u0300s-10.38.52-300x103.png 300w, https:\/\/massa.ind.br\/wp-content\/uploads\/2020\/04\/Captura-de-Tela-2020-04-01-a\u0300s-10.38.52-768x263.png 768w, https:\/\/massa.ind.br\/wp-content\/uploads\/2020\/04\/Captura-de-Tela-2020-04-01-a\u0300s-10.38.52-1536x527.png 1536w, https:\/\/massa.ind.br\/wp-content\/uploads\/2020\/04\/Captura-de-Tela-2020-04-01-a\u0300s-10.38.52-500x172.png 500w, https:\/\/massa.ind.br\/wp-content\/uploads\/2020\/04\/Captura-de-Tela-2020-04-01-a\u0300s-10.38.52.png 1778w\" sizes=\"auto, (max-width: 640px) 100vw, 640px\" \/><\/a>\n\t\t<\/figure>\n\t<\/div>\n<\/div><\/div><\/div><div id=\"tm-column-69e4672ab997d\" class=\"wpb_column vc_column_container vc_col-sm-6\"><div class=\"vc_column-inner\"><div class=\"wpb_wrapper\">\n\t<div class=\"wpb_single_image wpb_content_element vc_align_center\">\n\t\t\n\t\t<figure class=\"wpb_wrapper vc_figure\">\n\t\t\t<a data-rel=\"prettyPhoto[rel-1643-1122188951]\" href=\"https:\/\/massa.ind.br\/wp-content\/uploads\/2020\/04\/Captura-de-Tela-2020-04-01-a\u0300s-10.38.43-1024x361.png\" target=\"_self\" class=\"vc_single_image-wrapper   vc_box_border_grey prettyphoto\"><img loading=\"lazy\" decoding=\"async\" width=\"640\" height=\"226\" src=\"https:\/\/massa.ind.br\/wp-content\/uploads\/2020\/04\/Captura-de-Tela-2020-04-01-a\u0300s-10.38.43-1024x361.png\" class=\"vc_single_image-img attachment-large\" alt=\"\" srcset=\"https:\/\/massa.ind.br\/wp-content\/uploads\/2020\/04\/Captura-de-Tela-2020-04-01-a\u0300s-10.38.43-1024x361.png 1024w, https:\/\/massa.ind.br\/wp-content\/uploads\/2020\/04\/Captura-de-Tela-2020-04-01-a\u0300s-10.38.43-300x106.png 300w, https:\/\/massa.ind.br\/wp-content\/uploads\/2020\/04\/Captura-de-Tela-2020-04-01-a\u0300s-10.38.43-768x271.png 768w, https:\/\/massa.ind.br\/wp-content\/uploads\/2020\/04\/Captura-de-Tela-2020-04-01-a\u0300s-10.38.43-1536x542.png 1536w, https:\/\/massa.ind.br\/wp-content\/uploads\/2020\/04\/Captura-de-Tela-2020-04-01-a\u0300s-10.38.43-500x176.png 500w, https:\/\/massa.ind.br\/wp-content\/uploads\/2020\/04\/Captura-de-Tela-2020-04-01-a\u0300s-10.38.43.png 1564w\" sizes=\"auto, (max-width: 640px) 100vw, 640px\" \/><\/a>\n\t\t<\/figure>\n\t<\/div>\n<\/div><\/div><\/div><\/div><div id=\"tm-row-69e4672ab9d18\" class=\"vc_row vc_row-outer vc_row-fluid\"><div id=\"tm-column-69e4672ab9de0\" class=\"wpb_column vc_column_container vc_col-sm-6\"><div class=\"vc_column-inner\"><div class=\"wpb_wrapper\"><div class=\"wpb_gallery wpb_content_element vc_clearfix\" ><div class=\"wpb_wrapper\"><div class=\"wpb_gallery_slides wpb_flexslider flexslider_fade flexslider\" data-interval=\"3\" data-flex_fx=\"fade\"><ul class=\"slides\"><li><a class=\"prettyphoto\" href=\"https:\/\/massa.ind.br\/wp-content\/uploads\/2020\/04\/massa-layout-site-exemplo-case_10.png\" data-rel=\"prettyPhoto[rel-1643-3274159473]\"><img loading=\"lazy\" decoding=\"async\" width=\"640\" height=\"240\" src=\"https:\/\/massa.ind.br\/wp-content\/uploads\/2020\/04\/massa-layout-site-exemplo-case_10.png\" class=\"attachment-large\" alt=\"\" srcset=\"https:\/\/massa.ind.br\/wp-content\/uploads\/2020\/04\/massa-layout-site-exemplo-case_10.png 960w, https:\/\/massa.ind.br\/wp-content\/uploads\/2020\/04\/massa-layout-site-exemplo-case_10-300x113.png 300w, https:\/\/massa.ind.br\/wp-content\/uploads\/2020\/04\/massa-layout-site-exemplo-case_10-768x288.png 768w, https:\/\/massa.ind.br\/wp-content\/uploads\/2020\/04\/massa-layout-site-exemplo-case_10-500x188.png 500w\" sizes=\"auto, (max-width: 640px) 100vw, 640px\" \/><\/a><\/li><li><a class=\"prettyphoto\" href=\"https:\/\/massa.ind.br\/wp-content\/uploads\/2020\/04\/Captura-de-Tela-2020-04-20-a\u0300s-14.54.28-1024x764.png\" data-rel=\"prettyPhoto[rel-1643-3274159473]\"><img loading=\"lazy\" decoding=\"async\" width=\"640\" height=\"478\" src=\"https:\/\/massa.ind.br\/wp-content\/uploads\/2020\/04\/Captura-de-Tela-2020-04-20-a\u0300s-14.54.28-1024x764.png\" class=\"attachment-large\" alt=\"\" srcset=\"https:\/\/massa.ind.br\/wp-content\/uploads\/2020\/04\/Captura-de-Tela-2020-04-20-a\u0300s-14.54.28-1024x764.png 1024w, https:\/\/massa.ind.br\/wp-content\/uploads\/2020\/04\/Captura-de-Tela-2020-04-20-a\u0300s-14.54.28-300x224.png 300w, https:\/\/massa.ind.br\/wp-content\/uploads\/2020\/04\/Captura-de-Tela-2020-04-20-a\u0300s-14.54.28-768x573.png 768w, https:\/\/massa.ind.br\/wp-content\/uploads\/2020\/04\/Captura-de-Tela-2020-04-20-a\u0300s-14.54.28-1536x1145.png 1536w, https:\/\/massa.ind.br\/wp-content\/uploads\/2020\/04\/Captura-de-Tela-2020-04-20-a\u0300s-14.54.28-500x373.png 500w, https:\/\/massa.ind.br\/wp-content\/uploads\/2020\/04\/Captura-de-Tela-2020-04-20-a\u0300s-14.54.28.png 2006w\" sizes=\"auto, (max-width: 640px) 100vw, 640px\" \/><\/a><\/li><\/ul><\/div><\/div><\/div><\/div><\/div><\/div><div id=\"tm-column-69e4672aba3d9\" class=\"wpb_column vc_column_container vc_col-sm-6\"><div class=\"vc_column-inner\"><div class=\"wpb_wrapper\"><div class=\"tm-box-icon-wrap style-1\">\n\t<div class=\"tm-box-icon  style-1 secondary-background-color-hover-important secondary-border-color-hover-important tm-animation scale-up\" id=\"tm-heading-69e4672aba4ba\">\n\t\t\t\t<div class=\"content-wrap\">\n\t\t\t\t\t\t\t\t\t\t\t\t<div class=\"icon\">\n\t\t\t\t\t\t<i class=\"cp-17 secondary-color\"><\/i>\n\t\t\t\t\t<\/div>\n\t\t\t\t\t\t\t\t\t\t<div class=\"content\">\n\t\t\t\t\t\t\t\t\t<h4 class=\"heading\">\n\t\t\t\t\t\t\n\t\t\t\t\t\t\tEstructura instalada\n\t\t\t\t\t\t\t\n\t\t\t\t\t<\/h4>\n\t\t\t\t\t\t\t\t\t\t\t\t\t<div class=\"text\">\n\t\t\t\t\t\t8 balanzas, de las cuales: 3 balanzas de tara \/ 3 balanzas brutas \/ 2 balanzas intermedias - Condiciones de trabajo: agresivo - SIMM S-02 (tara y gruesa) y SIMM S-05 (intermedia) con protecci\u00f3n IP68.\t\t\t\t\t<\/div>\n\t\t\t\t\n\t\t\t\t\t\t\t<\/div>\n\t\t<\/div>\n\t<\/div>\n<\/div>\n<\/div><\/div><\/div><\/div><div id=\"tm-row-69e4672aba54d\" class=\"vc_row vc_row-outer vc_row-fluid vc_row-o-content-middle vc_row-flex\"><div id=\"tm-column-69e4672aba608\" class=\"wpb_column vc_column_container vc_col-sm-6\"><div class=\"vc_column-inner\"><div class=\"wpb_wrapper\">\n<div class=\"tm-heading vc_custom_1585749149588 left  tm-animation move-right\" id=\"tm-heading-69e4672aba6c8\">\n\t<h2 class=\"heading\" style=\"\">Carga en silo <strong>semiautom\u00e1tico volum\u00e9trico<\/strong> con TOP-OFF<\/h2><\/div>\n\n\n<div class=\"tm-heading left  tm-animation move-right\" id=\"tm-heading-69e4672aba761\">\n\t<div class=\"heading\" style=\"\">En este modelo, hay un silo de carga principal integrado con un silo de poste secundario. El silo secundario complementa la carga realizada en el silo principal, para optimizar el uso del vag\u00f3n.<\/p>\n<p>En Serra Norte, este modelo de carga se instal\u00f3 en los silos 1 y 2 (agregado a los silos 35 y 36, respectivamente). El silo principal transporta aproximadamente el 90% de la carga dimensionada (peso objetivo) para el tipo de vag\u00f3n colocado (GDT o GDU). Un BFD intermedio determina el peso bruto del vag\u00f3n cargado y lo informa al supervisor de Top-off, quien dimensionar\u00e1 la carga que se complementar\u00e1 en el vag\u00f3n (aproximadamente el 10%). La distribuci\u00f3n de carga en el silo Top-off est\u00e1 guiada por un identificador de perfil, que busca una distribuci\u00f3n longitudinal equilibrada.<\/div><\/div>\n\n<\/div><\/div><\/div><div id=\"tm-column-69e4672aba7e0\" class=\"wpb_column vc_column_container vc_col-sm-6\"><div class=\"vc_column-inner\"><div class=\"wpb_wrapper\">\n\t<div class=\"wpb_raw_code wpb_content_element wpb_raw_html\" >\n\t\t<div class=\"wpb_wrapper\">\n\t\t\t<iframe loading=\"lazy\" width=\"560\" height=\"315\" src=\"https:\/\/www.youtube.com\/embed\/NBslHL2NxTk\" frameborder=\"0\" allow=\"accelerometer; autoplay; encrypted-media; gyroscope; picture-in-picture\" allowfullscreen><\/iframe>\n\t\t<\/div>\n\t<\/div>\n\n<div class=\"tm-heading center highlight-text tm-animation move-right\" id=\"tm-heading-69e4672aba8fc\">\n\t<div class=\"heading\" style=\"\">Extracto del video \"Countdown\" del Discovery Channel.<\/div><\/div>\n\n<\/div><\/div><\/div><\/div>","protected":false},"excerpt":{"rendered":"Case CARAJ\u00c1S O objetivo da MASSA como empresa \u00e9 apresentar a melhor solu\u00e7\u00e3o para o cliente, e que a balan\u00e7a seja um investimento de r\u00e1pido retorno. Nosso produto \u00e9 o \u00fanico que permite manobras sem perda de dados e, algumas empresas est\u00e3o otimizando o carregamento dos vag\u00f5es, utilizando sua capacidade m\u00e1xima. \u00c9 o caso de Caraj\u00e1s, em que entre dois silos foram instaladas 3 balan\u00e7as din\u00e2micas. A primeira pesa a tara do vag\u00e3o, em seguida \u00e9 feito o \u201ccarregamento bruto\u201d no primeiro silo. Nossa empresa se destaca pela inova\u00e7\u00e3o tecnol\u00f3gica e o aperfei\u00e7oamento constante, buscando a melhor solu\u00e7\u00e3o para seu neg\u00f3cio, primando pela precis\u00e3o e a otimiza\u00e7\u00e3o no processo de pesagem, fornecendo ampla assist\u00eancia t\u00e9cnica, com mais de 15 anos de expertise no setor ferrovi\u00e1rio. ENTRE EM CONTATO O Projeto da Massa em Caraj\u00e1s Uma BFD intermedi\u00e1ria, que mostra o peso dos vag\u00f5es em 4 quadrantes \u2013 informa\u00e7\u00e3o que chega para o operador em apenas 9 segundos -, para no segundo silo fazer um carregamento fino final, abastecendo os espa\u00e7os vazios dos vag\u00f5es de forma uniforme, sem ultrapassar a capacidade de seguran\u00e7a. Depois ocorre a pesagem na BFD de bruto para consolida\u00e7\u00e3o do peso l\u00edquido e seu faturamento individual. Al\u00e9m disso as BFDs apresentam a totaliza\u00e7\u00e3o de pesagem da composi\u00e7\u00e3o informando a produtividade por turno operacional. Enfim, ap\u00f3s o carregamento os vag\u00f5es passam pela pesagem final da BFD de bruto e seguem viagem para o porto. Antes desta opera\u00e7\u00e3o cada vag\u00e3o partia com uma m\u00e9dia de 4 tonelada abaixo da capacidade de seguran\u00e7a e com distribui\u00e7\u00e3o desproporcional da carga dentro do vag\u00e3o, o que podia ocasionar descarrilamentos. Com as BFDs instaladas, al\u00e9m da melhoria da seguran\u00e7a da via o valor agregado por vag\u00e3o aumentou. Basta multiplicar as 4 toneladas pelos 4500 vag\u00f5es\/dia e ver como uma boa opera\u00e7\u00e3o e uma balan\u00e7a eficiente s\u00e3o fundamentais para a otimiza\u00e7\u00e3o do processo e dos lucros.Nossa empresa se destaca pela inova\u00e7\u00e3o tecnol\u00f3gica e o aperfei\u00e7oamento constante, buscando a melhor solu\u00e7\u00e3o para seu neg\u00f3cio, primando pela precis\u00e3o e a otimiza\u00e7\u00e3o no processo de pesagem, fornecendo ampla assist\u00eancia t\u00e9cnica, com mais de 15 anos de expertise no setor ferrovi\u00e1rio. Quais Balan\u00e7as Ferrovi\u00e1rias Din\u00e2micas est\u00e3o em Caraj\u00e1s? Estrutura Instalada 8 Balan\u00e7as, sendo: 3 Balan\u00e7as de Tara \/ 3 Balan\u00e7as de Bruto \/ 2 Balan\u00e7as Intermedi\u00e1rias - Condi\u00e7\u00f5es de Trabalho: Agressiva - Balan\u00e7as SIMM S-02 (tara e bruto) e SIMM S-05 (intermedi\u00e1ria) com prote\u00e7\u00e3o IP68. Carregamento em silo de semiautom\u00e1tico volum\u00e9trico com TOP-OFF Neste modelo, h\u00e1 um silo de carregamento principal integrado a um p\u00f3s-silo secund\u00e1rio. O silo secund\u00e1rio complementa o carregamento realizado no silo principal, visando otimizar o aproveitamento do vag\u00e3o. Em Serra Norte, este modelo de carregamento foi instalado nos silos 1 e 2 (agregados aos silos 35 e 36, respectivamente). O silo principal carrega aproximadamente 90% da carga dimensionada (peso alvo) para o tipo de vag\u00e3o posicionado (GDT ou GDU). Uma BFD intermedi\u00e1ria apura o peso bruto do vag\u00e3o carregado e o informa ao supervis\u00f3rio do Top-off, que dimensionar\u00e1 a carga a ser complementada no vag\u00e3o (aproximadamente 10%). A distribui\u00e7\u00e3o da carga no silo Top-off \u00e9 orientada por um identificador de perfil, buscando uma distribui\u00e7\u00e3o longitudinal equilibrada. Trecho do v\u00eddeo do Discovery Channel \u201cContagem Regressiva\u201d.","protected":false},"author":1,"featured_media":0,"parent":1708,"menu_order":0,"comment_status":"closed","ping_status":"closed","template":"","meta":{"footnotes":""},"class_list":["post-1643","page","type-page","status-publish","hentry"],"yoast_head":"<!-- This site is optimized with the Yoast SEO plugin v24.7 - https:\/\/yoast.com\/wordpress\/plugins\/seo\/ -->\n<title>Caraj\u00e1s - Massa - Pesagem e Automa\u00e7\u00e3o Industrial<\/title>\n<meta name=\"robots\" content=\"index, follow, max-snippet:-1, max-image-preview:large, max-video-preview:-1\" \/>\n<link rel=\"canonical\" href=\"https:\/\/massa.ind.br\/es\/cases\/carajas\/\" \/>\n<meta property=\"og:locale\" content=\"es_ES\" \/>\n<meta property=\"og:type\" content=\"article\" \/>\n<meta property=\"og:title\" content=\"Caraj\u00e1s - Massa - Pesagem e Automa\u00e7\u00e3o Industrial\" \/>\n<meta property=\"og:url\" content=\"https:\/\/massa.ind.br\/es\/cases\/carajas\/\" \/>\n<meta property=\"og:site_name\" content=\"Massa - Pesagem e Automa\u00e7\u00e3o Industrial\" \/>\n<meta property=\"article:modified_time\" content=\"2020-04-20T20:02:24+00:00\" \/>\n<meta name=\"twitter:card\" content=\"summary_large_image\" \/>\n<meta name=\"twitter:label1\" content=\"Tiempo de lectura\" \/>\n\t<meta name=\"twitter:data1\" content=\"6 minutos\" \/>\n<script type=\"application\/ld+json\" class=\"yoast-schema-graph\">{\"@context\":\"https:\/\/schema.org\",\"@graph\":[{\"@type\":\"WebPage\",\"@id\":\"https:\/\/massa.ind.br\/es\/cases\/carajas\/\",\"url\":\"https:\/\/massa.ind.br\/es\/cases\/carajas\/\",\"name\":\"Caraj\u00e1s - Massa - Pesagem e Automa\u00e7\u00e3o Industrial\",\"isPartOf\":{\"@id\":\"https:\/\/massa.ind.br\/#website\"},\"datePublished\":\"2020-04-01T13:12:46+00:00\",\"dateModified\":\"2020-04-20T20:02:24+00:00\",\"breadcrumb\":{\"@id\":\"https:\/\/massa.ind.br\/es\/cases\/carajas\/#breadcrumb\"},\"inLanguage\":\"es\",\"potentialAction\":[{\"@type\":\"ReadAction\",\"target\":[\"https:\/\/massa.ind.br\/es\/cases\/carajas\/\"]}]},{\"@type\":\"BreadcrumbList\",\"@id\":\"https:\/\/massa.ind.br\/es\/cases\/carajas\/#breadcrumb\",\"itemListElement\":[{\"@type\":\"ListItem\",\"position\":1,\"name\":\"In\u00edcio\",\"item\":\"https:\/\/massa.ind.br\/\"},{\"@type\":\"ListItem\",\"position\":2,\"name\":\"Cases\",\"item\":\"https:\/\/massa.ind.br\/es\/cases\/\"},{\"@type\":\"ListItem\",\"position\":3,\"name\":\"Caraj\u00e1s\"}]},{\"@type\":\"WebSite\",\"@id\":\"https:\/\/massa.ind.br\/#website\",\"url\":\"https:\/\/massa.ind.br\/\",\"name\":\"Massa - Pesagem e Automa\u00e7\u00e3o Industrial\",\"description\":\"S\u00f3 mais um site WordPress\",\"potentialAction\":[{\"@type\":\"SearchAction\",\"target\":{\"@type\":\"EntryPoint\",\"urlTemplate\":\"https:\/\/massa.ind.br\/?s={search_term_string}\"},\"query-input\":{\"@type\":\"PropertyValueSpecification\",\"valueRequired\":true,\"valueName\":\"search_term_string\"}}],\"inLanguage\":\"es\"}]}<\/script>\n<!-- \/ Yoast SEO plugin. -->","yoast_head_json":{"title":"Caraj\u00e1s - Massa - Pesagem e Automa\u00e7\u00e3o Industrial","robots":{"index":"index","follow":"follow","max-snippet":"max-snippet:-1","max-image-preview":"max-image-preview:large","max-video-preview":"max-video-preview:-1"},"canonical":"https:\/\/massa.ind.br\/es\/cases\/carajas\/","og_locale":"es_ES","og_type":"article","og_title":"Caraj\u00e1s - Massa - Pesagem e Automa\u00e7\u00e3o Industrial","og_url":"https:\/\/massa.ind.br\/es\/cases\/carajas\/","og_site_name":"Massa - Pesagem e Automa\u00e7\u00e3o Industrial","article_modified_time":"2020-04-20T20:02:24+00:00","twitter_card":"summary_large_image","twitter_misc":{"Tiempo de lectura":"6 minutos"},"schema":{"@context":"https:\/\/schema.org","@graph":[{"@type":"WebPage","@id":"https:\/\/massa.ind.br\/es\/cases\/carajas\/","url":"https:\/\/massa.ind.br\/es\/cases\/carajas\/","name":"Caraj\u00e1s - Massa - Pesagem e Automa\u00e7\u00e3o Industrial","isPartOf":{"@id":"https:\/\/massa.ind.br\/#website"},"datePublished":"2020-04-01T13:12:46+00:00","dateModified":"2020-04-20T20:02:24+00:00","breadcrumb":{"@id":"https:\/\/massa.ind.br\/es\/cases\/carajas\/#breadcrumb"},"inLanguage":"es","potentialAction":[{"@type":"ReadAction","target":["https:\/\/massa.ind.br\/es\/cases\/carajas\/"]}]},{"@type":"BreadcrumbList","@id":"https:\/\/massa.ind.br\/es\/cases\/carajas\/#breadcrumb","itemListElement":[{"@type":"ListItem","position":1,"name":"In\u00edcio","item":"https:\/\/massa.ind.br\/"},{"@type":"ListItem","position":2,"name":"Cases","item":"https:\/\/massa.ind.br\/es\/cases\/"},{"@type":"ListItem","position":3,"name":"Caraj\u00e1s"}]},{"@type":"WebSite","@id":"https:\/\/massa.ind.br\/#website","url":"https:\/\/massa.ind.br\/","name":"Massa - Pesagem e Automa\u00e7\u00e3o Industrial","description":"S\u00f3 mais um site WordPress","potentialAction":[{"@type":"SearchAction","target":{"@type":"EntryPoint","urlTemplate":"https:\/\/massa.ind.br\/?s={search_term_string}"},"query-input":{"@type":"PropertyValueSpecification","valueRequired":true,"valueName":"search_term_string"}}],"inLanguage":"es"}]}},"_links":{"self":[{"href":"https:\/\/massa.ind.br\/es\/wp-json\/wp\/v2\/pages\/1643","targetHints":{"allow":["GET"]}}],"collection":[{"href":"https:\/\/massa.ind.br\/es\/wp-json\/wp\/v2\/pages"}],"about":[{"href":"https:\/\/massa.ind.br\/es\/wp-json\/wp\/v2\/types\/page"}],"author":[{"embeddable":true,"href":"https:\/\/massa.ind.br\/es\/wp-json\/wp\/v2\/users\/1"}],"replies":[{"embeddable":true,"href":"https:\/\/massa.ind.br\/es\/wp-json\/wp\/v2\/comments?post=1643"}],"version-history":[{"count":23,"href":"https:\/\/massa.ind.br\/es\/wp-json\/wp\/v2\/pages\/1643\/revisions"}],"predecessor-version":[{"id":2063,"href":"https:\/\/massa.ind.br\/es\/wp-json\/wp\/v2\/pages\/1643\/revisions\/2063"}],"up":[{"embeddable":true,"href":"https:\/\/massa.ind.br\/es\/wp-json\/wp\/v2\/pages\/1708"}],"wp:attachment":[{"href":"https:\/\/massa.ind.br\/es\/wp-json\/wp\/v2\/media?parent=1643"}],"curies":[{"name":"wp","href":"https:\/\/api.w.org\/{rel}","templated":true}]}}