{"id":10,"date":"2017-07-31T03:44:34","date_gmt":"2017-07-31T03:44:34","guid":{"rendered":"https:\/\/massa.ind.br\/about-01\/"},"modified":"2020-04-06T11:27:05","modified_gmt":"2020-04-06T14:27:05","slug":"sobre-nos","status":"publish","type":"page","link":"https:\/\/massa.ind.br\/es\/sobre-nos\/","title":{"rendered":"Sobre N\u00f3s"},"content":{"rendered":"<div id=\"tm-row-69e91179b7a40\" class=\"vc_row vc_row-outer vc_row-fluid vc_row-o-content-middle vc_row-flex\"><div id=\"tm-column-69e91179b7ca9\" class=\"wpb_column vc_column_container vc_col-sm-6\"><div class=\"vc_column-inner\"><div class=\"wpb_wrapper\"><div class=\"wpb_gallery wpb_content_element vc_clearfix\" ><div class=\"wpb_wrapper\"><div class=\"wpb_gallery_slides wpb_flexslider flexslider_fade flexslider\" data-interval=\"3\" data-flex_fx=\"fade\"><ul class=\"slides\"><li><a class=\"prettyphoto\" href=\"https:\/\/massa.ind.br\/wp-content\/uploads\/2020\/03\/FABRICA_IP68_CARAJAS_20171110_152308.jpg\" data-rel=\"prettyPhoto[rel-10-3087441953]\"><img loading=\"lazy\" decoding=\"async\" width=\"640\" height=\"360\" src=\"https:\/\/massa.ind.br\/wp-content\/uploads\/2020\/03\/FABRICA_IP68_CARAJAS_20171110_152308.jpg\" class=\"attachment-large\" alt=\"\" srcset=\"https:\/\/massa.ind.br\/wp-content\/uploads\/2020\/03\/FABRICA_IP68_CARAJAS_20171110_152308.jpg 800w, https:\/\/massa.ind.br\/wp-content\/uploads\/2020\/03\/FABRICA_IP68_CARAJAS_20171110_152308-300x169.jpg 300w, https:\/\/massa.ind.br\/wp-content\/uploads\/2020\/03\/FABRICA_IP68_CARAJAS_20171110_152308-768x432.jpg 768w, https:\/\/massa.ind.br\/wp-content\/uploads\/2020\/03\/FABRICA_IP68_CARAJAS_20171110_152308-500x281.jpg 500w\" sizes=\"auto, (max-width: 640px) 100vw, 640px\" \/><\/a><\/li><li><a class=\"prettyphoto\" href=\"https:\/\/massa.ind.br\/wp-content\/uploads\/2020\/03\/FABRICA_IP68_CARAJAS_20171101_151042.jpg\" data-rel=\"prettyPhoto[rel-10-3087441953]\"><img loading=\"lazy\" decoding=\"async\" width=\"640\" height=\"360\" src=\"https:\/\/massa.ind.br\/wp-content\/uploads\/2020\/03\/FABRICA_IP68_CARAJAS_20171101_151042.jpg\" class=\"attachment-large\" alt=\"\" srcset=\"https:\/\/massa.ind.br\/wp-content\/uploads\/2020\/03\/FABRICA_IP68_CARAJAS_20171101_151042.jpg 800w, https:\/\/massa.ind.br\/wp-content\/uploads\/2020\/03\/FABRICA_IP68_CARAJAS_20171101_151042-300x169.jpg 300w, https:\/\/massa.ind.br\/wp-content\/uploads\/2020\/03\/FABRICA_IP68_CARAJAS_20171101_151042-768x432.jpg 768w, https:\/\/massa.ind.br\/wp-content\/uploads\/2020\/03\/FABRICA_IP68_CARAJAS_20171101_151042-500x281.jpg 500w\" sizes=\"auto, (max-width: 640px) 100vw, 640px\" \/><\/a><\/li><li><a class=\"prettyphoto\" href=\"https:\/\/massa.ind.br\/wp-content\/uploads\/2020\/03\/FABRICA_IP68_CARAJAS_20171110_194058.jpg\" data-rel=\"prettyPhoto[rel-10-3087441953]\"><img loading=\"lazy\" decoding=\"async\" width=\"640\" height=\"360\" src=\"https:\/\/massa.ind.br\/wp-content\/uploads\/2020\/03\/FABRICA_IP68_CARAJAS_20171110_194058.jpg\" class=\"attachment-large\" alt=\"\" srcset=\"https:\/\/massa.ind.br\/wp-content\/uploads\/2020\/03\/FABRICA_IP68_CARAJAS_20171110_194058.jpg 800w, https:\/\/massa.ind.br\/wp-content\/uploads\/2020\/03\/FABRICA_IP68_CARAJAS_20171110_194058-300x169.jpg 300w, https:\/\/massa.ind.br\/wp-content\/uploads\/2020\/03\/FABRICA_IP68_CARAJAS_20171110_194058-768x432.jpg 768w, https:\/\/massa.ind.br\/wp-content\/uploads\/2020\/03\/FABRICA_IP68_CARAJAS_20171110_194058-500x281.jpg 500w\" sizes=\"auto, (max-width: 640px) 100vw, 640px\" \/><\/a><\/li><li><a class=\"prettyphoto\" href=\"https:\/\/massa.ind.br\/wp-content\/uploads\/2020\/03\/FABRICA_IP68_CARAJAS_20171110_201815.jpg\" data-rel=\"prettyPhoto[rel-10-3087441953]\"><img loading=\"lazy\" decoding=\"async\" width=\"640\" height=\"360\" src=\"https:\/\/massa.ind.br\/wp-content\/uploads\/2020\/03\/FABRICA_IP68_CARAJAS_20171110_201815.jpg\" class=\"attachment-large\" alt=\"\" srcset=\"https:\/\/massa.ind.br\/wp-content\/uploads\/2020\/03\/FABRICA_IP68_CARAJAS_20171110_201815.jpg 800w, https:\/\/massa.ind.br\/wp-content\/uploads\/2020\/03\/FABRICA_IP68_CARAJAS_20171110_201815-300x169.jpg 300w, https:\/\/massa.ind.br\/wp-content\/uploads\/2020\/03\/FABRICA_IP68_CARAJAS_20171110_201815-768x432.jpg 768w, https:\/\/massa.ind.br\/wp-content\/uploads\/2020\/03\/FABRICA_IP68_CARAJAS_20171110_201815-500x281.jpg 500w\" sizes=\"auto, (max-width: 640px) 100vw, 640px\" \/><\/a><\/li><li><a class=\"prettyphoto\" href=\"https:\/\/massa.ind.br\/wp-content\/uploads\/2020\/03\/FABRICA_IP68_CARAJAS_IMG-20171107-WA0023.jpg\" data-rel=\"prettyPhoto[rel-10-3087441953]\"><img loading=\"lazy\" decoding=\"async\" width=\"640\" height=\"360\" src=\"https:\/\/massa.ind.br\/wp-content\/uploads\/2020\/03\/FABRICA_IP68_CARAJAS_IMG-20171107-WA0023.jpg\" class=\"attachment-large\" alt=\"\" srcset=\"https:\/\/massa.ind.br\/wp-content\/uploads\/2020\/03\/FABRICA_IP68_CARAJAS_IMG-20171107-WA0023.jpg 800w, https:\/\/massa.ind.br\/wp-content\/uploads\/2020\/03\/FABRICA_IP68_CARAJAS_IMG-20171107-WA0023-300x169.jpg 300w, https:\/\/massa.ind.br\/wp-content\/uploads\/2020\/03\/FABRICA_IP68_CARAJAS_IMG-20171107-WA0023-768x432.jpg 768w, https:\/\/massa.ind.br\/wp-content\/uploads\/2020\/03\/FABRICA_IP68_CARAJAS_IMG-20171107-WA0023-500x281.jpg 500w\" sizes=\"auto, (max-width: 640px) 100vw, 640px\" \/><\/a><\/li><li><a class=\"prettyphoto\" href=\"https:\/\/massa.ind.br\/wp-content\/uploads\/2020\/03\/FABRICA_IP68_CARAJAS_IMG-20171107-WA0031.jpg\" data-rel=\"prettyPhoto[rel-10-3087441953]\"><img loading=\"lazy\" decoding=\"async\" width=\"640\" height=\"360\" src=\"https:\/\/massa.ind.br\/wp-content\/uploads\/2020\/03\/FABRICA_IP68_CARAJAS_IMG-20171107-WA0031.jpg\" class=\"attachment-large\" alt=\"\" srcset=\"https:\/\/massa.ind.br\/wp-content\/uploads\/2020\/03\/FABRICA_IP68_CARAJAS_IMG-20171107-WA0031.jpg 800w, https:\/\/massa.ind.br\/wp-content\/uploads\/2020\/03\/FABRICA_IP68_CARAJAS_IMG-20171107-WA0031-300x169.jpg 300w, https:\/\/massa.ind.br\/wp-content\/uploads\/2020\/03\/FABRICA_IP68_CARAJAS_IMG-20171107-WA0031-768x432.jpg 768w, https:\/\/massa.ind.br\/wp-content\/uploads\/2020\/03\/FABRICA_IP68_CARAJAS_IMG-20171107-WA0031-500x281.jpg 500w\" sizes=\"auto, (max-width: 640px) 100vw, 640px\" \/><\/a><\/li><li><a class=\"prettyphoto\" href=\"https:\/\/massa.ind.br\/wp-content\/uploads\/2020\/03\/FABRICA_IP68_S11D_20180322_152357.jpg\" data-rel=\"prettyPhoto[rel-10-3087441953]\"><img loading=\"lazy\" decoding=\"async\" width=\"600\" height=\"450\" src=\"https:\/\/massa.ind.br\/wp-content\/uploads\/2020\/03\/FABRICA_IP68_S11D_20180322_152357.jpg\" class=\"attachment-large\" alt=\"\" srcset=\"https:\/\/massa.ind.br\/wp-content\/uploads\/2020\/03\/FABRICA_IP68_S11D_20180322_152357.jpg 600w, https:\/\/massa.ind.br\/wp-content\/uploads\/2020\/03\/FABRICA_IP68_S11D_20180322_152357-300x225.jpg 300w, https:\/\/massa.ind.br\/wp-content\/uploads\/2020\/03\/FABRICA_IP68_S11D_20180322_152357-500x375.jpg 500w\" sizes=\"auto, (max-width: 600px) 100vw, 600px\" \/><\/a><\/li><li><a class=\"prettyphoto\" href=\"https:\/\/massa.ind.br\/wp-content\/uploads\/2020\/03\/PeD_IP68_S11D_20180321_153931.jpg\" data-rel=\"prettyPhoto[rel-10-3087441953]\"><img loading=\"lazy\" decoding=\"async\" width=\"600\" height=\"450\" src=\"https:\/\/massa.ind.br\/wp-content\/uploads\/2020\/03\/PeD_IP68_S11D_20180321_153931.jpg\" class=\"attachment-large\" alt=\"\" srcset=\"https:\/\/massa.ind.br\/wp-content\/uploads\/2020\/03\/PeD_IP68_S11D_20180321_153931.jpg 600w, https:\/\/massa.ind.br\/wp-content\/uploads\/2020\/03\/PeD_IP68_S11D_20180321_153931-300x225.jpg 300w, https:\/\/massa.ind.br\/wp-content\/uploads\/2020\/03\/PeD_IP68_S11D_20180321_153931-500x375.jpg 500w\" sizes=\"auto, (max-width: 600px) 100vw, 600px\" \/><\/a><\/li><\/ul><\/div><\/div><\/div><\/div><\/div><\/div><div id=\"tm-column-69e91179b941e\" class=\"wpb_column vc_column_container vc_col-sm-6\"><div class=\"vc_column-inner\"><div class=\"wpb_wrapper\">\n<div class=\"tm-heading vc_custom_1585679581955 left  tm-animation move-right\" id=\"tm-heading-69e91179b9537\">\n\t<h2 class=\"heading\" style=\"\">Sobre <strong>nuestra<\/strong> historia<\/h2><\/div>\n\n\n<div class=\"tm-heading left  tm-animation move-right\" id=\"tm-heading-69e91179b9612\">\n\t<div class=\"heading\" style=\"\">MASSA Weighing and Industrial Automation es el l\u00edder del mercado en el sector Balanza din\u00e1mica ferroviaria  (BFD). Tiene Balanzas din\u00e1mica ferroviaria  en funcionamiento en las terminales de las empresas m\u00e1s grandes de los sectores minero, sider\u00fargico y agroindustrial en Brasil y, desde 2017, tambi\u00e9n en el extranjero.<br \/>\nNuestra empresa se destaca por la innovaci\u00f3n tecnol\u00f3gica y la mejora constante, buscando la mejor soluci\u00f3n para su negocio, luchando por la precisi\u00f3n y la optimizaci\u00f3n en el proceso de pesaje, brindando una amplia asistencia t\u00e9cnica, con m\u00e1s de 15 a\u00f1os de experiencia en el sector ferroviario.<\/div><\/div>\n\n<div class=\"tm-button-wrapper  tm-animation scale-up\" id=\"tm-button-69e91179b96f5\">\n\t\t<a class=\"tm-button style-1 tm-button-nm tm-button-secondary has-shadow\" href=\"https:\/\/massa.ind.br\/es\/contato\/\"\n\t\ttarget=\" _blank\"\t>\n\t\t<span>\n\t\t\t\t\t\tCONT\u00c1CTENOS AHORA\t\t\t\t\t<\/span>\n\t<\/a>\n<\/div>\n<\/div><\/div><\/div><\/div><div id=\"tm-row-69e91179b97b3\" class=\"vc_row vc_row-outer vc_row-fluid\"><div id=\"tm-column-69e91179b9898\" class=\"wpb_column vc_column_container vc_col-sm-4\"><div class=\"vc_column-inner\"><div class=\"wpb_wrapper\"><div class=\"tm-box-icon-wrap style-1\">\n\t<div class=\"tm-box-icon  style-1 secondary-background-color-hover-important secondary-border-color-hover-important tm-animation scale-up\" id=\"tm-heading-69e91179b9990\">\n\t\t\t\t<div class=\"content-wrap\">\n\t\t\t\t\t\t\t\t\t\t\t\t<div class=\"icon\">\n\t\t\t\t\t\t<i class=\"cp-1 secondary-color\"><\/i>\n\t\t\t\t\t<\/div>\n\t\t\t\t\t\t\t\t\t\t<div class=\"content\">\n\t\t\t\t\t\t\t\t\t<h4 class=\"heading\">\n\t\t\t\t\t\t\n\t\t\t\t\t\t\tNuestra misi\u00f3n\n\t\t\t\t\t\t\t\n\t\t\t\t\t<\/h4>\n\t\t\t\t\t\t\t\t\t\t\t\t\t<div class=\"text\">\n\t\t\t\t\t\tDesarrolle, produzca y brinde soluciones de medici\u00f3n innovadoras que ofrezcan integraci\u00f3n, seguridad y confiabilidad para el mercado ferroviario.\t\t\t\t\t<\/div>\n\t\t\t\t\n\t\t\t\t\t\t\t<\/div>\n\t\t<\/div>\n\t<\/div>\n<\/div>\n<\/div><\/div><\/div><div id=\"tm-column-69e91179b9a1f\" class=\"wpb_column vc_column_container vc_col-sm-4\"><div class=\"vc_column-inner\"><div class=\"wpb_wrapper\"><div class=\"tm-box-icon-wrap style-1\">\n\t<div class=\"tm-box-icon  style-1 secondary-background-color-hover-important secondary-border-color-hover-important tm-animation scale-up\" id=\"tm-heading-69e91179b9af7\">\n\t\t\t\t<div class=\"content-wrap\">\n\t\t\t\t\t\t\t\t\t\t\t\t<div class=\"icon\">\n\t\t\t\t\t\t<i class=\"cp-2 secondary-color\"><\/i>\n\t\t\t\t\t<\/div>\n\t\t\t\t\t\t\t\t\t\t<div class=\"content\">\n\t\t\t\t\t\t\t\t\t<h4 class=\"heading\">\n\t\t\t\t\t\t\n\t\t\t\t\t\t\tNuestra vision\n\t\t\t\t\t\t\t\n\t\t\t\t\t<\/h4>\n\t\t\t\t\t\t\t\t\t\t\t\t\t<div class=\"text\">\n\t\t\t\t\t\tPara 2025, convertirse en el l\u00edder en el segmento Balanza din\u00e1mica ferroviaria en el mercado latinoamericano.\t\t\t\t\t<\/div>\n\t\t\t\t\n\t\t\t\t\t\t\t<\/div>\n\t\t<\/div>\n\t<\/div>\n<\/div>\n<\/div><\/div><\/div><div id=\"tm-column-69e91179b9b89\" class=\"wpb_column vc_column_container vc_col-sm-4\"><div class=\"vc_column-inner\"><div class=\"wpb_wrapper\"><div class=\"tm-box-icon-wrap style-1\">\n\t<div class=\"tm-box-icon  style-1 secondary-background-color-hover-important secondary-border-color-hover-important tm-animation scale-up\" id=\"tm-heading-69e91179b9c47\">\n\t\t\t\t<div class=\"content-wrap\">\n\t\t\t\t\t\t\t\t\t\t\t\t<div class=\"icon\">\n\t\t\t\t\t\t<i class=\"cp-3 secondary-color\"><\/i>\n\t\t\t\t\t<\/div>\n\t\t\t\t\t\t\t\t\t\t<div class=\"content\">\n\t\t\t\t\t\t\t\t\t<h4 class=\"heading\">\n\t\t\t\t\t\t\n\t\t\t\t\t\t\tNuestros valores\n\t\t\t\t\t\t\t\n\t\t\t\t\t<\/h4>\n\t\t\t\t\t\t\t\t\t\t\t\t\t<div class=\"text\">\n\t\t\t\t\t\tValorar a nuestros empleados; Respeto y celo por el medio ambiente; Sostenibilidad; Act\u00faa \u00e9ticamente.\t\t\t\t\t<\/div>\n\t\t\t\t\n\t\t\t\t\t\t\t<\/div>\n\t\t<\/div>\n\t<\/div>\n<\/div>\n<\/div><\/div><\/div><\/div><div id=\"tm-row-69e91179b9d00\" class=\"vc_row vc_row-outer vc_row-fluid\"><div id=\"tm-column-69e91179b9dc8\" class=\"wpb_column vc_column_container vc_col-sm-6\"><div class=\"vc_column-inner\"><div class=\"wpb_wrapper\"><div class=\"tm-box-icon-wrap style-1\">\n\t<div class=\"tm-box-icon  style-1 secondary-background-color-hover-important secondary-border-color-hover-important tm-animation scale-up\" id=\"tm-heading-69e91179b9e98\">\n\t\t\t\t<div class=\"content-wrap\">\n\t\t\t\t\t\t\t\t\t\t\t\t<div class=\"icon\">\n\t\t\t\t\t\t<i class=\"cp-5 secondary-color\"><\/i>\n\t\t\t\t\t<\/div>\n\t\t\t\t\t\t\t\t\t\t<div class=\"content\">\n\t\t\t\t\t\t\t\t\t<h4 class=\"heading\">\n\t\t\t\t\t\t\n\t\t\t\t\t\t\tNuestros objetivos\n\t\t\t\t\t\t\t\n\t\t\t\t\t<\/h4>\n\t\t\t\t\t\t\t\t\t\t\t\t\t<div class=\"text\">\n\t\t\t\t\t\tGarantizar la satisfacci\u00f3n del cliente; Optimizar el sistema de gesti\u00f3n de producci\u00f3n; Promover la formaci\u00f3n de nuestros empleados; Fomentar la innovaci\u00f3n a favor del cliente.\t\t\t\t\t<\/div>\n\t\t\t\t\n\t\t\t\t\t\t\t<\/div>\n\t\t<\/div>\n\t<\/div>\n<\/div>\n<\/div><\/div><\/div><div id=\"tm-column-69e91179b9f23\" class=\"wpb_column vc_column_container vc_col-sm-6\"><div class=\"vc_column-inner\"><div class=\"wpb_wrapper\"><div class=\"tm-box-icon-wrap style-1\">\n\t<div class=\"tm-box-icon  style-1 secondary-background-color-hover-important secondary-border-color-hover-important tm-animation scale-up\" id=\"tm-heading-69e91179b9ffd\">\n\t\t\t\t<div class=\"content-wrap\">\n\t\t\t\t\t\t\t\t\t\t\t\t<div class=\"icon\">\n\t\t\t\t\t\t<i class=\"cp-17 secondary-color\"><\/i>\n\t\t\t\t\t<\/div>\n\t\t\t\t\t\t\t\t\t\t<div class=\"content\">\n\t\t\t\t\t\t\t\t\t<h4 class=\"heading\">\n\t\t\t\t\t\t\n\t\t\t\t\t\t\tPolitica de calidad\n\t\t\t\t\t\t\t\n\t\t\t\t\t<\/h4>\n\t\t\t\t\t\t\t\t\t\t\t\t\t<div class=\"text\">\n\t\t\t\t\t\tMASSA se compromete a proporcionar y mantener sistemas de medici\u00f3n innovadores y, para ello, practicamos: cumplir con los requisitos de nuestros clientes; La mejora continua de nuestros procesos; Valorar y capacitar a nuestros empleados y socios.\t\t\t\t\t<\/div>\n\t\t\t\t\n\t\t\t\t\t\t\t<\/div>\n\t\t<\/div>\n\t<\/div>\n<\/div>\n<\/div><\/div><\/div><\/div>","protected":false},"excerpt":{"rendered":"Sobre a nossa hist\u00f3ria A MASSA Pesagem e Automa\u00e7\u00e3o Industrial \u00e9 a empresa l\u00edder de mercado no setor de Balan\u00e7as Ferrovi\u00e1rias Din\u00e2micas (BFD). Possui balan\u00e7as ferrovi\u00e1rias em atividade nos terminais das maiores empresas do setor minerador, sider\u00fargico e do agroneg\u00f3cio no Brasil e, desde 2017, tamb\u00e9m no exterior. Nossa empresa se destaca pela inova\u00e7\u00e3o tecnol\u00f3gica e o aperfei\u00e7oamento constante, buscando a melhor solu\u00e7\u00e3o para seu neg\u00f3cio, primando pela precis\u00e3o e a otimiza\u00e7\u00e3o no processo de pesagem, fornecendo ampla assist\u00eancia t\u00e9cnica, com mais de 15 anos de expertise no setor ferrovi\u00e1rio. ENTRE EM CONTATO Nossa Miss\u00e3o Desenvolver, produzir e fornecer solu\u00e7\u00f5es de medi\u00e7\u00e3o inovadoras que ofere\u00e7am integra\u00e7\u00e3o, seguran\u00e7a e confiabilidade para o mercado ferrovi\u00e1rio. Nossa Vis\u00e3o At\u00e9 2025, tornar-se a empresa l\u00edder no segmento de Balan\u00e7as Ferrovi\u00e1rias Din\u00e2micas no mercado latino-americano. Nossos Valores Valorizar nossos colaboradores; Respeito e zelo pelo meio ambiente; Sustentabilidade; Agir com \u00e9tica. Nossos Objetivos Assegurar a satisfa\u00e7\u00e3o dos clientes; Otimizar o sistema de gest\u00e3o da produ\u00e7\u00e3o; Promover a capacita\u00e7\u00e3o dos nossos colaboradores; Incentivar a inova\u00e7\u00e3o a favor do cliente. Pol\u00edtica de Qualidade A MASSA se compromete em fornecer e manter sistemas de medi\u00e7\u00e3o inovadores e, para isso, praticamos: O atendimento aos requisitos dos nossos clientes; A melhoria cont\u00ednua dos nossos processos; A valoriza\u00e7\u00e3o e a capacita\u00e7\u00e3o dos nossos colaboradores e parceiros.","protected":false},"author":1,"featured_media":0,"parent":0,"menu_order":0,"comment_status":"closed","ping_status":"closed","template":"","meta":{"footnotes":""},"class_list":["post-10","page","type-page","status-publish","hentry"],"yoast_head":"<!-- This site is optimized with the Yoast SEO plugin v24.7 - https:\/\/yoast.com\/wordpress\/plugins\/seo\/ -->\n<title>Sobre N\u00f3s - Massa - Pesagem e Automa\u00e7\u00e3o Industrial<\/title>\n<meta name=\"robots\" content=\"index, follow, max-snippet:-1, max-image-preview:large, max-video-preview:-1\" \/>\n<link rel=\"canonical\" href=\"https:\/\/massa.ind.br\/es\/sobre-nos\/\" \/>\n<meta property=\"og:locale\" content=\"es_ES\" \/>\n<meta property=\"og:type\" content=\"article\" \/>\n<meta property=\"og:title\" content=\"Sobre N\u00f3s - Massa - Pesagem e Automa\u00e7\u00e3o Industrial\" \/>\n<meta property=\"og:url\" content=\"https:\/\/massa.ind.br\/es\/sobre-nos\/\" \/>\n<meta property=\"og:site_name\" content=\"Massa - Pesagem e Automa\u00e7\u00e3o Industrial\" \/>\n<meta property=\"article:modified_time\" content=\"2020-04-06T14:27:05+00:00\" \/>\n<meta name=\"twitter:card\" content=\"summary_large_image\" \/>\n<meta name=\"twitter:label1\" content=\"Tiempo de lectura\" \/>\n\t<meta name=\"twitter:data1\" content=\"4 minutos\" \/>\n<script type=\"application\/ld+json\" class=\"yoast-schema-graph\">{\"@context\":\"https:\/\/schema.org\",\"@graph\":[{\"@type\":\"WebPage\",\"@id\":\"https:\/\/massa.ind.br\/es\/sobre-nos\/\",\"url\":\"https:\/\/massa.ind.br\/es\/sobre-nos\/\",\"name\":\"Sobre N\u00f3s - Massa - Pesagem e Automa\u00e7\u00e3o Industrial\",\"isPartOf\":{\"@id\":\"https:\/\/massa.ind.br\/#website\"},\"datePublished\":\"2017-07-31T03:44:34+00:00\",\"dateModified\":\"2020-04-06T14:27:05+00:00\",\"breadcrumb\":{\"@id\":\"https:\/\/massa.ind.br\/es\/sobre-nos\/#breadcrumb\"},\"inLanguage\":\"es\",\"potentialAction\":[{\"@type\":\"ReadAction\",\"target\":[\"https:\/\/massa.ind.br\/es\/sobre-nos\/\"]}]},{\"@type\":\"BreadcrumbList\",\"@id\":\"https:\/\/massa.ind.br\/es\/sobre-nos\/#breadcrumb\",\"itemListElement\":[{\"@type\":\"ListItem\",\"position\":1,\"name\":\"In\u00edcio\",\"item\":\"https:\/\/massa.ind.br\/\"},{\"@type\":\"ListItem\",\"position\":2,\"name\":\"Sobre N\u00f3s\"}]},{\"@type\":\"WebSite\",\"@id\":\"https:\/\/massa.ind.br\/#website\",\"url\":\"https:\/\/massa.ind.br\/\",\"name\":\"Massa - Pesagem e Automa\u00e7\u00e3o Industrial\",\"description\":\"S\u00f3 mais um site WordPress\",\"potentialAction\":[{\"@type\":\"SearchAction\",\"target\":{\"@type\":\"EntryPoint\",\"urlTemplate\":\"https:\/\/massa.ind.br\/?s={search_term_string}\"},\"query-input\":{\"@type\":\"PropertyValueSpecification\",\"valueRequired\":true,\"valueName\":\"search_term_string\"}}],\"inLanguage\":\"es\"}]}<\/script>\n<!-- \/ Yoast SEO plugin. -->","yoast_head_json":{"title":"Sobre N\u00f3s - Massa - Pesagem e Automa\u00e7\u00e3o Industrial","robots":{"index":"index","follow":"follow","max-snippet":"max-snippet:-1","max-image-preview":"max-image-preview:large","max-video-preview":"max-video-preview:-1"},"canonical":"https:\/\/massa.ind.br\/es\/sobre-nos\/","og_locale":"es_ES","og_type":"article","og_title":"Sobre N\u00f3s - Massa - Pesagem e Automa\u00e7\u00e3o Industrial","og_url":"https:\/\/massa.ind.br\/es\/sobre-nos\/","og_site_name":"Massa - Pesagem e Automa\u00e7\u00e3o Industrial","article_modified_time":"2020-04-06T14:27:05+00:00","twitter_card":"summary_large_image","twitter_misc":{"Tiempo de lectura":"4 minutos"},"schema":{"@context":"https:\/\/schema.org","@graph":[{"@type":"WebPage","@id":"https:\/\/massa.ind.br\/es\/sobre-nos\/","url":"https:\/\/massa.ind.br\/es\/sobre-nos\/","name":"Sobre N\u00f3s - Massa - Pesagem e Automa\u00e7\u00e3o Industrial","isPartOf":{"@id":"https:\/\/massa.ind.br\/#website"},"datePublished":"2017-07-31T03:44:34+00:00","dateModified":"2020-04-06T14:27:05+00:00","breadcrumb":{"@id":"https:\/\/massa.ind.br\/es\/sobre-nos\/#breadcrumb"},"inLanguage":"es","potentialAction":[{"@type":"ReadAction","target":["https:\/\/massa.ind.br\/es\/sobre-nos\/"]}]},{"@type":"BreadcrumbList","@id":"https:\/\/massa.ind.br\/es\/sobre-nos\/#breadcrumb","itemListElement":[{"@type":"ListItem","position":1,"name":"In\u00edcio","item":"https:\/\/massa.ind.br\/"},{"@type":"ListItem","position":2,"name":"Sobre N\u00f3s"}]},{"@type":"WebSite","@id":"https:\/\/massa.ind.br\/#website","url":"https:\/\/massa.ind.br\/","name":"Massa - Pesagem e Automa\u00e7\u00e3o Industrial","description":"S\u00f3 mais um site WordPress","potentialAction":[{"@type":"SearchAction","target":{"@type":"EntryPoint","urlTemplate":"https:\/\/massa.ind.br\/?s={search_term_string}"},"query-input":{"@type":"PropertyValueSpecification","valueRequired":true,"valueName":"search_term_string"}}],"inLanguage":"es"}]}},"_links":{"self":[{"href":"https:\/\/massa.ind.br\/es\/wp-json\/wp\/v2\/pages\/10","targetHints":{"allow":["GET"]}}],"collection":[{"href":"https:\/\/massa.ind.br\/es\/wp-json\/wp\/v2\/pages"}],"about":[{"href":"https:\/\/massa.ind.br\/es\/wp-json\/wp\/v2\/types\/page"}],"author":[{"embeddable":true,"href":"https:\/\/massa.ind.br\/es\/wp-json\/wp\/v2\/users\/1"}],"replies":[{"embeddable":true,"href":"https:\/\/massa.ind.br\/es\/wp-json\/wp\/v2\/comments?post=10"}],"version-history":[{"count":16,"href":"https:\/\/massa.ind.br\/es\/wp-json\/wp\/v2\/pages\/10\/revisions"}],"predecessor-version":[{"id":1807,"href":"https:\/\/massa.ind.br\/es\/wp-json\/wp\/v2\/pages\/10\/revisions\/1807"}],"wp:attachment":[{"href":"https:\/\/massa.ind.br\/es\/wp-json\/wp\/v2\/media?parent=10"}],"curies":[{"name":"wp","href":"https:\/\/api.w.org\/{rel}","templated":true}]}}