{"id":1913,"date":"2020-04-15T08:56:05","date_gmt":"2020-04-15T11:56:05","guid":{"rendered":"https:\/\/massa.ind.br\/?page_id=1913"},"modified":"2020-04-15T12:59:09","modified_gmt":"2020-04-15T15:59:09","slug":"balanca-ferroviaria-estatica","status":"publish","type":"page","link":"https:\/\/massa.ind.br\/en\/balanca-ferroviaria-estatica\/","title":{"rendered":"Static Railroad Scale"},"content":{"rendered":"<div id=\"tm-row-69d7959bd2583\" class=\"vc_row vc_row-outer vc_row-fluid vc_row-o-content-middle vc_row-flex\"><div id=\"tm-column-69d7959bd27e0\" class=\"wpb_column vc_column_container vc_col-sm-6\"><div class=\"vc_column-inner\"><div class=\"wpb_wrapper\">\n\t<div class=\"wpb_single_image wpb_content_element vc_align_center\">\n\t\t\n\t\t<figure class=\"wpb_wrapper vc_figure\">\n\t\t\t<a data-rel=\"prettyPhoto[rel-1913-72015533]\" href=\"https:\/\/massa.ind.br\/wp-content\/uploads\/2020\/04\/Balanc\u0327a-Esta\u0301tica-1024x768.jpg\" target=\"_self\" class=\"vc_single_image-wrapper   vc_box_border_grey prettyphoto\"><img loading=\"lazy\" decoding=\"async\" width=\"640\" height=\"480\" src=\"https:\/\/massa.ind.br\/wp-content\/uploads\/2020\/04\/Balanc\u0327a-Esta\u0301tica-1024x768.jpg\" class=\"vc_single_image-img attachment-large\" alt=\"\" srcset=\"https:\/\/massa.ind.br\/wp-content\/uploads\/2020\/04\/Balanc\u0327a-Esta\u0301tica-1024x768.jpg 1024w, https:\/\/massa.ind.br\/wp-content\/uploads\/2020\/04\/Balanc\u0327a-Esta\u0301tica-300x225.jpg 300w, https:\/\/massa.ind.br\/wp-content\/uploads\/2020\/04\/Balanc\u0327a-Esta\u0301tica-768x576.jpg 768w, https:\/\/massa.ind.br\/wp-content\/uploads\/2020\/04\/Balanc\u0327a-Esta\u0301tica-1536x1152.jpg 1536w, https:\/\/massa.ind.br\/wp-content\/uploads\/2020\/04\/Balanc\u0327a-Esta\u0301tica-500x375.jpg 500w, https:\/\/massa.ind.br\/wp-content\/uploads\/2020\/04\/Balanc\u0327a-Esta\u0301tica.jpg 2048w\" sizes=\"auto, (max-width: 640px) 100vw, 640px\" \/><\/a>\n\t\t<\/figure>\n\t<\/div>\n<\/div><\/div><\/div><div id=\"tm-column-69d7959bd2dc1\" class=\"wpb_column vc_column_container vc_col-sm-6\"><div class=\"vc_column-inner\"><div class=\"wpb_wrapper\">\n<div class=\"tm-heading vc_custom_1586954272598 left  tm-animation move-right\" id=\"tm-heading-69d7959bd2f28\">\n\t<h2 class=\"heading\" style=\"\">Static Railroad Scale <strong>Est\u00e1tica<\/strong><\/h2><\/div>\n\n\n<div class=\"tm-heading vc_custom_1586966346075 left  tm-animation move-right\" id=\"tm-heading-69d7959bd3036\">\n\t<div class=\"heading\" style=\"\">Manufactured under instrumented rail technology, this technology eliminates the need to build a ditch civil work for coupling load cell sensors under transverse I beams. Today Progress Rail uses this technology to weigh railway trucks in its end of production line process. This model of equipment suggests a solution for weighing in car dumpers and \/ or weighing a torpedo car.<\/div><\/div>\n\n<div class=\"tm-button-wrapper  tm-animation scale-up\" id=\"tm-button-69d7959bd313d\">\n\t\t<a class=\"tm-button style-1 tm-button-nm tm-button-secondary has-shadow\" href=\"https:\/\/massa.ind.br\/en\/contato\/\"\n\t\ttarget=\" _blank\"\t>\n\t\t<span>\n\t\t\t\t\t\tCONTACT NOW\t\t\t\t\t<\/span>\n\t<\/a>\n<\/div>\n<\/div><\/div><\/div><\/div><div id=\"tm-row-69d7959bd3231\" class=\"vc_row vc_row-outer vc_row-fluid\"><div id=\"tm-column-69d7959bd3332\" class=\"wpb_column vc_column_container vc_col-sm-4\"><div class=\"vc_column-inner\"><div class=\"wpb_wrapper\"><div class=\"tm-box-icon-wrap style-1\">\n\t<div class=\"tm-box-icon  style-1 secondary-background-color-hover-important secondary-border-color-hover-important tm-animation scale-up\" id=\"tm-heading-69d7959bd347f\">\n\t\t\t\t<div class=\"content-wrap\">\n\t\t\t\t\t\t\t\t\t\t\t\t<div class=\"icon\">\n\t\t\t\t\t\t<i class=\"icon-ecommerce-money secondary-color\"><\/i>\n\t\t\t\t\t<\/div>\n\t\t\t\t\t\t\t\t\t\t<div class=\"content\">\n\t\t\t\t\t\t\t\t\t<h4 class=\"heading\">\n\t\t\t\t\t\t\n\t\t\t\t\t\t\tCost reduction\n\t\t\t\t\t\t\t\n\t\t\t\t\t<\/h4>\n\t\t\t\t\t\t\t\t\t\t\t\t\t<div class=\"text\">\n\t\t\t\t\t\tCost reduction with the installation.\t\t\t\t\t<\/div>\n\t\t\t\t\n\t\t\t\t\t\t\t<\/div>\n\t\t<\/div>\n\t<\/div>\n<\/div>\n<\/div><\/div><\/div><div id=\"tm-column-69d7959bd353f\" class=\"wpb_column vc_column_container vc_col-sm-4\"><div class=\"vc_column-inner\"><div class=\"wpb_wrapper\"><div class=\"tm-box-icon-wrap style-1\">\n\t<div class=\"tm-box-icon  style-1 secondary-background-color-hover-important secondary-border-color-hover-important tm-animation scale-up\" id=\"tm-heading-69d7959bd363b\">\n\t\t\t\t<div class=\"content-wrap\">\n\t\t\t\t\t\t\t\t\t\t\t\t<div class=\"icon\">\n\t\t\t\t\t\t<i class=\"icon-basic-elaboration-todolist-check secondary-color\"><\/i>\n\t\t\t\t\t<\/div>\n\t\t\t\t\t\t\t\t\t\t<div class=\"content\">\n\t\t\t\t\t\t\t\t\t<h4 class=\"heading\">\n\t\t\t\t\t\t\n\t\t\t\t\t\t\tNo moat required\n\t\t\t\t\t\t\t\n\t\t\t\t\t<\/h4>\n\t\t\t\t\t\t\t\t\t\t\t\t\t<div class=\"text\">\n\t\t\t\t\t\tDoes not require construction of ditch civil works\t\t\t\t\t<\/div>\n\t\t\t\t\n\t\t\t\t\t\t\t<\/div>\n\t\t<\/div>\n\t<\/div>\n<\/div>\n<\/div><\/div><\/div><div id=\"tm-column-69d7959bd36e8\" class=\"wpb_column vc_column_container vc_col-sm-4\"><div class=\"vc_column-inner\"><div class=\"wpb_wrapper\"><div class=\"tm-box-icon-wrap style-1\">\n\t<div class=\"tm-box-icon  style-1 secondary-background-color-hover-important secondary-border-color-hover-important tm-animation scale-up\" id=\"tm-heading-69d7959bd37dd\">\n\t\t\t\t<div class=\"content-wrap\">\n\t\t\t\t\t\t\t\t\t\t\t\t<div class=\"icon\">\n\t\t\t\t\t\t<i class=\"icon-basic-exclamation secondary-color\"><\/i>\n\t\t\t\t\t<\/div>\n\t\t\t\t\t\t\t\t\t\t<div class=\"content\">\n\t\t\t\t\t\t\t\t\t<h4 class=\"heading\">\n\t\t\t\t\t\t\n\t\t\t\t\t\t\tWithout pile or support block\n\t\t\t\t\t\t\t\n\t\t\t\t\t<\/h4>\n\t\t\t\t\t\t\t\t\t\t\t\t\t<div class=\"text\">\n\t\t\t\t\t\tIt does not require the construction of piles and support blocks.\t\t\t\t\t<\/div>\n\t\t\t\t\n\t\t\t\t\t\t\t<\/div>\n\t\t<\/div>\n\t<\/div>\n<\/div>\n<\/div><\/div><\/div><\/div><div id=\"tm-row-69d7959bd38b6\" class=\"vc_row vc_row-outer vc_row-fluid vc_row-o-content-middle vc_row-flex\"><div id=\"tm-column-69d7959bd39bf\" class=\"wpb_column vc_column_container vc_col-sm-12\"><div class=\"vc_column-inner\"><div class=\"wpb_wrapper\">\n<div class=\"tm-heading vc_custom_1586965848046 center  tm-animation move-right\" id=\"tm-heading-69d7959bd3aba\">\n\t<h2 class=\"heading\" style=\"\">Static Railway Scale <strong>Other Images<\/strong><\/h2><\/div>\n\n\n<div class=\"tm-heading vc_custom_1586965749331 center  tm-animation move-right\" id=\"tm-heading-69d7959bd3bb9\">\n\t<div class=\"heading\" style=\"\">Other images of static railway scale and technical images of the project<\/div><\/div>\n\n<div class=\"wpb_gallery wpb_content_element vc_clearfix\" ><div class=\"wpb_wrapper\"><div class=\"wpb_gallery_slides wpb_flexslider flexslider_fade flexslider\" data-interval=\"3\" data-flex_fx=\"fade\"><ul class=\"slides\"><li><a class=\"prettyphoto\" href=\"https:\/\/massa.ind.br\/wp-content\/uploads\/2020\/04\/SW-esta\u0301tica.png\" data-rel=\"prettyPhoto[rel-1913-2367308611]\"><img loading=\"lazy\" decoding=\"async\" width=\"640\" height=\"316\" src=\"https:\/\/massa.ind.br\/wp-content\/uploads\/2020\/04\/SW-esta\u0301tica.png\" class=\"attachment-large\" alt=\"\" srcset=\"https:\/\/massa.ind.br\/wp-content\/uploads\/2020\/04\/SW-esta\u0301tica.png 934w, https:\/\/massa.ind.br\/wp-content\/uploads\/2020\/04\/SW-esta\u0301tica-300x148.png 300w, https:\/\/massa.ind.br\/wp-content\/uploads\/2020\/04\/SW-esta\u0301tica-768x379.png 768w, https:\/\/massa.ind.br\/wp-content\/uploads\/2020\/04\/SW-esta\u0301tica-500x247.png 500w\" sizes=\"auto, (max-width: 640px) 100vw, 640px\" \/><\/a><\/li><li><a class=\"prettyphoto\" href=\"https:\/\/massa.ind.br\/wp-content\/uploads\/2020\/04\/Demonstrac\u0327a\u0303o-pesagem-esta\u0301tica-1024x617.jpg\" data-rel=\"prettyPhoto[rel-1913-2367308611]\"><img loading=\"lazy\" decoding=\"async\" width=\"640\" height=\"386\" src=\"https:\/\/massa.ind.br\/wp-content\/uploads\/2020\/04\/Demonstrac\u0327a\u0303o-pesagem-esta\u0301tica-1024x617.jpg\" class=\"attachment-large\" alt=\"\" srcset=\"https:\/\/massa.ind.br\/wp-content\/uploads\/2020\/04\/Demonstrac\u0327a\u0303o-pesagem-esta\u0301tica-1024x617.jpg 1024w, https:\/\/massa.ind.br\/wp-content\/uploads\/2020\/04\/Demonstrac\u0327a\u0303o-pesagem-esta\u0301tica-300x181.jpg 300w, https:\/\/massa.ind.br\/wp-content\/uploads\/2020\/04\/Demonstrac\u0327a\u0303o-pesagem-esta\u0301tica-768x463.jpg 768w, https:\/\/massa.ind.br\/wp-content\/uploads\/2020\/04\/Demonstrac\u0327a\u0303o-pesagem-esta\u0301tica-500x301.jpg 500w, https:\/\/massa.ind.br\/wp-content\/uploads\/2020\/04\/Demonstrac\u0327a\u0303o-pesagem-esta\u0301tica.jpg 1440w\" sizes=\"auto, (max-width: 640px) 100vw, 640px\" \/><\/a><\/li><\/ul><\/div><\/div><\/div><\/div><\/div><\/div><\/div>","protected":false},"excerpt":{"rendered":"Balan\u00e7a Ferrovi\u00e1ria Est\u00e1tica Fabricada sob a tecnologia de trilho instrumentado, essa tecnologia elimina a necessidade de constru\u00e7\u00e3o de obra civil de fosso para acoplamento de sensores de c\u00e9lulas de carga embaixo de vigas I transversais. Hoje a Progress Rail utiliza esta tecnologia para pesagem de truck ferrovi\u00e1rio em seu processo de fim de linha de produ\u00e7\u00e3o. Este modelo de equipamento sugere solu\u00e7\u00e3o para pesagens em viradores de vag\u00f5es e\/ou pesagem de carro-torpedo. ENTRE EM CONTATO Redu\u00e7\u00e3o de Custo Redu\u00e7\u00e3o de custo com a instala\u00e7\u00e3o. N\u00e3o necessita de fosso N\u00e3o requer constru\u00e7\u00e3o de obra civil de fosso. Sem estaca ou bloco de apoio N\u00e3o requer constru\u00e7\u00e3o de estacas e blocos de apoio. Balan\u00e7a Ferrovi\u00e1ria Est\u00e1tica - Outras Imagens Outras imagens de balan\u00e7a ferrovi\u00e1ria est\u00e1tica e imagens t\u00e9cnicas do projeto","protected":false},"author":1,"featured_media":0,"parent":0,"menu_order":0,"comment_status":"closed","ping_status":"closed","template":"","meta":{"footnotes":""},"class_list":["post-1913","page","type-page","status-publish","hentry"],"yoast_head":"<!-- This site is optimized with the Yoast SEO plugin v24.7 - https:\/\/yoast.com\/wordpress\/plugins\/seo\/ -->\n<title>Balan\u00e7a Ferrovi\u00e1ria Est\u00e1tica - Massa - Pesagem e Automa\u00e7\u00e3o Industrial<\/title>\n<meta name=\"robots\" content=\"index, follow, max-snippet:-1, max-image-preview:large, max-video-preview:-1\" \/>\n<link rel=\"canonical\" href=\"https:\/\/massa.ind.br\/en\/balanca-ferroviaria-estatica\/\" \/>\n<meta property=\"og:locale\" content=\"en_US\" \/>\n<meta property=\"og:type\" content=\"article\" \/>\n<meta property=\"og:title\" content=\"Balan\u00e7a Ferrovi\u00e1ria Est\u00e1tica - Massa - Pesagem e Automa\u00e7\u00e3o Industrial\" \/>\n<meta property=\"og:url\" content=\"https:\/\/massa.ind.br\/en\/balanca-ferroviaria-estatica\/\" \/>\n<meta property=\"og:site_name\" content=\"Massa - Pesagem e Automa\u00e7\u00e3o Industrial\" \/>\n<meta property=\"article:modified_time\" content=\"2020-04-15T15:59:09+00:00\" \/>\n<meta name=\"twitter:card\" content=\"summary_large_image\" \/>\n<meta name=\"twitter:label1\" content=\"Est. reading time\" \/>\n\t<meta name=\"twitter:data1\" content=\"3 minutes\" \/>\n<script type=\"application\/ld+json\" class=\"yoast-schema-graph\">{\"@context\":\"https:\/\/schema.org\",\"@graph\":[{\"@type\":\"WebPage\",\"@id\":\"https:\/\/massa.ind.br\/en\/balanca-ferroviaria-estatica\/\",\"url\":\"https:\/\/massa.ind.br\/en\/balanca-ferroviaria-estatica\/\",\"name\":\"Balan\u00e7a Ferrovi\u00e1ria Est\u00e1tica - Massa - Pesagem e Automa\u00e7\u00e3o Industrial\",\"isPartOf\":{\"@id\":\"https:\/\/massa.ind.br\/#website\"},\"datePublished\":\"2020-04-15T11:56:05+00:00\",\"dateModified\":\"2020-04-15T15:59:09+00:00\",\"breadcrumb\":{\"@id\":\"https:\/\/massa.ind.br\/en\/balanca-ferroviaria-estatica\/#breadcrumb\"},\"inLanguage\":\"en-US\",\"potentialAction\":[{\"@type\":\"ReadAction\",\"target\":[\"https:\/\/massa.ind.br\/en\/balanca-ferroviaria-estatica\/\"]}]},{\"@type\":\"BreadcrumbList\",\"@id\":\"https:\/\/massa.ind.br\/en\/balanca-ferroviaria-estatica\/#breadcrumb\",\"itemListElement\":[{\"@type\":\"ListItem\",\"position\":1,\"name\":\"In\u00edcio\",\"item\":\"https:\/\/massa.ind.br\/\"},{\"@type\":\"ListItem\",\"position\":2,\"name\":\"Balan\u00e7a Ferrovi\u00e1ria Est\u00e1tica\"}]},{\"@type\":\"WebSite\",\"@id\":\"https:\/\/massa.ind.br\/#website\",\"url\":\"https:\/\/massa.ind.br\/\",\"name\":\"Massa - Pesagem e Automa\u00e7\u00e3o Industrial\",\"description\":\"S\u00f3 mais um site WordPress\",\"potentialAction\":[{\"@type\":\"SearchAction\",\"target\":{\"@type\":\"EntryPoint\",\"urlTemplate\":\"https:\/\/massa.ind.br\/?s={search_term_string}\"},\"query-input\":{\"@type\":\"PropertyValueSpecification\",\"valueRequired\":true,\"valueName\":\"search_term_string\"}}],\"inLanguage\":\"en-US\"}]}<\/script>\n<!-- \/ Yoast SEO plugin. -->","yoast_head_json":{"title":"Balan\u00e7a Ferrovi\u00e1ria Est\u00e1tica - Massa - Pesagem e Automa\u00e7\u00e3o Industrial","robots":{"index":"index","follow":"follow","max-snippet":"max-snippet:-1","max-image-preview":"max-image-preview:large","max-video-preview":"max-video-preview:-1"},"canonical":"https:\/\/massa.ind.br\/en\/balanca-ferroviaria-estatica\/","og_locale":"en_US","og_type":"article","og_title":"Balan\u00e7a Ferrovi\u00e1ria Est\u00e1tica - Massa - Pesagem e Automa\u00e7\u00e3o Industrial","og_url":"https:\/\/massa.ind.br\/en\/balanca-ferroviaria-estatica\/","og_site_name":"Massa - Pesagem e Automa\u00e7\u00e3o Industrial","article_modified_time":"2020-04-15T15:59:09+00:00","twitter_card":"summary_large_image","twitter_misc":{"Est. reading time":"3 minutes"},"schema":{"@context":"https:\/\/schema.org","@graph":[{"@type":"WebPage","@id":"https:\/\/massa.ind.br\/en\/balanca-ferroviaria-estatica\/","url":"https:\/\/massa.ind.br\/en\/balanca-ferroviaria-estatica\/","name":"Balan\u00e7a Ferrovi\u00e1ria Est\u00e1tica - Massa - Pesagem e Automa\u00e7\u00e3o Industrial","isPartOf":{"@id":"https:\/\/massa.ind.br\/#website"},"datePublished":"2020-04-15T11:56:05+00:00","dateModified":"2020-04-15T15:59:09+00:00","breadcrumb":{"@id":"https:\/\/massa.ind.br\/en\/balanca-ferroviaria-estatica\/#breadcrumb"},"inLanguage":"en-US","potentialAction":[{"@type":"ReadAction","target":["https:\/\/massa.ind.br\/en\/balanca-ferroviaria-estatica\/"]}]},{"@type":"BreadcrumbList","@id":"https:\/\/massa.ind.br\/en\/balanca-ferroviaria-estatica\/#breadcrumb","itemListElement":[{"@type":"ListItem","position":1,"name":"In\u00edcio","item":"https:\/\/massa.ind.br\/"},{"@type":"ListItem","position":2,"name":"Balan\u00e7a Ferrovi\u00e1ria Est\u00e1tica"}]},{"@type":"WebSite","@id":"https:\/\/massa.ind.br\/#website","url":"https:\/\/massa.ind.br\/","name":"Massa - Pesagem e Automa\u00e7\u00e3o Industrial","description":"S\u00f3 mais um site WordPress","potentialAction":[{"@type":"SearchAction","target":{"@type":"EntryPoint","urlTemplate":"https:\/\/massa.ind.br\/?s={search_term_string}"},"query-input":{"@type":"PropertyValueSpecification","valueRequired":true,"valueName":"search_term_string"}}],"inLanguage":"en-US"}]}},"_links":{"self":[{"href":"https:\/\/massa.ind.br\/en\/wp-json\/wp\/v2\/pages\/1913","targetHints":{"allow":["GET"]}}],"collection":[{"href":"https:\/\/massa.ind.br\/en\/wp-json\/wp\/v2\/pages"}],"about":[{"href":"https:\/\/massa.ind.br\/en\/wp-json\/wp\/v2\/types\/page"}],"author":[{"embeddable":true,"href":"https:\/\/massa.ind.br\/en\/wp-json\/wp\/v2\/users\/1"}],"replies":[{"embeddable":true,"href":"https:\/\/massa.ind.br\/en\/wp-json\/wp\/v2\/comments?post=1913"}],"version-history":[{"count":6,"href":"https:\/\/massa.ind.br\/en\/wp-json\/wp\/v2\/pages\/1913\/revisions"}],"predecessor-version":[{"id":1926,"href":"https:\/\/massa.ind.br\/en\/wp-json\/wp\/v2\/pages\/1913\/revisions\/1926"}],"wp:attachment":[{"href":"https:\/\/massa.ind.br\/en\/wp-json\/wp\/v2\/media?parent=1913"}],"curies":[{"name":"wp","href":"https:\/\/api.w.org\/{rel}","templated":true}]}}