{"id":1873,"date":"2020-04-09T10:31:46","date_gmt":"2020-04-09T13:31:46","guid":{"rendered":"https:\/\/massa.ind.br\/?page_id=1873"},"modified":"2020-04-09T14:18:13","modified_gmt":"2020-04-09T17:18:13","slug":"formulario-de-email","status":"publish","type":"page","link":"https:\/\/massa.ind.br\/en\/formulario-de-email\/","title":{"rendered":"Formul\u00e1rio de Email Padr\u00e3o"},"content":{"rendered":"<div id=\"tm-row-69e355f8d04e2\" class=\"vc_row vc_row-outer vc_row-fluid\"><div id=\"tm-column-69e355f8d06f3\" class=\"wpb_column vc_column_container vc_col-sm-12 vc_col-md-offset-2 vc_col-md-8\"><div class=\"vc_column-inner\"><div class=\"wpb_wrapper\">\n<div class=\"tm-heading vc_custom_1585682472663 center  tm-animation move-right\" id=\"tm-heading-69e355f8d07ea\">\n\t<h2 class=\"heading\" style=\"\">Contact us <strong>now<\/strong><\/h2><\/div>\n\n\n<div class=\"tm-heading center  tm-animation move-right\" id=\"tm-heading-69e355f8d088f\">\n\t<p class=\"heading\" style=\"\">Just fill out the form below and we will contact you between today and tomorrow \ud83d\ude09<\/p><\/div>\n\n\n\t<div class=\"wpb_raw_code wpb_content_element wpb_raw_html\" >\n\t\t<div class=\"wpb_wrapper\">\n\t\t\t[mautic type=\"form\" id=\"1\"]\n\t\t<\/div>\n\t<\/div>\n<\/div><\/div><\/div><\/div>","protected":false},"excerpt":{"rendered":"Fale conosco agora mesmo \u00c9 s\u00f3 preencher o formul\u00e1rio abaixo que entraremos em contato com voc\u00ea entre hoje e amanh\u00e3 \ud83d\ude09 [mautic type=\"form\" id=\"1\"]","protected":false},"author":1,"featured_media":0,"parent":0,"menu_order":0,"comment_status":"closed","ping_status":"closed","template":"","meta":{"footnotes":""},"class_list":["post-1873","page","type-page","status-publish","hentry"],"yoast_head":"<!-- This site is optimized with the Yoast SEO plugin v24.7 - https:\/\/yoast.com\/wordpress\/plugins\/seo\/ -->\n<title>Formul\u00e1rio de Email Padr\u00e3o - Massa - Pesagem e Automa\u00e7\u00e3o Industrial<\/title>\n<meta name=\"robots\" content=\"index, follow, max-snippet:-1, max-image-preview:large, max-video-preview:-1\" \/>\n<link rel=\"canonical\" href=\"https:\/\/massa.ind.br\/en\/formulario-de-email\/\" \/>\n<meta property=\"og:locale\" content=\"en_US\" \/>\n<meta property=\"og:type\" content=\"article\" \/>\n<meta property=\"og:title\" content=\"Formul\u00e1rio de Email Padr\u00e3o - Massa - Pesagem e Automa\u00e7\u00e3o Industrial\" \/>\n<meta property=\"og:url\" content=\"https:\/\/massa.ind.br\/en\/formulario-de-email\/\" \/>\n<meta property=\"og:site_name\" content=\"Massa - Pesagem e Automa\u00e7\u00e3o Industrial\" \/>\n<meta property=\"article:modified_time\" content=\"2020-04-09T17:18:13+00:00\" \/>\n<meta name=\"twitter:card\" content=\"summary_large_image\" \/>\n<script type=\"application\/ld+json\" class=\"yoast-schema-graph\">{\"@context\":\"https:\/\/schema.org\",\"@graph\":[{\"@type\":\"WebPage\",\"@id\":\"https:\/\/massa.ind.br\/formulario-de-email\/\",\"url\":\"https:\/\/massa.ind.br\/formulario-de-email\/\",\"name\":\"Formul\u00e1rio de Email Padr\u00e3o - Massa - Pesagem e Automa\u00e7\u00e3o Industrial\",\"isPartOf\":{\"@id\":\"https:\/\/massa.ind.br\/#website\"},\"datePublished\":\"2020-04-09T13:31:46+00:00\",\"dateModified\":\"2020-04-09T17:18:13+00:00\",\"breadcrumb\":{\"@id\":\"https:\/\/massa.ind.br\/formulario-de-email\/#breadcrumb\"},\"inLanguage\":\"en-US\",\"potentialAction\":[{\"@type\":\"ReadAction\",\"target\":[\"https:\/\/massa.ind.br\/formulario-de-email\/\"]}]},{\"@type\":\"BreadcrumbList\",\"@id\":\"https:\/\/massa.ind.br\/formulario-de-email\/#breadcrumb\",\"itemListElement\":[{\"@type\":\"ListItem\",\"position\":1,\"name\":\"In\u00edcio\",\"item\":\"https:\/\/massa.ind.br\/\"},{\"@type\":\"ListItem\",\"position\":2,\"name\":\"Formul\u00e1rio de Email Padr\u00e3o\"}]},{\"@type\":\"WebSite\",\"@id\":\"https:\/\/massa.ind.br\/#website\",\"url\":\"https:\/\/massa.ind.br\/\",\"name\":\"Massa - Pesagem e Automa\u00e7\u00e3o Industrial\",\"description\":\"S\u00f3 mais um site WordPress\",\"potentialAction\":[{\"@type\":\"SearchAction\",\"target\":{\"@type\":\"EntryPoint\",\"urlTemplate\":\"https:\/\/massa.ind.br\/?s={search_term_string}\"},\"query-input\":{\"@type\":\"PropertyValueSpecification\",\"valueRequired\":true,\"valueName\":\"search_term_string\"}}],\"inLanguage\":\"en-US\"}]}<\/script>\n<!-- \/ Yoast SEO plugin. -->","yoast_head_json":{"title":"Formul\u00e1rio de Email Padr\u00e3o - Massa - Pesagem e Automa\u00e7\u00e3o Industrial","robots":{"index":"index","follow":"follow","max-snippet":"max-snippet:-1","max-image-preview":"max-image-preview:large","max-video-preview":"max-video-preview:-1"},"canonical":"https:\/\/massa.ind.br\/en\/formulario-de-email\/","og_locale":"en_US","og_type":"article","og_title":"Formul\u00e1rio de Email Padr\u00e3o - Massa - Pesagem e Automa\u00e7\u00e3o Industrial","og_url":"https:\/\/massa.ind.br\/en\/formulario-de-email\/","og_site_name":"Massa - Pesagem e Automa\u00e7\u00e3o Industrial","article_modified_time":"2020-04-09T17:18:13+00:00","twitter_card":"summary_large_image","schema":{"@context":"https:\/\/schema.org","@graph":[{"@type":"WebPage","@id":"https:\/\/massa.ind.br\/formulario-de-email\/","url":"https:\/\/massa.ind.br\/formulario-de-email\/","name":"Formul\u00e1rio de Email Padr\u00e3o - Massa - Pesagem e Automa\u00e7\u00e3o Industrial","isPartOf":{"@id":"https:\/\/massa.ind.br\/#website"},"datePublished":"2020-04-09T13:31:46+00:00","dateModified":"2020-04-09T17:18:13+00:00","breadcrumb":{"@id":"https:\/\/massa.ind.br\/formulario-de-email\/#breadcrumb"},"inLanguage":"en-US","potentialAction":[{"@type":"ReadAction","target":["https:\/\/massa.ind.br\/formulario-de-email\/"]}]},{"@type":"BreadcrumbList","@id":"https:\/\/massa.ind.br\/formulario-de-email\/#breadcrumb","itemListElement":[{"@type":"ListItem","position":1,"name":"In\u00edcio","item":"https:\/\/massa.ind.br\/"},{"@type":"ListItem","position":2,"name":"Formul\u00e1rio de Email Padr\u00e3o"}]},{"@type":"WebSite","@id":"https:\/\/massa.ind.br\/#website","url":"https:\/\/massa.ind.br\/","name":"Massa - Pesagem e Automa\u00e7\u00e3o Industrial","description":"S\u00f3 mais um site WordPress","potentialAction":[{"@type":"SearchAction","target":{"@type":"EntryPoint","urlTemplate":"https:\/\/massa.ind.br\/?s={search_term_string}"},"query-input":{"@type":"PropertyValueSpecification","valueRequired":true,"valueName":"search_term_string"}}],"inLanguage":"en-US"}]}},"_links":{"self":[{"href":"https:\/\/massa.ind.br\/en\/wp-json\/wp\/v2\/pages\/1873","targetHints":{"allow":["GET"]}}],"collection":[{"href":"https:\/\/massa.ind.br\/en\/wp-json\/wp\/v2\/pages"}],"about":[{"href":"https:\/\/massa.ind.br\/en\/wp-json\/wp\/v2\/types\/page"}],"author":[{"embeddable":true,"href":"https:\/\/massa.ind.br\/en\/wp-json\/wp\/v2\/users\/1"}],"replies":[{"embeddable":true,"href":"https:\/\/massa.ind.br\/en\/wp-json\/wp\/v2\/comments?post=1873"}],"version-history":[{"count":10,"href":"https:\/\/massa.ind.br\/en\/wp-json\/wp\/v2\/pages\/1873\/revisions"}],"predecessor-version":[{"id":1894,"href":"https:\/\/massa.ind.br\/en\/wp-json\/wp\/v2\/pages\/1873\/revisions\/1894"}],"wp:attachment":[{"href":"https:\/\/massa.ind.br\/en\/wp-json\/wp\/v2\/media?parent=1873"}],"curies":[{"name":"wp","href":"https:\/\/api.w.org\/{rel}","templated":true}]}}