{"id":1720,"date":"2020-04-01T14:07:17","date_gmt":"2020-04-01T17:07:17","guid":{"rendered":"https:\/\/massa.ind.br\/?page_id=1720"},"modified":"2020-04-27T13:27:43","modified_gmt":"2020-04-27T16:27:43","slug":"assistencia-tecnica","status":"publish","type":"page","link":"https:\/\/massa.ind.br\/en\/assistencia-tecnica\/","title":{"rendered":"Technical assistance"},"content":{"rendered":"<div id=\"tm-row-69e65f2a9336c\" class=\"vc_row vc_row-outer vc_row-fluid vc_row-o-content-middle vc_row-flex\"><div id=\"tm-column-69e65f2a935aa\" class=\"wpb_column vc_column_container vc_col-sm-6\"><div class=\"vc_column-inner\"><div class=\"wpb_wrapper\">\n\t<div class=\"wpb_single_image wpb_content_element vc_align_center\">\n\t\t\n\t\t<figure class=\"wpb_wrapper vc_figure\">\n\t\t\t<a data-rel=\"prettyPhoto[rel-1720-1830429906]\" href=\"https:\/\/massa.ind.br\/wp-content\/uploads\/2020\/04\/mapa-pt1.jpg\" target=\"_self\" class=\"vc_single_image-wrapper   vc_box_border_grey prettyphoto\"><img loading=\"lazy\" decoding=\"async\" width=\"640\" height=\"683\" src=\"https:\/\/massa.ind.br\/wp-content\/uploads\/2020\/04\/mapa-pt1.jpg\" class=\"vc_single_image-img attachment-large\" alt=\"\" srcset=\"https:\/\/massa.ind.br\/wp-content\/uploads\/2020\/04\/mapa-pt1.jpg 657w, https:\/\/massa.ind.br\/wp-content\/uploads\/2020\/04\/mapa-pt1-281x300.jpg 281w, https:\/\/massa.ind.br\/wp-content\/uploads\/2020\/04\/mapa-pt1-500x533.jpg 500w\" sizes=\"auto, (max-width: 640px) 100vw, 640px\" \/><\/a>\n\t\t<\/figure>\n\t<\/div>\n<\/div><\/div><\/div><div id=\"tm-column-69e65f2a93a6e\" class=\"wpb_column vc_column_container vc_col-sm-6\"><div class=\"vc_column-inner\"><div class=\"wpb_wrapper\">\n<div class=\"tm-heading vc_custom_1588004471391 left  tm-animation move-right\" id=\"tm-heading-69e65f2a93b7b\">\n\t<h2 class=\"heading\" style=\"\">Our <strong>technical assistance<\/strong><\/h2><\/div>\n\n\n<div class=\"tm-heading left  tm-animation move-right\" id=\"tm-heading-69e65f2a93c4d\">\n\t<div class=\"heading\" style=\"\">MASSA's goal is to offer the best weighing solution to the customer. Our technical team is highly qualified to study, together with the client, the specificity of each situation and present the ideal answer to the client's needs.<\/p>\n<p><strong>FIRST LEVEL: AGILITY AND COST REDUCTION<\/strong><br \/>\nThe customer elects its representatives who will be trained and certified to carry out preventive and corrective maintenance of the equipment.<\/p>\n<p><strong>PRACTICALITY<\/strong><br \/>\nRemote assessments of functionalities of the load cell system. The customer allows access by Massa's own team for periodic checks with controlled access.<\/p>\n<p><strong>PRESENTIAL<\/strong><br \/>\nMASSA has technical offices located in strategic regions for fast and low cost service. Technical bases installed in MG, PR PA and MT.<\/p>\n<p><strong>PARTS AND PIECES<\/strong><br \/>\nLow-cost replacement parts compared to conventional products on the market.<\/p>\n<p><strong>UNITS<\/strong><br \/>\nFactory - Pinhais - Pinhais<br \/>\nMatriz \u2013 Belo Horizonte \u2013 MG<br \/>\nRegional Mato Grosso: Rondon\u00f3polis<br \/>\nRegional Esp\u00edrito Santo: Vila Velha<br \/>\nRegionais Par\u00e1: Parauapebas e Cana\u00e3 dos Caraj\u00e1s<\/div><\/div>\n\n<div class=\"tm-button-wrapper  tm-animation scale-up\" id=\"tm-button-69e65f2a93d01\">\n\t\t<a class=\"tm-button style-1 tm-button-nm tm-button-secondary has-shadow\" href=\"https:\/\/massa.ind.br\/en\/contato\/\"\n\t\ttarget=\" _blank\"\t>\n\t\t<span>\n\t\t\t\t\t\tCONTACT NOW\t\t\t\t\t<\/span>\n\t<\/a>\n<\/div>\n<\/div><\/div><\/div><\/div>","protected":false},"excerpt":{"rendered":"Nossa assist\u00eancia t\u00e9cnica O objetivo da MASSA \u00e9 oferecer a melhor solu\u00e7\u00e3o de pesagem ao cliente. Nossa equipe t\u00e9cnica \u00e9 altamente qualificada para estudar, junto com o cliente, a especificidade de cada situa\u00e7\u00e3o e apresentar a resposta ideal \u00e0s necessidades do cliente. PRIMEIRO N\u00cdVEL: AGILIDADE E REDU\u00c7\u00c3O DE CUSTOS O cliente elege seus representantes que ser\u00e3o treinados e certificados para realizar as manuten\u00e7\u00f5es preventivas e corretivas do equipamento. PRATICIDADE Avalia\u00e7\u00f5es remotas de funcionalidades do sistema de c\u00e9lulas de cargas. O cliente permite o acesso de equipe pr\u00f3pria da Massa para verifica\u00e7\u00f5es peri\u00f3dicas com acesso controlado. PRESENCIAL A Massa conta com escrit\u00f3rios t\u00e9cnicos instalados em regi\u00f5es estrat\u00e9gicas para atendimento r\u00e1pido e de baixo custo. Bases t\u00e9cnicas instaladas em MG, PR PA e MT. PARTES E PE\u00c7AS Pe\u00e7as de baixo custo de substitui\u00e7\u00e3o em compara\u00e7\u00e3o aos produtos convencionais existentes no mercado. UNIDADES F\u00e1brica \u2013 Pinhais \u2013 Pinhais Matriz \u2013 Belo Horizonte \u2013 MG Regional Mato Grosso: Rondon\u00f3polis Regional Esp\u00edrito Santo: Vila Velha Regionais Par\u00e1: Parauapebas e Cana\u00e3 dos Caraj\u00e1s ENTRE EM CONTATO","protected":false},"author":1,"featured_media":0,"parent":0,"menu_order":0,"comment_status":"closed","ping_status":"closed","template":"","meta":{"footnotes":""},"class_list":["post-1720","page","type-page","status-publish","hentry"],"yoast_head":"<!-- This site is optimized with the Yoast SEO plugin v24.7 - https:\/\/yoast.com\/wordpress\/plugins\/seo\/ -->\n<title>Assist\u00eancia T\u00e9cnica - Massa - Pesagem e Automa\u00e7\u00e3o Industrial<\/title>\n<meta name=\"robots\" content=\"index, follow, max-snippet:-1, max-image-preview:large, max-video-preview:-1\" \/>\n<link rel=\"canonical\" href=\"https:\/\/massa.ind.br\/en\/assistencia-tecnica\/\" \/>\n<meta property=\"og:locale\" content=\"en_US\" \/>\n<meta property=\"og:type\" content=\"article\" \/>\n<meta property=\"og:title\" content=\"Assist\u00eancia T\u00e9cnica - Massa - Pesagem e Automa\u00e7\u00e3o Industrial\" \/>\n<meta property=\"og:url\" content=\"https:\/\/massa.ind.br\/en\/assistencia-tecnica\/\" \/>\n<meta property=\"og:site_name\" content=\"Massa - Pesagem e Automa\u00e7\u00e3o Industrial\" \/>\n<meta property=\"article:modified_time\" content=\"2020-04-27T16:27:43+00:00\" \/>\n<meta name=\"twitter:card\" content=\"summary_large_image\" \/>\n<meta name=\"twitter:label1\" content=\"Est. reading time\" \/>\n\t<meta name=\"twitter:data1\" content=\"2 minutes\" \/>\n<script type=\"application\/ld+json\" class=\"yoast-schema-graph\">{\"@context\":\"https:\/\/schema.org\",\"@graph\":[{\"@type\":\"WebPage\",\"@id\":\"https:\/\/massa.ind.br\/en\/assistencia-tecnica\/\",\"url\":\"https:\/\/massa.ind.br\/en\/assistencia-tecnica\/\",\"name\":\"Assist\u00eancia T\u00e9cnica - Massa - Pesagem e Automa\u00e7\u00e3o Industrial\",\"isPartOf\":{\"@id\":\"https:\/\/massa.ind.br\/#website\"},\"datePublished\":\"2020-04-01T17:07:17+00:00\",\"dateModified\":\"2020-04-27T16:27:43+00:00\",\"breadcrumb\":{\"@id\":\"https:\/\/massa.ind.br\/en\/assistencia-tecnica\/#breadcrumb\"},\"inLanguage\":\"en-US\",\"potentialAction\":[{\"@type\":\"ReadAction\",\"target\":[\"https:\/\/massa.ind.br\/en\/assistencia-tecnica\/\"]}]},{\"@type\":\"BreadcrumbList\",\"@id\":\"https:\/\/massa.ind.br\/en\/assistencia-tecnica\/#breadcrumb\",\"itemListElement\":[{\"@type\":\"ListItem\",\"position\":1,\"name\":\"In\u00edcio\",\"item\":\"https:\/\/massa.ind.br\/\"},{\"@type\":\"ListItem\",\"position\":2,\"name\":\"Assist\u00eancia T\u00e9cnica\"}]},{\"@type\":\"WebSite\",\"@id\":\"https:\/\/massa.ind.br\/#website\",\"url\":\"https:\/\/massa.ind.br\/\",\"name\":\"Massa - Pesagem e Automa\u00e7\u00e3o Industrial\",\"description\":\"S\u00f3 mais um site WordPress\",\"potentialAction\":[{\"@type\":\"SearchAction\",\"target\":{\"@type\":\"EntryPoint\",\"urlTemplate\":\"https:\/\/massa.ind.br\/?s={search_term_string}\"},\"query-input\":{\"@type\":\"PropertyValueSpecification\",\"valueRequired\":true,\"valueName\":\"search_term_string\"}}],\"inLanguage\":\"en-US\"}]}<\/script>\n<!-- \/ Yoast SEO plugin. -->","yoast_head_json":{"title":"Assist\u00eancia T\u00e9cnica - Massa - Pesagem e Automa\u00e7\u00e3o Industrial","robots":{"index":"index","follow":"follow","max-snippet":"max-snippet:-1","max-image-preview":"max-image-preview:large","max-video-preview":"max-video-preview:-1"},"canonical":"https:\/\/massa.ind.br\/en\/assistencia-tecnica\/","og_locale":"en_US","og_type":"article","og_title":"Assist\u00eancia T\u00e9cnica - Massa - Pesagem e Automa\u00e7\u00e3o Industrial","og_url":"https:\/\/massa.ind.br\/en\/assistencia-tecnica\/","og_site_name":"Massa - Pesagem e Automa\u00e7\u00e3o Industrial","article_modified_time":"2020-04-27T16:27:43+00:00","twitter_card":"summary_large_image","twitter_misc":{"Est. reading time":"2 minutes"},"schema":{"@context":"https:\/\/schema.org","@graph":[{"@type":"WebPage","@id":"https:\/\/massa.ind.br\/en\/assistencia-tecnica\/","url":"https:\/\/massa.ind.br\/en\/assistencia-tecnica\/","name":"Assist\u00eancia T\u00e9cnica - Massa - Pesagem e Automa\u00e7\u00e3o Industrial","isPartOf":{"@id":"https:\/\/massa.ind.br\/#website"},"datePublished":"2020-04-01T17:07:17+00:00","dateModified":"2020-04-27T16:27:43+00:00","breadcrumb":{"@id":"https:\/\/massa.ind.br\/en\/assistencia-tecnica\/#breadcrumb"},"inLanguage":"en-US","potentialAction":[{"@type":"ReadAction","target":["https:\/\/massa.ind.br\/en\/assistencia-tecnica\/"]}]},{"@type":"BreadcrumbList","@id":"https:\/\/massa.ind.br\/en\/assistencia-tecnica\/#breadcrumb","itemListElement":[{"@type":"ListItem","position":1,"name":"In\u00edcio","item":"https:\/\/massa.ind.br\/"},{"@type":"ListItem","position":2,"name":"Assist\u00eancia T\u00e9cnica"}]},{"@type":"WebSite","@id":"https:\/\/massa.ind.br\/#website","url":"https:\/\/massa.ind.br\/","name":"Massa - Pesagem e Automa\u00e7\u00e3o Industrial","description":"S\u00f3 mais um site WordPress","potentialAction":[{"@type":"SearchAction","target":{"@type":"EntryPoint","urlTemplate":"https:\/\/massa.ind.br\/?s={search_term_string}"},"query-input":{"@type":"PropertyValueSpecification","valueRequired":true,"valueName":"search_term_string"}}],"inLanguage":"en-US"}]}},"_links":{"self":[{"href":"https:\/\/massa.ind.br\/en\/wp-json\/wp\/v2\/pages\/1720","targetHints":{"allow":["GET"]}}],"collection":[{"href":"https:\/\/massa.ind.br\/en\/wp-json\/wp\/v2\/pages"}],"about":[{"href":"https:\/\/massa.ind.br\/en\/wp-json\/wp\/v2\/types\/page"}],"author":[{"embeddable":true,"href":"https:\/\/massa.ind.br\/en\/wp-json\/wp\/v2\/users\/1"}],"replies":[{"embeddable":true,"href":"https:\/\/massa.ind.br\/en\/wp-json\/wp\/v2\/comments?post=1720"}],"version-history":[{"count":11,"href":"https:\/\/massa.ind.br\/en\/wp-json\/wp\/v2\/pages\/1720\/revisions"}],"predecessor-version":[{"id":2276,"href":"https:\/\/massa.ind.br\/en\/wp-json\/wp\/v2\/pages\/1720\/revisions\/2276"}],"wp:attachment":[{"href":"https:\/\/massa.ind.br\/en\/wp-json\/wp\/v2\/media?parent=1720"}],"curies":[{"name":"wp","href":"https:\/\/api.w.org\/{rel}","templated":true}]}}