{"id":1699,"date":"2020-04-01T12:16:47","date_gmt":"2020-04-01T15:16:47","guid":{"rendered":"https:\/\/massa.ind.br\/?page_id=1699"},"modified":"2020-04-06T09:44:40","modified_gmt":"2020-04-06T12:44:40","slug":"mineracao","status":"publish","type":"page","link":"https:\/\/massa.ind.br\/en\/solucoes\/mineracao\/","title":{"rendered":"Mining"},"content":{"rendered":"<div id=\"tm-row-69df4d6c00f27\" class=\"vc_row vc_row-outer vc_row-fluid vc_row-o-content-middle vc_row-flex\"><div id=\"tm-column-69df4d6c0119e\" class=\"wpb_column vc_column_container vc_col-sm-6\"><div class=\"vc_column-inner\"><div class=\"wpb_wrapper\">\n\t<div class=\"wpb_single_image wpb_content_element vc_align_center\">\n\t\t\n\t\t<figure class=\"wpb_wrapper vc_figure\">\n\t\t\t<a data-rel=\"prettyPhoto[rel-1699-1068239928]\" href=\"https:\/\/massa.ind.br\/wp-content\/uploads\/2020\/04\/mapa-mineracao-1024x1024.jpg\" target=\"_self\" class=\"vc_single_image-wrapper   vc_box_border_grey prettyphoto\"><img loading=\"lazy\" decoding=\"async\" width=\"640\" height=\"640\" src=\"https:\/\/massa.ind.br\/wp-content\/uploads\/2020\/04\/mapa-mineracao-1024x1024.jpg\" class=\"vc_single_image-img attachment-large\" alt=\"\" srcset=\"https:\/\/massa.ind.br\/wp-content\/uploads\/2020\/04\/mapa-mineracao-1024x1024.jpg 1024w, https:\/\/massa.ind.br\/wp-content\/uploads\/2020\/04\/mapa-mineracao-300x300.jpg 300w, https:\/\/massa.ind.br\/wp-content\/uploads\/2020\/04\/mapa-mineracao-150x150.jpg 150w, https:\/\/massa.ind.br\/wp-content\/uploads\/2020\/04\/mapa-mineracao-768x768.jpg 768w, https:\/\/massa.ind.br\/wp-content\/uploads\/2020\/04\/mapa-mineracao-600x600.jpg 600w, https:\/\/massa.ind.br\/wp-content\/uploads\/2020\/04\/mapa-mineracao-500x500.jpg 500w, https:\/\/massa.ind.br\/wp-content\/uploads\/2020\/04\/mapa-mineracao-480x480.jpg 480w, https:\/\/massa.ind.br\/wp-content\/uploads\/2020\/04\/mapa-mineracao-960x960.jpg 960w, https:\/\/massa.ind.br\/wp-content\/uploads\/2020\/04\/mapa-mineracao.jpg 1040w\" sizes=\"auto, (max-width: 640px) 100vw, 640px\" \/><\/a>\n\t\t<\/figure>\n\t<\/div>\n<\/div><\/div><\/div><div id=\"tm-column-69df4d6c017c4\" class=\"wpb_column vc_column_container vc_col-sm-6\"><div class=\"vc_column-inner\"><div class=\"wpb_wrapper\">\n<div class=\"tm-heading vc_custom_1585754508422 left  tm-animation move-right\" id=\"tm-heading-69df4d6c019a4\">\n\t<h2 class=\"heading\" style=\"\">MASSA's Projects in <strong>Mining<\/strong><\/h2><\/div>\n\n\n<div class=\"tm-heading vc_custom_1585754627980 left  tm-animation move-right\" id=\"tm-heading-69df4d6c01ac1\">\n\t<div class=\"heading\" style=\"\">Currently, more than 72% of Brazilian ore production is transported by rail. In 2018, more than 275 million RTK (Tons per Kilometer Useful) were transported through the 26 thousand kilometers of the national railway network. Production on this scale cannot give up speed and precision. Daily, the MASSA In Motion Rail Scale carry out over 48,000 weighings in motion for mining companies, controlling the loading and identifying overload, under-utilization and load distribution of the wagons.<\/div><\/div>\n\n<div class=\"tm-button-wrapper  tm-animation scale-up\" id=\"tm-button-69df4d6c01bb8\">\n\t\t<a class=\"tm-button style-1 tm-button-nm tm-button-secondary has-shadow\" href=\"https:\/\/massa.ind.br\/en\/contato\/\"\n\t\ttarget=\" _blank\"\t>\n\t\t<span>\n\t\t\t\t\t\tCONTACT NOW\t\t\t\t\t<\/span>\n\t<\/a>\n<\/div>\n<\/div><\/div><\/div><\/div><div id=\"tm-row-69df4d6c01c99\" class=\"vc_row vc_row-outer vc_row-fluid vc_row-o-content-middle vc_row-flex\"><div id=\"tm-column-69df4d6c01d91\" class=\"wpb_column vc_column_container vc_col-sm-12\"><div class=\"vc_column-inner\"><div class=\"wpb_wrapper\">\n<div class=\"tm-heading vc_custom_1585754579253 center  tm-animation move-right\" id=\"tm-heading-69df4d6c01e8f\">\n\t<h2 class=\"heading\" style=\"\">Get to know the MASSA Cases in <strong>Cases da Massa<\/strong> Mining<\/h2><\/div>\n\n<\/div><\/div><\/div><\/div><div id=\"tm-row-69df4d6c01f85\" class=\"vc_row vc_row-outer vc_row-fluid vc_row-o-content-middle vc_row-flex\"><div id=\"tm-column-69df4d6c02072\" class=\"wpb_column vc_column_container vc_col-sm-4\"><div class=\"vc_column-inner\"><div class=\"wpb_wrapper\"><\/div><\/div><\/div><div id=\"tm-column-69df4d6c02100\" class=\"wpb_column vc_column_container vc_col-sm-4\"><div class=\"vc_column-inner\"><div class=\"wpb_wrapper\"><div class=\"vc-hoverbox-wrapper  vc_custom_1586043805058 vc-hoverbox-shape--rounded vc-hoverbox-align--center vc-hoverbox-direction--default vc-hoverbox-width--100\"  ontouchstart=\"\">\n  <div class=\"vc-hoverbox\">\n    <div class=\"vc-hoverbox-inner\">\n      <div class=\"vc-hoverbox-block vc-hoverbox-front\" style=\"background-image: url(https:\/\/massa.ind.br\/wp-content\/uploads\/2020\/03\/Carajas.png);\">\n        <div class=\"vc-hoverbox-block-inner vc-hoverbox-front-inner\">\n            <h2 style=\"color: #ffffff;text-align: center;font-family:Open Sans;font-weight:300;font-style:normal\" class=\"vc_custom_heading\" >Caraj\u00e1s<\/h2>\n        <\/div>\n      <\/div>\n      <div class=\"vc-hoverbox-block vc-hoverbox-back\" style=\"background-color: #f2f2f2;\">\n        <div class=\"vc-hoverbox-block-inner vc-hoverbox-back-inner\">\n            <h2 style=\"text-align:center\">Caraj\u00e1s<\/h2>\n            <p>Our product is the only one that allows maneuvers without data loss and are installed as in Caraj\u00e1s\u2026<\/p>\n\n            <div class=\"vc_btn3-container vc_btn3-inline\" ><a class=\"vc_general vc_btn3 vc_btn3-size-md vc_btn3-shape-rounded vc_btn3-style-modern vc_btn3-color-warning\" href=\"https:\/\/massa.ind.br\/en\/cases\/carajas\/\" title=\"Caraj\u00e1s\">KNOW MORE<\/a><\/div>\n        <\/div>\n      <\/div>\n    <\/div>\n  <\/div>\n<\/div><\/div><\/div><\/div><div id=\"tm-column-69df4d6c02bcd\" class=\"wpb_column vc_column_container vc_col-sm-4\"><div class=\"vc_column-inner\"><div class=\"wpb_wrapper\"><\/div><\/div><\/div><\/div>","protected":false},"excerpt":{"rendered":"Projetos da Massa na Minera\u00e7\u00e3o Atualmente mais de 72% da produ\u00e7\u00e3o de min\u00e9rio brasileiro \u00e9 escoada por ferrovias. Em 2018 foram transportados mais de 275 milh\u00f5es de TKU (Toneladas por Quil\u00f4metro \u00datil) atrav\u00e9s dos 26 mil quil\u00f4metros da malha ferrovi\u00e1ria nacional. Uma produ\u00e7\u00e3o nesta escala n\u00e3o pode abrir m\u00e3o de velocidade e precis\u00e3o. Diariamente as balan\u00e7as Ferrovi\u00e1rias Din\u00e2micas MASSA fazem mais de 48.000 pesagens em movimento para mineradoras, controlando o carregamento e identificando sobrecarga, sub-utiliza\u00e7\u00e3o e distribui\u00e7\u00e3o da carga dos vag\u00f5es. ENTRE EM CONTATO Conhe\u00e7a os Cases da Massa na Minera\u00e7\u00e3o Caraj\u00e1s Caraj\u00e1s Nosso produto \u00e9 o \u00fanico que permite manobras sem perda de dados e est\u00e3o instaladas como em Caraj\u00e1s... Saiba Mais","protected":false},"author":1,"featured_media":1534,"parent":44,"menu_order":0,"comment_status":"closed","ping_status":"closed","template":"","meta":{"footnotes":""},"class_list":["post-1699","page","type-page","status-publish","has-post-thumbnail","hentry"],"yoast_head":"<!-- This site is optimized with the Yoast SEO plugin v24.7 - https:\/\/yoast.com\/wordpress\/plugins\/seo\/ -->\n<title>Minera\u00e7\u00e3o - Massa - Pesagem e Automa\u00e7\u00e3o Industrial<\/title>\n<meta name=\"robots\" content=\"index, follow, max-snippet:-1, max-image-preview:large, max-video-preview:-1\" \/>\n<link rel=\"canonical\" href=\"https:\/\/massa.ind.br\/en\/solucoes\/mineracao\/\" \/>\n<meta property=\"og:locale\" content=\"en_US\" \/>\n<meta property=\"og:type\" content=\"article\" \/>\n<meta property=\"og:title\" content=\"Minera\u00e7\u00e3o - Massa - Pesagem e Automa\u00e7\u00e3o Industrial\" \/>\n<meta property=\"og:url\" content=\"https:\/\/massa.ind.br\/en\/solucoes\/mineracao\/\" \/>\n<meta property=\"og:site_name\" content=\"Massa - Pesagem e Automa\u00e7\u00e3o Industrial\" \/>\n<meta property=\"article:modified_time\" content=\"2020-04-06T12:44:40+00:00\" \/>\n<meta property=\"og:image\" content=\"https:\/\/massa.ind.br\/wp-content\/uploads\/2017\/09\/Kalgoorlie_open_cast_mine.jpg\" \/>\n\t<meta property=\"og:image:width\" content=\"768\" \/>\n\t<meta property=\"og:image:height\" content=\"512\" \/>\n\t<meta property=\"og:image:type\" content=\"image\/jpeg\" \/>\n<meta name=\"twitter:card\" content=\"summary_large_image\" \/>\n<meta name=\"twitter:label1\" content=\"Est. reading time\" \/>\n\t<meta name=\"twitter:data1\" content=\"2 minutes\" \/>\n<script type=\"application\/ld+json\" class=\"yoast-schema-graph\">{\"@context\":\"https:\/\/schema.org\",\"@graph\":[{\"@type\":\"WebPage\",\"@id\":\"https:\/\/massa.ind.br\/es\/solucoes\/mineracao\/\",\"url\":\"https:\/\/massa.ind.br\/es\/solucoes\/mineracao\/\",\"name\":\"Minera\u00e7\u00e3o - Massa - Pesagem e Automa\u00e7\u00e3o Industrial\",\"isPartOf\":{\"@id\":\"https:\/\/massa.ind.br\/#website\"},\"primaryImageOfPage\":{\"@id\":\"https:\/\/massa.ind.br\/es\/solucoes\/mineracao\/#primaryimage\"},\"image\":{\"@id\":\"https:\/\/massa.ind.br\/es\/solucoes\/mineracao\/#primaryimage\"},\"thumbnailUrl\":\"https:\/\/massa.ind.br\/wp-content\/uploads\/2017\/09\/Kalgoorlie_open_cast_mine.jpg\",\"datePublished\":\"2020-04-01T15:16:47+00:00\",\"dateModified\":\"2020-04-06T12:44:40+00:00\",\"breadcrumb\":{\"@id\":\"https:\/\/massa.ind.br\/es\/solucoes\/mineracao\/#breadcrumb\"},\"inLanguage\":\"en-US\",\"potentialAction\":[{\"@type\":\"ReadAction\",\"target\":[\"https:\/\/massa.ind.br\/es\/solucoes\/mineracao\/\"]}]},{\"@type\":\"ImageObject\",\"inLanguage\":\"en-US\",\"@id\":\"https:\/\/massa.ind.br\/es\/solucoes\/mineracao\/#primaryimage\",\"url\":\"https:\/\/massa.ind.br\/wp-content\/uploads\/2017\/09\/Kalgoorlie_open_cast_mine.jpg\",\"contentUrl\":\"https:\/\/massa.ind.br\/wp-content\/uploads\/2017\/09\/Kalgoorlie_open_cast_mine.jpg\",\"width\":768,\"height\":512},{\"@type\":\"BreadcrumbList\",\"@id\":\"https:\/\/massa.ind.br\/es\/solucoes\/mineracao\/#breadcrumb\",\"itemListElement\":[{\"@type\":\"ListItem\",\"position\":1,\"name\":\"In\u00edcio\",\"item\":\"https:\/\/massa.ind.br\/\"},{\"@type\":\"ListItem\",\"position\":2,\"name\":\"Solu\u00e7\u00f5es\",\"item\":\"https:\/\/massa.ind.br\/es\/solucoes\/\"},{\"@type\":\"ListItem\",\"position\":3,\"name\":\"Minera\u00e7\u00e3o\"}]},{\"@type\":\"WebSite\",\"@id\":\"https:\/\/massa.ind.br\/#website\",\"url\":\"https:\/\/massa.ind.br\/\",\"name\":\"Massa - Pesagem e Automa\u00e7\u00e3o Industrial\",\"description\":\"S\u00f3 mais um site WordPress\",\"potentialAction\":[{\"@type\":\"SearchAction\",\"target\":{\"@type\":\"EntryPoint\",\"urlTemplate\":\"https:\/\/massa.ind.br\/?s={search_term_string}\"},\"query-input\":{\"@type\":\"PropertyValueSpecification\",\"valueRequired\":true,\"valueName\":\"search_term_string\"}}],\"inLanguage\":\"en-US\"}]}<\/script>\n<!-- \/ Yoast SEO plugin. -->","yoast_head_json":{"title":"Minera\u00e7\u00e3o - Massa - Pesagem e Automa\u00e7\u00e3o Industrial","robots":{"index":"index","follow":"follow","max-snippet":"max-snippet:-1","max-image-preview":"max-image-preview:large","max-video-preview":"max-video-preview:-1"},"canonical":"https:\/\/massa.ind.br\/en\/solucoes\/mineracao\/","og_locale":"en_US","og_type":"article","og_title":"Minera\u00e7\u00e3o - Massa - Pesagem e Automa\u00e7\u00e3o Industrial","og_url":"https:\/\/massa.ind.br\/en\/solucoes\/mineracao\/","og_site_name":"Massa - Pesagem e Automa\u00e7\u00e3o Industrial","article_modified_time":"2020-04-06T12:44:40+00:00","og_image":[{"width":768,"height":512,"url":"https:\/\/massa.ind.br\/wp-content\/uploads\/2017\/09\/Kalgoorlie_open_cast_mine.jpg","type":"image\/jpeg"}],"twitter_card":"summary_large_image","twitter_misc":{"Est. reading time":"2 minutes"},"schema":{"@context":"https:\/\/schema.org","@graph":[{"@type":"WebPage","@id":"https:\/\/massa.ind.br\/es\/solucoes\/mineracao\/","url":"https:\/\/massa.ind.br\/es\/solucoes\/mineracao\/","name":"Minera\u00e7\u00e3o - Massa - Pesagem e Automa\u00e7\u00e3o Industrial","isPartOf":{"@id":"https:\/\/massa.ind.br\/#website"},"primaryImageOfPage":{"@id":"https:\/\/massa.ind.br\/es\/solucoes\/mineracao\/#primaryimage"},"image":{"@id":"https:\/\/massa.ind.br\/es\/solucoes\/mineracao\/#primaryimage"},"thumbnailUrl":"https:\/\/massa.ind.br\/wp-content\/uploads\/2017\/09\/Kalgoorlie_open_cast_mine.jpg","datePublished":"2020-04-01T15:16:47+00:00","dateModified":"2020-04-06T12:44:40+00:00","breadcrumb":{"@id":"https:\/\/massa.ind.br\/es\/solucoes\/mineracao\/#breadcrumb"},"inLanguage":"en-US","potentialAction":[{"@type":"ReadAction","target":["https:\/\/massa.ind.br\/es\/solucoes\/mineracao\/"]}]},{"@type":"ImageObject","inLanguage":"en-US","@id":"https:\/\/massa.ind.br\/es\/solucoes\/mineracao\/#primaryimage","url":"https:\/\/massa.ind.br\/wp-content\/uploads\/2017\/09\/Kalgoorlie_open_cast_mine.jpg","contentUrl":"https:\/\/massa.ind.br\/wp-content\/uploads\/2017\/09\/Kalgoorlie_open_cast_mine.jpg","width":768,"height":512},{"@type":"BreadcrumbList","@id":"https:\/\/massa.ind.br\/es\/solucoes\/mineracao\/#breadcrumb","itemListElement":[{"@type":"ListItem","position":1,"name":"In\u00edcio","item":"https:\/\/massa.ind.br\/"},{"@type":"ListItem","position":2,"name":"Solu\u00e7\u00f5es","item":"https:\/\/massa.ind.br\/es\/solucoes\/"},{"@type":"ListItem","position":3,"name":"Minera\u00e7\u00e3o"}]},{"@type":"WebSite","@id":"https:\/\/massa.ind.br\/#website","url":"https:\/\/massa.ind.br\/","name":"Massa - Pesagem e Automa\u00e7\u00e3o Industrial","description":"S\u00f3 mais um site WordPress","potentialAction":[{"@type":"SearchAction","target":{"@type":"EntryPoint","urlTemplate":"https:\/\/massa.ind.br\/?s={search_term_string}"},"query-input":{"@type":"PropertyValueSpecification","valueRequired":true,"valueName":"search_term_string"}}],"inLanguage":"en-US"}]}},"_links":{"self":[{"href":"https:\/\/massa.ind.br\/en\/wp-json\/wp\/v2\/pages\/1699","targetHints":{"allow":["GET"]}}],"collection":[{"href":"https:\/\/massa.ind.br\/en\/wp-json\/wp\/v2\/pages"}],"about":[{"href":"https:\/\/massa.ind.br\/en\/wp-json\/wp\/v2\/types\/page"}],"author":[{"embeddable":true,"href":"https:\/\/massa.ind.br\/en\/wp-json\/wp\/v2\/users\/1"}],"replies":[{"embeddable":true,"href":"https:\/\/massa.ind.br\/en\/wp-json\/wp\/v2\/comments?post=1699"}],"version-history":[{"count":5,"href":"https:\/\/massa.ind.br\/en\/wp-json\/wp\/v2\/pages\/1699\/revisions"}],"predecessor-version":[{"id":1802,"href":"https:\/\/massa.ind.br\/en\/wp-json\/wp\/v2\/pages\/1699\/revisions\/1802"}],"up":[{"embeddable":true,"href":"https:\/\/massa.ind.br\/en\/wp-json\/wp\/v2\/pages\/44"}],"wp:featuredmedia":[{"embeddable":true,"href":"https:\/\/massa.ind.br\/en\/wp-json\/wp\/v2\/media\/1534"}],"wp:attachment":[{"href":"https:\/\/massa.ind.br\/en\/wp-json\/wp\/v2\/media?parent=1699"}],"curies":[{"name":"wp","href":"https:\/\/api.w.org\/{rel}","templated":true}]}}