{"id":1682,"date":"2020-04-01T11:55:30","date_gmt":"2020-04-01T14:55:30","guid":{"rendered":"https:\/\/massa.ind.br\/?page_id=1682"},"modified":"2020-04-06T09:44:29","modified_gmt":"2020-04-06T12:44:29","slug":"agronegocio","status":"publish","type":"page","link":"https:\/\/massa.ind.br\/en\/solucoes\/agronegocio\/","title":{"rendered":"Agribusiness"},"content":{"rendered":"<div id=\"tm-row-69f0a286596ef\" class=\"vc_row vc_row-outer vc_row-fluid vc_row-o-content-middle vc_row-flex\"><div id=\"tm-column-69f0a286598e2\" class=\"wpb_column vc_column_container vc_col-sm-6\"><div class=\"vc_column-inner\"><div class=\"wpb_wrapper\">\n\t<div class=\"wpb_single_image wpb_content_element vc_align_center\">\n\t\t\n\t\t<figure class=\"wpb_wrapper vc_figure\">\n\t\t\t<a data-rel=\"prettyPhoto[rel-1682-1217292482]\" href=\"https:\/\/massa.ind.br\/wp-content\/uploads\/2020\/04\/mapa-agronegocio-1024x1024.jpg\" target=\"_self\" class=\"vc_single_image-wrapper   vc_box_border_grey prettyphoto\"><img loading=\"lazy\" decoding=\"async\" width=\"640\" height=\"640\" src=\"https:\/\/massa.ind.br\/wp-content\/uploads\/2020\/04\/mapa-agronegocio-1024x1024.jpg\" class=\"vc_single_image-img attachment-large\" alt=\"\" srcset=\"https:\/\/massa.ind.br\/wp-content\/uploads\/2020\/04\/mapa-agronegocio-1024x1024.jpg 1024w, https:\/\/massa.ind.br\/wp-content\/uploads\/2020\/04\/mapa-agronegocio-300x300.jpg 300w, https:\/\/massa.ind.br\/wp-content\/uploads\/2020\/04\/mapa-agronegocio-150x150.jpg 150w, https:\/\/massa.ind.br\/wp-content\/uploads\/2020\/04\/mapa-agronegocio-768x768.jpg 768w, https:\/\/massa.ind.br\/wp-content\/uploads\/2020\/04\/mapa-agronegocio-600x600.jpg 600w, https:\/\/massa.ind.br\/wp-content\/uploads\/2020\/04\/mapa-agronegocio-500x500.jpg 500w, https:\/\/massa.ind.br\/wp-content\/uploads\/2020\/04\/mapa-agronegocio-480x480.jpg 480w, https:\/\/massa.ind.br\/wp-content\/uploads\/2020\/04\/mapa-agronegocio-960x960.jpg 960w, https:\/\/massa.ind.br\/wp-content\/uploads\/2020\/04\/mapa-agronegocio.jpg 1040w\" sizes=\"auto, (max-width: 640px) 100vw, 640px\" \/><\/a>\n\t\t<\/figure>\n\t<\/div>\n<\/div><\/div><\/div><div id=\"tm-column-69f0a28659d38\" class=\"wpb_column vc_column_container vc_col-sm-6\"><div class=\"vc_column-inner\"><div class=\"wpb_wrapper\">\n<div class=\"tm-heading vc_custom_1585752828574 left  tm-animation move-right\" id=\"tm-heading-69f0a28659e22\">\n\t<h2 class=\"heading\" style=\"\">MASSA's Projects in Agribusiness <strong>Agribusiness<\/strong><\/h2><\/div>\n\n\n<div class=\"tm-heading left  tm-animation move-right\" id=\"tm-heading-69f0a28659ed1\">\n\t<div class=\"heading\" style=\"\">Brazil has continental dimensions. It has a highly competitive agricultural production that is betting more and more on the efficiency and economy of the railway modal.<br \/>\nCurrently, more than 17% of the agribusiness production is transported by rail. More than 61 million tons of corn, soy, soy meal and sugar production were transported by trains in 2018.<\/p>\n<p>Dynamic weighing optimizes the use of the railway network, speeding up the loading control process, assists safety by detecting missing or overloaded wagons, directly affecting the reduction of logistical costs linked to the values \u200b\u200bof agricultural commodities.<\/div><\/div>\n\n<div class=\"tm-button-wrapper  tm-animation scale-up\" id=\"tm-button-69f0a28659f79\">\n\t\t<a class=\"tm-button style-1 tm-button-nm tm-button-secondary has-shadow\" href=\"https:\/\/massa.ind.br\/en\/contato\/\"\n\t\ttarget=\" _blank\"\t>\n\t\t<span>\n\t\t\t\t\t\tCONTACT NOW\t\t\t\t\t<\/span>\n\t<\/a>\n<\/div>\n<\/div><\/div><\/div><\/div><div id=\"tm-row-69f0a2865a005\" class=\"vc_row vc_row-outer vc_row-fluid vc_row-o-content-middle vc_row-flex\"><div id=\"tm-column-69f0a2865a0b4\" class=\"wpb_column vc_column_container vc_col-sm-12\"><div class=\"vc_column-inner\"><div class=\"wpb_wrapper\">\n<div class=\"tm-heading vc_custom_1585752979424 center  tm-animation move-right\" id=\"tm-heading-69f0a2865a1ac\">\n\t<h2 class=\"heading\" style=\"\">Get to know the MASSA Cases in <strong>Cases da Massa<\/strong> no Agroneg\u00f3cio<\/h2><\/div>\n\n<\/div><\/div><\/div><\/div><div id=\"tm-row-69f0a2865a293\" class=\"vc_row vc_row-outer vc_row-fluid vc_row-o-content-middle vc_row-flex\"><div id=\"tm-column-69f0a2865a38d\" class=\"wpb_column vc_column_container vc_col-sm-4\"><div class=\"vc_column-inner\"><div class=\"wpb_wrapper\"><\/div><\/div><\/div><div id=\"tm-column-69f0a2865a400\" class=\"wpb_column vc_column_container vc_col-sm-4\"><div class=\"vc_column-inner\"><div class=\"wpb_wrapper\"><div class=\"vc-hoverbox-wrapper  vc_custom_1586043836408 vc-hoverbox-shape--rounded vc-hoverbox-align--center vc-hoverbox-direction--default vc-hoverbox-width--100\"  ontouchstart=\"\">\n  <div class=\"vc-hoverbox\">\n    <div class=\"vc-hoverbox-inner\">\n      <div class=\"vc-hoverbox-block vc-hoverbox-front\" style=\"background-image: url(https:\/\/massa.ind.br\/wp-content\/uploads\/2020\/03\/Rondonopolis.png);\">\n        <div class=\"vc-hoverbox-block-inner vc-hoverbox-front-inner\">\n            <h2 style=\"color: #ffffff;text-align: center;font-family:Open Sans;font-weight:300;font-style:normal\" class=\"vc_custom_heading\" >Rondon\u00f3polis<\/h2>\n        <\/div>\n      <\/div>\n      <div class=\"vc-hoverbox-block vc-hoverbox-back\" style=\"background-color: #f2f2f2;\">\n        <div class=\"vc-hoverbox-block-inner vc-hoverbox-back-inner\">\n            <h2 style=\"text-align:center\">Case Rondon\u00f3polis<\/h2>\n            <p>The company's innovative proposal to use the railway network as a continuous production line is only possible with the use of the 4 BFD\u2026<\/p>\n\n            <div class=\"vc_btn3-container vc_btn3-inline\" ><a class=\"vc_general vc_btn3 vc_btn3-size-md vc_btn3-shape-rounded vc_btn3-style-modern vc_btn3-color-warning\" href=\"https:\/\/massa.ind.br\/en\/cases\/rondonopolis\/\" title=\"Rondon\u00f3polis\">KNOW MORE<\/a><\/div>\n        <\/div>\n      <\/div>\n    <\/div>\n  <\/div>\n<\/div><\/div><\/div><\/div><div id=\"tm-column-69f0a2865a93d\" class=\"wpb_column vc_column_container vc_col-sm-4\"><div class=\"vc_column-inner\"><div class=\"wpb_wrapper\"><\/div><\/div><\/div><\/div>","protected":false},"excerpt":{"rendered":"Projetos da Massa no Agroneg\u00f3cio O Brasil possui dimens\u00f5es continentais. Tem uma produ\u00e7\u00e3o agropecu\u00e1ria altamente competitiva que aposta cada vez mais na efici\u00eancia e economia do modal ferrovi\u00e1rio. Atualmente mais de 17% da da produ\u00e7\u00e3o do agroneg\u00f3cio \u00e9 transportado por ferrovias. Mais de 61 milh\u00f5es de toneladas da produ\u00e7\u00e3o de milho, soja, farelo de soja e a\u00e7\u00facar foram transportadas por trens em 2018. A pesagem din\u00e2mica otimiza o uso da malha ferrovi\u00e1ria agilizando o processo de controle de carregamento, auxilia a seguran\u00e7a detectando falta ou sobrecarga nos vag\u00f5es, incidindo diretamente na redu\u00e7\u00e3o dos custos log\u00edsticos atrelados aos valores dos commodities agr\u00edcolas. ENTRE EM CONTATO Conhe\u00e7a os Cases da Massa no Agroneg\u00f3cio Rondon\u00f3polis Case Rondon\u00f3polis A proposta inovadora da empresa de utilizar a rede ferrovi\u00e1ria como uma linha de produ\u00e7\u00e3o cont\u00ednua s\u00f3 \u00e9 poss\u00edvel com o uso das 4 BFD... Saiba Mais","protected":false},"author":1,"featured_media":1533,"parent":44,"menu_order":0,"comment_status":"closed","ping_status":"closed","template":"","meta":{"footnotes":""},"class_list":["post-1682","page","type-page","status-publish","has-post-thumbnail","hentry"],"yoast_head":"<!-- This site is optimized with the Yoast SEO plugin v24.7 - https:\/\/yoast.com\/wordpress\/plugins\/seo\/ -->\n<title>Agroneg\u00f3cio - Massa - Pesagem e Automa\u00e7\u00e3o Industrial<\/title>\n<meta name=\"robots\" content=\"index, follow, max-snippet:-1, max-image-preview:large, max-video-preview:-1\" \/>\n<link rel=\"canonical\" href=\"https:\/\/massa.ind.br\/en\/solucoes\/agronegocio\/\" \/>\n<meta property=\"og:locale\" content=\"en_US\" \/>\n<meta property=\"og:type\" content=\"article\" \/>\n<meta property=\"og:title\" content=\"Agroneg\u00f3cio - Massa - Pesagem e Automa\u00e7\u00e3o Industrial\" \/>\n<meta property=\"og:url\" content=\"https:\/\/massa.ind.br\/en\/solucoes\/agronegocio\/\" \/>\n<meta property=\"og:site_name\" content=\"Massa - Pesagem e Automa\u00e7\u00e3o Industrial\" \/>\n<meta property=\"article:modified_time\" content=\"2020-04-06T12:44:29+00:00\" \/>\n<meta property=\"og:image\" content=\"https:\/\/massa.ind.br\/wp-content\/uploads\/2017\/09\/valio84sl.jpg\" \/>\n\t<meta property=\"og:image:width\" content=\"1380\" \/>\n\t<meta property=\"og:image:height\" content=\"921\" \/>\n\t<meta property=\"og:image:type\" content=\"image\/jpeg\" \/>\n<meta name=\"twitter:card\" content=\"summary_large_image\" \/>\n<meta name=\"twitter:label1\" content=\"Est. reading time\" \/>\n\t<meta name=\"twitter:data1\" content=\"2 minutes\" \/>\n<script type=\"application\/ld+json\" class=\"yoast-schema-graph\">{\"@context\":\"https:\/\/schema.org\",\"@graph\":[{\"@type\":\"WebPage\",\"@id\":\"https:\/\/massa.ind.br\/es\/solucoes\/agronegocio\/\",\"url\":\"https:\/\/massa.ind.br\/es\/solucoes\/agronegocio\/\",\"name\":\"Agroneg\u00f3cio - Massa - Pesagem e Automa\u00e7\u00e3o Industrial\",\"isPartOf\":{\"@id\":\"https:\/\/massa.ind.br\/#website\"},\"primaryImageOfPage\":{\"@id\":\"https:\/\/massa.ind.br\/es\/solucoes\/agronegocio\/#primaryimage\"},\"image\":{\"@id\":\"https:\/\/massa.ind.br\/es\/solucoes\/agronegocio\/#primaryimage\"},\"thumbnailUrl\":\"https:\/\/massa.ind.br\/wp-content\/uploads\/2017\/09\/valio84sl.jpg\",\"datePublished\":\"2020-04-01T14:55:30+00:00\",\"dateModified\":\"2020-04-06T12:44:29+00:00\",\"breadcrumb\":{\"@id\":\"https:\/\/massa.ind.br\/es\/solucoes\/agronegocio\/#breadcrumb\"},\"inLanguage\":\"en-US\",\"potentialAction\":[{\"@type\":\"ReadAction\",\"target\":[\"https:\/\/massa.ind.br\/es\/solucoes\/agronegocio\/\"]}]},{\"@type\":\"ImageObject\",\"inLanguage\":\"en-US\",\"@id\":\"https:\/\/massa.ind.br\/es\/solucoes\/agronegocio\/#primaryimage\",\"url\":\"https:\/\/massa.ind.br\/wp-content\/uploads\/2017\/09\/valio84sl.jpg\",\"contentUrl\":\"https:\/\/massa.ind.br\/wp-content\/uploads\/2017\/09\/valio84sl.jpg\",\"width\":1380,\"height\":921},{\"@type\":\"BreadcrumbList\",\"@id\":\"https:\/\/massa.ind.br\/es\/solucoes\/agronegocio\/#breadcrumb\",\"itemListElement\":[{\"@type\":\"ListItem\",\"position\":1,\"name\":\"In\u00edcio\",\"item\":\"https:\/\/massa.ind.br\/\"},{\"@type\":\"ListItem\",\"position\":2,\"name\":\"Solu\u00e7\u00f5es\",\"item\":\"https:\/\/massa.ind.br\/es\/solucoes\/\"},{\"@type\":\"ListItem\",\"position\":3,\"name\":\"Agroneg\u00f3cio\"}]},{\"@type\":\"WebSite\",\"@id\":\"https:\/\/massa.ind.br\/#website\",\"url\":\"https:\/\/massa.ind.br\/\",\"name\":\"Massa - Pesagem e Automa\u00e7\u00e3o Industrial\",\"description\":\"S\u00f3 mais um site WordPress\",\"potentialAction\":[{\"@type\":\"SearchAction\",\"target\":{\"@type\":\"EntryPoint\",\"urlTemplate\":\"https:\/\/massa.ind.br\/?s={search_term_string}\"},\"query-input\":{\"@type\":\"PropertyValueSpecification\",\"valueRequired\":true,\"valueName\":\"search_term_string\"}}],\"inLanguage\":\"en-US\"}]}<\/script>\n<!-- \/ Yoast SEO plugin. -->","yoast_head_json":{"title":"Agroneg\u00f3cio - Massa - Pesagem e Automa\u00e7\u00e3o Industrial","robots":{"index":"index","follow":"follow","max-snippet":"max-snippet:-1","max-image-preview":"max-image-preview:large","max-video-preview":"max-video-preview:-1"},"canonical":"https:\/\/massa.ind.br\/en\/solucoes\/agronegocio\/","og_locale":"en_US","og_type":"article","og_title":"Agroneg\u00f3cio - Massa - Pesagem e Automa\u00e7\u00e3o Industrial","og_url":"https:\/\/massa.ind.br\/en\/solucoes\/agronegocio\/","og_site_name":"Massa - Pesagem e Automa\u00e7\u00e3o Industrial","article_modified_time":"2020-04-06T12:44:29+00:00","og_image":[{"width":1380,"height":921,"url":"https:\/\/massa.ind.br\/wp-content\/uploads\/2017\/09\/valio84sl.jpg","type":"image\/jpeg"}],"twitter_card":"summary_large_image","twitter_misc":{"Est. reading time":"2 minutes"},"schema":{"@context":"https:\/\/schema.org","@graph":[{"@type":"WebPage","@id":"https:\/\/massa.ind.br\/es\/solucoes\/agronegocio\/","url":"https:\/\/massa.ind.br\/es\/solucoes\/agronegocio\/","name":"Agroneg\u00f3cio - Massa - Pesagem e Automa\u00e7\u00e3o Industrial","isPartOf":{"@id":"https:\/\/massa.ind.br\/#website"},"primaryImageOfPage":{"@id":"https:\/\/massa.ind.br\/es\/solucoes\/agronegocio\/#primaryimage"},"image":{"@id":"https:\/\/massa.ind.br\/es\/solucoes\/agronegocio\/#primaryimage"},"thumbnailUrl":"https:\/\/massa.ind.br\/wp-content\/uploads\/2017\/09\/valio84sl.jpg","datePublished":"2020-04-01T14:55:30+00:00","dateModified":"2020-04-06T12:44:29+00:00","breadcrumb":{"@id":"https:\/\/massa.ind.br\/es\/solucoes\/agronegocio\/#breadcrumb"},"inLanguage":"en-US","potentialAction":[{"@type":"ReadAction","target":["https:\/\/massa.ind.br\/es\/solucoes\/agronegocio\/"]}]},{"@type":"ImageObject","inLanguage":"en-US","@id":"https:\/\/massa.ind.br\/es\/solucoes\/agronegocio\/#primaryimage","url":"https:\/\/massa.ind.br\/wp-content\/uploads\/2017\/09\/valio84sl.jpg","contentUrl":"https:\/\/massa.ind.br\/wp-content\/uploads\/2017\/09\/valio84sl.jpg","width":1380,"height":921},{"@type":"BreadcrumbList","@id":"https:\/\/massa.ind.br\/es\/solucoes\/agronegocio\/#breadcrumb","itemListElement":[{"@type":"ListItem","position":1,"name":"In\u00edcio","item":"https:\/\/massa.ind.br\/"},{"@type":"ListItem","position":2,"name":"Solu\u00e7\u00f5es","item":"https:\/\/massa.ind.br\/es\/solucoes\/"},{"@type":"ListItem","position":3,"name":"Agroneg\u00f3cio"}]},{"@type":"WebSite","@id":"https:\/\/massa.ind.br\/#website","url":"https:\/\/massa.ind.br\/","name":"Massa - Pesagem e Automa\u00e7\u00e3o Industrial","description":"S\u00f3 mais um site WordPress","potentialAction":[{"@type":"SearchAction","target":{"@type":"EntryPoint","urlTemplate":"https:\/\/massa.ind.br\/?s={search_term_string}"},"query-input":{"@type":"PropertyValueSpecification","valueRequired":true,"valueName":"search_term_string"}}],"inLanguage":"en-US"}]}},"_links":{"self":[{"href":"https:\/\/massa.ind.br\/en\/wp-json\/wp\/v2\/pages\/1682","targetHints":{"allow":["GET"]}}],"collection":[{"href":"https:\/\/massa.ind.br\/en\/wp-json\/wp\/v2\/pages"}],"about":[{"href":"https:\/\/massa.ind.br\/en\/wp-json\/wp\/v2\/types\/page"}],"author":[{"embeddable":true,"href":"https:\/\/massa.ind.br\/en\/wp-json\/wp\/v2\/users\/1"}],"replies":[{"embeddable":true,"href":"https:\/\/massa.ind.br\/en\/wp-json\/wp\/v2\/comments?post=1682"}],"version-history":[{"count":10,"href":"https:\/\/massa.ind.br\/en\/wp-json\/wp\/v2\/pages\/1682\/revisions"}],"predecessor-version":[{"id":1803,"href":"https:\/\/massa.ind.br\/en\/wp-json\/wp\/v2\/pages\/1682\/revisions\/1803"}],"up":[{"embeddable":true,"href":"https:\/\/massa.ind.br\/en\/wp-json\/wp\/v2\/pages\/44"}],"wp:featuredmedia":[{"embeddable":true,"href":"https:\/\/massa.ind.br\/en\/wp-json\/wp\/v2\/media\/1533"}],"wp:attachment":[{"href":"https:\/\/massa.ind.br\/en\/wp-json\/wp\/v2\/media?parent=1682"}],"curies":[{"name":"wp","href":"https:\/\/api.w.org\/{rel}","templated":true}]}}