{"id":1670,"date":"2020-04-01T11:15:41","date_gmt":"2020-04-01T14:15:41","guid":{"rendered":"https:\/\/massa.ind.br\/?page_id=1670"},"modified":"2020-04-04T20:47:00","modified_gmt":"2020-04-04T23:47:00","slug":"rondonopolis","status":"publish","type":"page","link":"https:\/\/massa.ind.br\/en\/cases\/rondonopolis\/","title":{"rendered":"Rondon\u00f3polis"},"content":{"rendered":"<div id=\"tm-row-69da32e7011c2\" class=\"vc_row vc_row-outer vc_row-fluid vc_row-o-content-middle vc_row-flex\"><div id=\"tm-column-69da32e7013bf\" class=\"wpb_column vc_column_container vc_col-sm-6\"><div class=\"vc_column-inner\"><div class=\"wpb_wrapper\">\n\t<div class=\"wpb_single_image wpb_content_element vc_align_center\">\n\t\t\n\t\t<figure class=\"wpb_wrapper vc_figure\">\n\t\t\t<a data-rel=\"prettyPhoto[rel-1670-1619486186]\" href=\"https:\/\/massa.ind.br\/wp-content\/uploads\/2020\/04\/massa-mapa-rondonopolis.jpg\" target=\"_self\" class=\"vc_single_image-wrapper   vc_box_border_grey prettyphoto\"><img loading=\"lazy\" decoding=\"async\" width=\"640\" height=\"814\" src=\"https:\/\/massa.ind.br\/wp-content\/uploads\/2020\/04\/massa-mapa-rondonopolis.jpg\" class=\"vc_single_image-img attachment-large\" alt=\"\" srcset=\"https:\/\/massa.ind.br\/wp-content\/uploads\/2020\/04\/massa-mapa-rondonopolis.jpg 800w, https:\/\/massa.ind.br\/wp-content\/uploads\/2020\/04\/massa-mapa-rondonopolis-236x300.jpg 236w, https:\/\/massa.ind.br\/wp-content\/uploads\/2020\/04\/massa-mapa-rondonopolis-768x977.jpg 768w, https:\/\/massa.ind.br\/wp-content\/uploads\/2020\/04\/massa-mapa-rondonopolis-500x636.jpg 500w\" sizes=\"auto, (max-width: 640px) 100vw, 640px\" \/><\/a>\n\t\t<\/figure>\n\t<\/div>\n<\/div><\/div><\/div><div id=\"tm-column-69da32e701819\" class=\"wpb_column vc_column_container vc_col-sm-6\"><div class=\"vc_column-inner\"><div class=\"wpb_wrapper\">\n<div class=\"tm-heading vc_custom_1585751373045 left  tm-animation move-right\" id=\"tm-heading-69da32e70190a\">\n\t<h2 class=\"heading\" style=\"\">Case Rondon\u00f3polis - Terminal Multimodal da <strong>Rumo<\/strong><\/h2><\/div>\n\n\n<div class=\"tm-heading left  tm-animation move-right\" id=\"tm-heading-69da32e7019c0\">\n\t<div class=\"heading\" style=\"\">The company's innovative proposal to use the railway network as a continuous production line is only possible with the use of the 4 BFDs, as they do not interfere operationally, as they accept the weighing of the engaged composition and the passage of locomotives over the Balanza area.<\/p>\n<p>The wagons arriving from Santos loaded with fertilizers are weighed before entering Moega. After unloading the cargo, they pass through a cleaning terminal and are then weighed by the tare BFD. So these wagons are ready to add the new composition that will follow with grain to the Port of Santos. Again the BFDs will be in the process - they will be installed in January 2019, but now weighing the tare weight of the wagons and, after loading into the silo, the gross weight.<\/p>\n<p>Thus the composition is ready to go on the journey, without wasting time and without fuel costs and pollutant emissions with hours of weighing maneuvers.<\/div><\/div>\n\n<div class=\"tm-button-wrapper  tm-animation scale-up\" id=\"tm-button-69da32e701a62\">\n\t\t<a class=\"tm-button style-1 tm-button-nm tm-button-secondary has-shadow\" href=\"https:\/\/massa.ind.br\/en\/contato\/\"\n\t\ttarget=\" _blank\"\t>\n\t\t<span>\n\t\t\t\t\t\tCONTACT NOW\t\t\t\t\t<\/span>\n\t<\/a>\n<\/div>\n<\/div><\/div><\/div><\/div><div id=\"tm-row-69da32e701af4\" class=\"vc_row vc_row-outer vc_row-fluid vc_row-o-content-middle vc_row-flex\"><div id=\"tm-column-69da32e701ba3\" class=\"wpb_column vc_column_container vc_col-sm-6\"><div class=\"vc_column-inner\"><div class=\"wpb_wrapper\"><div class=\"tm-box-icon-wrap style-1\">\n\t<div class=\"tm-box-icon  style-1 secondary-background-color-hover-important secondary-border-color-hover-important tm-animation scale-up\" id=\"tm-heading-69da32e701c7f\">\n\t\t\t\t<div class=\"content-wrap\">\n\t\t\t\t\t\t\t\t\t\t\t\t<div class=\"icon\">\n\t\t\t\t\t\t<i class=\"cp-17 secondary-color\"><\/i>\n\t\t\t\t\t<\/div>\n\t\t\t\t\t\t\t\t\t\t<div class=\"content\">\n\t\t\t\t\t\t\t\t\t<h4 class=\"heading\">\n\t\t\t\t\t\t\n\t\t\t\t\t\t\tInstalled Structure\n\t\t\t\t\t\t\t\n\t\t\t\t\t<\/h4>\n\t\t\t\t\t\t\t\t\t\t\t\t\t<div class=\"text\">\n\t\t\t\t\t\t6 Scales, being: Moega: 2 Tare \/ 2 Gross - Tulha: 1 Tare \/ 1 Gross - Working Conditions: Aggressive - SIMM S-02 scales (tare and raw) with IP68 protection.\t\t\t\t\t<\/div>\n\t\t\t\t\n\t\t\t\t\t\t\t<\/div>\n\t\t<\/div>\n\t<\/div>\n<\/div>\n<\/div><\/div><\/div><div id=\"tm-column-69da32e701cf6\" class=\"wpb_column vc_column_container vc_col-sm-6\"><div class=\"vc_column-inner\"><div class=\"wpb_wrapper\">\n\t<div class=\"wpb_single_image wpb_content_element vc_align_center\">\n\t\t\n\t\t<figure class=\"wpb_wrapper vc_figure\">\n\t\t\t<a data-rel=\"prettyPhoto[rel-1670-150561932]\" href=\"https:\/\/massa.ind.br\/wp-content\/uploads\/2020\/04\/massa-case_rondonopolis.jpg\" target=\"_self\" class=\"vc_single_image-wrapper   vc_box_border_grey prettyphoto\"><img loading=\"lazy\" decoding=\"async\" width=\"293\" height=\"300\" src=\"https:\/\/massa.ind.br\/wp-content\/uploads\/2020\/04\/massa-case_rondonopolis-293x300.jpg\" class=\"vc_single_image-img attachment-medium\" alt=\"\" srcset=\"https:\/\/massa.ind.br\/wp-content\/uploads\/2020\/04\/massa-case_rondonopolis-293x300.jpg 293w, https:\/\/massa.ind.br\/wp-content\/uploads\/2020\/04\/massa-case_rondonopolis.jpg 478w\" sizes=\"auto, (max-width: 293px) 100vw, 293px\" \/><\/a>\n\t\t<\/figure>\n\t<\/div>\n<\/div><\/div><\/div><\/div>","protected":false},"excerpt":{"rendered":"Case Rondon\u00f3polis - Terminal Multimodal da Rumo A proposta inovadora da empresa de utilizar a rede ferrovi\u00e1ria como uma linha de produ\u00e7\u00e3o cont\u00ednua s\u00f3 \u00e9 poss\u00edvel com o uso das 4 BFDs, pois elas n\u00e3o interferem operacionalmente, por aceitar a pesagem da composi\u00e7\u00e3o engatada e a passagem de locomotivas sobre a \u00e1rea das Balan\u00e7as. Os vag\u00f5es que chegam de Santos carregados de fertilizantes s\u00e3o pesados antes de entrar na Moega. Ap\u00f3s o descarregamento da carga eles passam por um terminal de limpeza e em seguida s\u00e3o pesados pela BFD de tara. Assim esses vag\u00f5es est\u00e3o prontos para agregar a nova composi\u00e7\u00e3o que seguir\u00e1 com gr\u00e3os para o Porto de Santos. Novamente as BFD estar\u00e3o no processo \u2013 elas ser\u00e3o instaladas em janeiro de 2019, mas agora pesando a tara dos vag\u00f5es e, ap\u00f3s o carregamento no silo, o peso bruto. Assim a composi\u00e7\u00e3o est\u00e1 pronta para seguir viagem, sem perda de tempo e sem gastos de combust\u00edvel e emiss\u00e3o de poluentes com horas de manobras para pesagem. ENTRE EM CONTATO Estrutura Instalada 6 Balan\u00e7as, sendo: Moega: 2 Tara \/ 2 Bruto - Tulha: 1 Tara \/ 1 Bruto - Condi\u00e7\u00f5es de Trabalho: Agressiva - Balan\u00e7as SIMM S-02 (tara e bruto) com prote\u00e7\u00e3o IP68.","protected":false},"author":1,"featured_media":0,"parent":1708,"menu_order":0,"comment_status":"closed","ping_status":"closed","template":"","meta":{"footnotes":""},"class_list":["post-1670","page","type-page","status-publish","hentry"],"yoast_head":"<!-- This site is optimized with the Yoast SEO plugin v24.7 - https:\/\/yoast.com\/wordpress\/plugins\/seo\/ -->\n<title>Rondon\u00f3polis - Massa - Pesagem e Automa\u00e7\u00e3o Industrial<\/title>\n<meta name=\"robots\" content=\"index, follow, max-snippet:-1, max-image-preview:large, max-video-preview:-1\" \/>\n<link rel=\"canonical\" href=\"https:\/\/massa.ind.br\/en\/cases\/rondonopolis\/\" \/>\n<meta property=\"og:locale\" content=\"en_US\" \/>\n<meta property=\"og:type\" content=\"article\" \/>\n<meta property=\"og:title\" content=\"Rondon\u00f3polis - Massa - Pesagem e Automa\u00e7\u00e3o Industrial\" \/>\n<meta property=\"og:url\" content=\"https:\/\/massa.ind.br\/en\/cases\/rondonopolis\/\" \/>\n<meta property=\"og:site_name\" content=\"Massa - Pesagem e Automa\u00e7\u00e3o Industrial\" \/>\n<meta property=\"article:modified_time\" content=\"2020-04-04T23:47:00+00:00\" \/>\n<meta name=\"twitter:card\" content=\"summary_large_image\" \/>\n<meta name=\"twitter:label1\" content=\"Est. reading time\" \/>\n\t<meta name=\"twitter:data1\" content=\"2 minutes\" \/>\n<script type=\"application\/ld+json\" class=\"yoast-schema-graph\">{\"@context\":\"https:\/\/schema.org\",\"@graph\":[{\"@type\":\"WebPage\",\"@id\":\"https:\/\/massa.ind.br\/cases\/rondonopolis\/\",\"url\":\"https:\/\/massa.ind.br\/cases\/rondonopolis\/\",\"name\":\"Rondon\u00f3polis - Massa - Pesagem e Automa\u00e7\u00e3o Industrial\",\"isPartOf\":{\"@id\":\"https:\/\/massa.ind.br\/#website\"},\"datePublished\":\"2020-04-01T14:15:41+00:00\",\"dateModified\":\"2020-04-04T23:47:00+00:00\",\"breadcrumb\":{\"@id\":\"https:\/\/massa.ind.br\/cases\/rondonopolis\/#breadcrumb\"},\"inLanguage\":\"en-US\",\"potentialAction\":[{\"@type\":\"ReadAction\",\"target\":[\"https:\/\/massa.ind.br\/cases\/rondonopolis\/\"]}]},{\"@type\":\"BreadcrumbList\",\"@id\":\"https:\/\/massa.ind.br\/cases\/rondonopolis\/#breadcrumb\",\"itemListElement\":[{\"@type\":\"ListItem\",\"position\":1,\"name\":\"In\u00edcio\",\"item\":\"https:\/\/massa.ind.br\/\"},{\"@type\":\"ListItem\",\"position\":2,\"name\":\"Cases\",\"item\":\"https:\/\/massa.ind.br\/es\/cases\/\"},{\"@type\":\"ListItem\",\"position\":3,\"name\":\"Rondon\u00f3polis\"}]},{\"@type\":\"WebSite\",\"@id\":\"https:\/\/massa.ind.br\/#website\",\"url\":\"https:\/\/massa.ind.br\/\",\"name\":\"Massa - Pesagem e Automa\u00e7\u00e3o Industrial\",\"description\":\"S\u00f3 mais um site WordPress\",\"potentialAction\":[{\"@type\":\"SearchAction\",\"target\":{\"@type\":\"EntryPoint\",\"urlTemplate\":\"https:\/\/massa.ind.br\/?s={search_term_string}\"},\"query-input\":{\"@type\":\"PropertyValueSpecification\",\"valueRequired\":true,\"valueName\":\"search_term_string\"}}],\"inLanguage\":\"en-US\"}]}<\/script>\n<!-- \/ Yoast SEO plugin. -->","yoast_head_json":{"title":"Rondon\u00f3polis - Massa - Pesagem e Automa\u00e7\u00e3o Industrial","robots":{"index":"index","follow":"follow","max-snippet":"max-snippet:-1","max-image-preview":"max-image-preview:large","max-video-preview":"max-video-preview:-1"},"canonical":"https:\/\/massa.ind.br\/en\/cases\/rondonopolis\/","og_locale":"en_US","og_type":"article","og_title":"Rondon\u00f3polis - Massa - Pesagem e Automa\u00e7\u00e3o Industrial","og_url":"https:\/\/massa.ind.br\/en\/cases\/rondonopolis\/","og_site_name":"Massa - Pesagem e Automa\u00e7\u00e3o Industrial","article_modified_time":"2020-04-04T23:47:00+00:00","twitter_card":"summary_large_image","twitter_misc":{"Est. reading time":"2 minutes"},"schema":{"@context":"https:\/\/schema.org","@graph":[{"@type":"WebPage","@id":"https:\/\/massa.ind.br\/cases\/rondonopolis\/","url":"https:\/\/massa.ind.br\/cases\/rondonopolis\/","name":"Rondon\u00f3polis - Massa - Pesagem e Automa\u00e7\u00e3o Industrial","isPartOf":{"@id":"https:\/\/massa.ind.br\/#website"},"datePublished":"2020-04-01T14:15:41+00:00","dateModified":"2020-04-04T23:47:00+00:00","breadcrumb":{"@id":"https:\/\/massa.ind.br\/cases\/rondonopolis\/#breadcrumb"},"inLanguage":"en-US","potentialAction":[{"@type":"ReadAction","target":["https:\/\/massa.ind.br\/cases\/rondonopolis\/"]}]},{"@type":"BreadcrumbList","@id":"https:\/\/massa.ind.br\/cases\/rondonopolis\/#breadcrumb","itemListElement":[{"@type":"ListItem","position":1,"name":"In\u00edcio","item":"https:\/\/massa.ind.br\/"},{"@type":"ListItem","position":2,"name":"Cases","item":"https:\/\/massa.ind.br\/es\/cases\/"},{"@type":"ListItem","position":3,"name":"Rondon\u00f3polis"}]},{"@type":"WebSite","@id":"https:\/\/massa.ind.br\/#website","url":"https:\/\/massa.ind.br\/","name":"Massa - Pesagem e Automa\u00e7\u00e3o Industrial","description":"S\u00f3 mais um site WordPress","potentialAction":[{"@type":"SearchAction","target":{"@type":"EntryPoint","urlTemplate":"https:\/\/massa.ind.br\/?s={search_term_string}"},"query-input":{"@type":"PropertyValueSpecification","valueRequired":true,"valueName":"search_term_string"}}],"inLanguage":"en-US"}]}},"_links":{"self":[{"href":"https:\/\/massa.ind.br\/en\/wp-json\/wp\/v2\/pages\/1670","targetHints":{"allow":["GET"]}}],"collection":[{"href":"https:\/\/massa.ind.br\/en\/wp-json\/wp\/v2\/pages"}],"about":[{"href":"https:\/\/massa.ind.br\/en\/wp-json\/wp\/v2\/types\/page"}],"author":[{"embeddable":true,"href":"https:\/\/massa.ind.br\/en\/wp-json\/wp\/v2\/users\/1"}],"replies":[{"embeddable":true,"href":"https:\/\/massa.ind.br\/en\/wp-json\/wp\/v2\/comments?post=1670"}],"version-history":[{"count":11,"href":"https:\/\/massa.ind.br\/en\/wp-json\/wp\/v2\/pages\/1670\/revisions"}],"predecessor-version":[{"id":1806,"href":"https:\/\/massa.ind.br\/en\/wp-json\/wp\/v2\/pages\/1670\/revisions\/1806"}],"up":[{"embeddable":true,"href":"https:\/\/massa.ind.br\/en\/wp-json\/wp\/v2\/pages\/1708"}],"wp:attachment":[{"href":"https:\/\/massa.ind.br\/en\/wp-json\/wp\/v2\/media?parent=1670"}],"curies":[{"name":"wp","href":"https:\/\/api.w.org\/{rel}","templated":true}]}}