{"id":1643,"date":"2020-04-01T10:12:46","date_gmt":"2020-04-01T13:12:46","guid":{"rendered":"https:\/\/massa.ind.br\/?page_id=1643"},"modified":"2020-04-20T17:02:24","modified_gmt":"2020-04-20T20:02:24","slug":"carajas","status":"publish","type":"page","link":"https:\/\/massa.ind.br\/en\/cases\/carajas\/","title":{"rendered":"Caraj\u00e1s"},"content":{"rendered":"<div id=\"tm-row-69e735d93bb54\" class=\"vc_row vc_row-outer vc_row-fluid vc_row-o-content-middle vc_row-flex\"><div id=\"tm-column-69e735d93bd7d\" class=\"wpb_column vc_column_container vc_col-sm-6\"><div class=\"vc_column-inner\"><div class=\"wpb_wrapper\">\n\t<div class=\"wpb_single_image wpb_content_element vc_align_center\">\n\t\t\n\t\t<figure class=\"wpb_wrapper vc_figure\">\n\t\t\t<a data-rel=\"prettyPhoto[rel-1643-826198049]\" href=\"https:\/\/massa.ind.br\/wp-content\/uploads\/2020\/04\/massa-mapa-carajas.jpg\" target=\"_self\" class=\"vc_single_image-wrapper   vc_box_border_grey prettyphoto\"><img loading=\"lazy\" decoding=\"async\" width=\"600\" height=\"829\" src=\"https:\/\/massa.ind.br\/wp-content\/uploads\/2020\/04\/massa-mapa-carajas.jpg\" class=\"vc_single_image-img attachment-large\" alt=\"\" srcset=\"https:\/\/massa.ind.br\/wp-content\/uploads\/2020\/04\/massa-mapa-carajas.jpg 600w, https:\/\/massa.ind.br\/wp-content\/uploads\/2020\/04\/massa-mapa-carajas-217x300.jpg 217w, https:\/\/massa.ind.br\/wp-content\/uploads\/2020\/04\/massa-mapa-carajas-500x691.jpg 500w\" sizes=\"auto, (max-width: 600px) 100vw, 600px\" \/><\/a>\n\t\t<\/figure>\n\t<\/div>\n<\/div><\/div><\/div><div id=\"tm-column-69e735d93c204\" class=\"wpb_column vc_column_container vc_col-sm-6\"><div class=\"vc_column-inner\"><div class=\"wpb_wrapper\">\n<div class=\"tm-heading vc_custom_1585747021898 left  tm-animation move-right\" id=\"tm-heading-69e735d93c327\">\n\t<h2 class=\"heading\" style=\"\">Cases <strong>CARAJ\u00c1S<\/strong><\/h2><\/div>\n\n\n<div class=\"tm-heading left  tm-animation move-right\" id=\"tm-heading-69e735d93c3d1\">\n\t<div class=\"heading\" style=\"\">The objective of MASSA as a company is to present the best solution for the client, and that the balance is a quick return investment.<br \/>\nOur product is the only one that allows maneuvers without data loss and, some companies are optimizing the loading of the wagons, using their maximum capacity.<\/p>\n<p>This is the case of Caraj\u00e1s, in which 3 In Motion Rail Scales were installed between two silos. The first weighs the tare weight of the wagon, then \u201cgross loading\u201d is done in the first silo. Our company stands out for technological innovation and constant improvement, seeking the best solution for your business, striving for precision and optimization in the weighing process, providing extensive technical assistance, with over 15 years of expertise in the railway sector.<\/div><\/div>\n\n<div class=\"tm-button-wrapper  tm-animation scale-up\" id=\"tm-button-69e735d93c47b\">\n\t\t<a class=\"tm-button style-1 tm-button-nm tm-button-secondary has-shadow\" href=\"https:\/\/massa.ind.br\/en\/contato\/\"\n\t\ttarget=\" _blank\"\t>\n\t\t<span>\n\t\t\t\t\t\tCONTACT NOW\t\t\t\t\t<\/span>\n\t<\/a>\n<\/div>\n<\/div><\/div><\/div><\/div><div id=\"tm-row-69e735d93c517\" class=\"vc_row vc_row-outer vc_row-fluid vc_row-o-content-middle vc_row-flex\"><div id=\"tm-column-69e735d93c5e4\" class=\"wpb_column vc_column_container vc_col-sm-8\"><div class=\"vc_column-inner\"><div class=\"wpb_wrapper\">\n<div class=\"tm-heading vc_custom_1585747535392 left  tm-animation move-right\" id=\"tm-heading-69e735d93c68d\">\n\t<h2 class=\"heading\" style=\"\">The <strong>MASSA Project<\/strong> in Caraj\u00e1s<\/h2><\/div>\n\n\n<div class=\"tm-heading left  tm-animation move-right\" id=\"tm-heading-69e735d93c720\">\n\t<div class=\"heading\" style=\"\">An intermediate BFD, which shows the weight of the wagons in 4 quadrants - information that arrives to the operator in just 9 seconds -, in order to make a final fine loading in the second silo, supplying the empty spaces of the wagons evenly, without exceeding the capacity of security.<\/p>\n<p>Then we weigh the gross BFD to consolidate the net weight and its individual billing. In addition, the BFDs present the total weighing of the composition, informing the productivity per operational shift. Anyway, after loading the wagons go through the final weighing of the gross BFD and continue on to the port.<\/p>\n<p>Before this operation, each wagon started with an average of 4 tons below the safety capacity and with a disproportionate distribution of the load inside the wagon, which could cause derailments. With the BFDs installed, in addition to improving road safety, the added value per wagon increased.<\/p>\n<p>Just multiply the 4 tons by 4500 wagons \/ day and see how a good operation and an efficient balance are fundamental for the optimization of the process and profits. Our company stands out for technological innovation and constant improvement, searching for the best solution for your business. , striving for precision and optimization in the weighing process, providing extensive technical assistance, with over 15 years of expertise in the railway sector.<\/div><\/div>\n\n<\/div><\/div><\/div><div id=\"tm-column-69e735d93c79c\" class=\"wpb_column vc_column_container vc_col-sm-4\"><div class=\"vc_column-inner\"><div class=\"wpb_wrapper\">\n\t<div class=\"wpb_single_image wpb_content_element vc_align_center\">\n\t\t\n\t\t<figure class=\"wpb_wrapper vc_figure\">\n\t\t\t<a href=\"https:\/\/massa.ind.br\/wp-content\/uploads\/2020\/04\/massa-layout-site-exemplo-case_03.png\" target=\"_self\" class=\"vc_single_image-wrapper   vc_box_border_grey\"><img loading=\"lazy\" decoding=\"async\" width=\"478\" height=\"490\" src=\"https:\/\/massa.ind.br\/wp-content\/uploads\/2020\/04\/massa-layout-site-exemplo-case_03.png\" class=\"vc_single_image-img attachment-large\" alt=\"\" srcset=\"https:\/\/massa.ind.br\/wp-content\/uploads\/2020\/04\/massa-layout-site-exemplo-case_03.png 478w, https:\/\/massa.ind.br\/wp-content\/uploads\/2020\/04\/massa-layout-site-exemplo-case_03-293x300.png 293w\" sizes=\"auto, (max-width: 478px) 100vw, 478px\" \/><\/a>\n\t\t<\/figure>\n\t<\/div>\n<\/div><\/div><\/div><\/div><div id=\"tm-row-69e735d93cb3b\" class=\"vc_row vc_row-outer vc_row-fluid\"><div id=\"tm-column-69e735d93cc09\" class=\"wpb_column vc_column_container vc_col-sm-12\"><div class=\"vc_column-inner\"><div class=\"wpb_wrapper\">\n<div class=\"tm-heading vc_custom_1585748225738 left  tm-animation move-right\" id=\"tm-heading-69e735d93ccac\">\n\t<h2 class=\"heading\" style=\"\">Which <strong>In Motion Rail Scale <\/strong> are in Caraj\u00e1s?<\/h2><\/div>\n\n<\/div><\/div><\/div><\/div><div id=\"tm-row-69e735d93cd47\" class=\"vc_row vc_row-outer vc_row-fluid\"><div id=\"tm-column-69e735d93cde1\" class=\"wpb_column vc_column_container vc_col-sm-6\"><div class=\"vc_column-inner\"><div class=\"wpb_wrapper\">\n\t<div class=\"wpb_single_image wpb_content_element vc_align_center\">\n\t\t\n\t\t<figure class=\"wpb_wrapper vc_figure\">\n\t\t\t<a data-rel=\"prettyPhoto[rel-1643-69990201]\" href=\"https:\/\/massa.ind.br\/wp-content\/uploads\/2020\/04\/Captura-de-Tela-2020-04-01-a\u0300s-10.38.52-1024x351.png\" target=\"_self\" class=\"vc_single_image-wrapper   vc_box_border_grey prettyphoto\"><img loading=\"lazy\" decoding=\"async\" width=\"640\" height=\"219\" src=\"https:\/\/massa.ind.br\/wp-content\/uploads\/2020\/04\/Captura-de-Tela-2020-04-01-a\u0300s-10.38.52-1024x351.png\" class=\"vc_single_image-img attachment-large\" alt=\"\" srcset=\"https:\/\/massa.ind.br\/wp-content\/uploads\/2020\/04\/Captura-de-Tela-2020-04-01-a\u0300s-10.38.52-1024x351.png 1024w, https:\/\/massa.ind.br\/wp-content\/uploads\/2020\/04\/Captura-de-Tela-2020-04-01-a\u0300s-10.38.52-300x103.png 300w, https:\/\/massa.ind.br\/wp-content\/uploads\/2020\/04\/Captura-de-Tela-2020-04-01-a\u0300s-10.38.52-768x263.png 768w, https:\/\/massa.ind.br\/wp-content\/uploads\/2020\/04\/Captura-de-Tela-2020-04-01-a\u0300s-10.38.52-1536x527.png 1536w, https:\/\/massa.ind.br\/wp-content\/uploads\/2020\/04\/Captura-de-Tela-2020-04-01-a\u0300s-10.38.52-500x172.png 500w, https:\/\/massa.ind.br\/wp-content\/uploads\/2020\/04\/Captura-de-Tela-2020-04-01-a\u0300s-10.38.52.png 1778w\" sizes=\"auto, (max-width: 640px) 100vw, 640px\" \/><\/a>\n\t\t<\/figure>\n\t<\/div>\n<\/div><\/div><\/div><div id=\"tm-column-69e735d93d1fa\" class=\"wpb_column vc_column_container vc_col-sm-6\"><div class=\"vc_column-inner\"><div class=\"wpb_wrapper\">\n\t<div class=\"wpb_single_image wpb_content_element vc_align_center\">\n\t\t\n\t\t<figure class=\"wpb_wrapper vc_figure\">\n\t\t\t<a data-rel=\"prettyPhoto[rel-1643-189720108]\" href=\"https:\/\/massa.ind.br\/wp-content\/uploads\/2020\/04\/Captura-de-Tela-2020-04-01-a\u0300s-10.38.43-1024x361.png\" target=\"_self\" class=\"vc_single_image-wrapper   vc_box_border_grey prettyphoto\"><img loading=\"lazy\" decoding=\"async\" width=\"640\" height=\"226\" src=\"https:\/\/massa.ind.br\/wp-content\/uploads\/2020\/04\/Captura-de-Tela-2020-04-01-a\u0300s-10.38.43-1024x361.png\" class=\"vc_single_image-img attachment-large\" alt=\"\" srcset=\"https:\/\/massa.ind.br\/wp-content\/uploads\/2020\/04\/Captura-de-Tela-2020-04-01-a\u0300s-10.38.43-1024x361.png 1024w, https:\/\/massa.ind.br\/wp-content\/uploads\/2020\/04\/Captura-de-Tela-2020-04-01-a\u0300s-10.38.43-300x106.png 300w, https:\/\/massa.ind.br\/wp-content\/uploads\/2020\/04\/Captura-de-Tela-2020-04-01-a\u0300s-10.38.43-768x271.png 768w, https:\/\/massa.ind.br\/wp-content\/uploads\/2020\/04\/Captura-de-Tela-2020-04-01-a\u0300s-10.38.43-1536x542.png 1536w, https:\/\/massa.ind.br\/wp-content\/uploads\/2020\/04\/Captura-de-Tela-2020-04-01-a\u0300s-10.38.43-500x176.png 500w, https:\/\/massa.ind.br\/wp-content\/uploads\/2020\/04\/Captura-de-Tela-2020-04-01-a\u0300s-10.38.43.png 1564w\" sizes=\"auto, (max-width: 640px) 100vw, 640px\" \/><\/a>\n\t\t<\/figure>\n\t<\/div>\n<\/div><\/div><\/div><\/div><div id=\"tm-row-69e735d93d64e\" class=\"vc_row vc_row-outer vc_row-fluid\"><div id=\"tm-column-69e735d93d71e\" class=\"wpb_column vc_column_container vc_col-sm-6\"><div class=\"vc_column-inner\"><div class=\"wpb_wrapper\"><div class=\"wpb_gallery wpb_content_element vc_clearfix\" ><div class=\"wpb_wrapper\"><div class=\"wpb_gallery_slides wpb_flexslider flexslider_fade flexslider\" data-interval=\"3\" data-flex_fx=\"fade\"><ul class=\"slides\"><li><a class=\"prettyphoto\" href=\"https:\/\/massa.ind.br\/wp-content\/uploads\/2020\/04\/massa-layout-site-exemplo-case_10.png\" data-rel=\"prettyPhoto[rel-1643-2334833454]\"><img loading=\"lazy\" decoding=\"async\" width=\"640\" height=\"240\" src=\"https:\/\/massa.ind.br\/wp-content\/uploads\/2020\/04\/massa-layout-site-exemplo-case_10.png\" class=\"attachment-large\" alt=\"\" srcset=\"https:\/\/massa.ind.br\/wp-content\/uploads\/2020\/04\/massa-layout-site-exemplo-case_10.png 960w, https:\/\/massa.ind.br\/wp-content\/uploads\/2020\/04\/massa-layout-site-exemplo-case_10-300x113.png 300w, https:\/\/massa.ind.br\/wp-content\/uploads\/2020\/04\/massa-layout-site-exemplo-case_10-768x288.png 768w, https:\/\/massa.ind.br\/wp-content\/uploads\/2020\/04\/massa-layout-site-exemplo-case_10-500x188.png 500w\" sizes=\"auto, (max-width: 640px) 100vw, 640px\" \/><\/a><\/li><li><a class=\"prettyphoto\" href=\"https:\/\/massa.ind.br\/wp-content\/uploads\/2020\/04\/Captura-de-Tela-2020-04-20-a\u0300s-14.54.28-1024x764.png\" data-rel=\"prettyPhoto[rel-1643-2334833454]\"><img loading=\"lazy\" decoding=\"async\" width=\"640\" height=\"478\" src=\"https:\/\/massa.ind.br\/wp-content\/uploads\/2020\/04\/Captura-de-Tela-2020-04-20-a\u0300s-14.54.28-1024x764.png\" class=\"attachment-large\" alt=\"\" srcset=\"https:\/\/massa.ind.br\/wp-content\/uploads\/2020\/04\/Captura-de-Tela-2020-04-20-a\u0300s-14.54.28-1024x764.png 1024w, https:\/\/massa.ind.br\/wp-content\/uploads\/2020\/04\/Captura-de-Tela-2020-04-20-a\u0300s-14.54.28-300x224.png 300w, https:\/\/massa.ind.br\/wp-content\/uploads\/2020\/04\/Captura-de-Tela-2020-04-20-a\u0300s-14.54.28-768x573.png 768w, https:\/\/massa.ind.br\/wp-content\/uploads\/2020\/04\/Captura-de-Tela-2020-04-20-a\u0300s-14.54.28-1536x1145.png 1536w, https:\/\/massa.ind.br\/wp-content\/uploads\/2020\/04\/Captura-de-Tela-2020-04-20-a\u0300s-14.54.28-500x373.png 500w, https:\/\/massa.ind.br\/wp-content\/uploads\/2020\/04\/Captura-de-Tela-2020-04-20-a\u0300s-14.54.28.png 2006w\" sizes=\"auto, (max-width: 640px) 100vw, 640px\" \/><\/a><\/li><\/ul><\/div><\/div><\/div><\/div><\/div><\/div><div id=\"tm-column-69e735d93f323\" class=\"wpb_column vc_column_container vc_col-sm-6\"><div class=\"vc_column-inner\"><div class=\"wpb_wrapper\"><div class=\"tm-box-icon-wrap style-1\">\n\t<div class=\"tm-box-icon  style-1 secondary-background-color-hover-important secondary-border-color-hover-important tm-animation scale-up\" id=\"tm-heading-69e735d93f42c\">\n\t\t\t\t<div class=\"content-wrap\">\n\t\t\t\t\t\t\t\t\t\t\t\t<div class=\"icon\">\n\t\t\t\t\t\t<i class=\"cp-17 secondary-color\"><\/i>\n\t\t\t\t\t<\/div>\n\t\t\t\t\t\t\t\t\t\t<div class=\"content\">\n\t\t\t\t\t\t\t\t\t<h4 class=\"heading\">\n\t\t\t\t\t\t\n\t\t\t\t\t\t\tInstalled Structure\n\t\t\t\t\t\t\t\n\t\t\t\t\t<\/h4>\n\t\t\t\t\t\t\t\t\t\t\t\t\t<div class=\"text\">\n\t\t\t\t\t\t8 Scales, of which: 3 Tare Scales \/ 3 Gross Scales \/ 2 Intermediate Scales - Working Conditions: Aggressive - SIMM S-02 (tare and gross) and SIMM S-05 (intermediate) scales with IP68 protection.\t\t\t\t\t<\/div>\n\t\t\t\t\n\t\t\t\t\t\t\t<\/div>\n\t\t<\/div>\n\t<\/div>\n<\/div>\n<\/div><\/div><\/div><\/div><div id=\"tm-row-69e735d93f4e2\" class=\"vc_row vc_row-outer vc_row-fluid vc_row-o-content-middle vc_row-flex\"><div id=\"tm-column-69e735d93f5dc\" class=\"wpb_column vc_column_container vc_col-sm-6\"><div class=\"vc_column-inner\"><div class=\"wpb_wrapper\">\n<div class=\"tm-heading vc_custom_1585749149588 left  tm-animation move-right\" id=\"tm-heading-69e735d93f6ac\">\n\t<h2 class=\"heading\" style=\"\">Loading in <strong>volumetric semiautomatic<\/strong> with TOP-OFF<\/h2><\/div>\n\n\n<div class=\"tm-heading left  tm-animation move-right\" id=\"tm-heading-69e735d93f764\">\n\t<div class=\"heading\" style=\"\">In this model, there is a main loading silo integrated with a secondary post silo. The secondary silo complements the loading carried out in the main silo, in order to optimize the use of the wagon.<\/p>\n<p>In Serra Norte, this loading model was installed in silos 1 and 2 (added to silos 35 and 36, respectively). The main silo carries approximately 90% of the dimensioned load (target weight) for the type of wagon positioned (GDT or GDU). An intermediate BFD determines the gross weight of the loaded wagon and informs it to the Top-off supervisor, who will dimension the load to be supplemented on the wagon (approximately 10%). The load distribution in the Top-off silo is guided by a profile identifier, seeking a balanced longitudinal distribution.<\/div><\/div>\n\n<\/div><\/div><\/div><div id=\"tm-column-69e735d93f7ed\" class=\"wpb_column vc_column_container vc_col-sm-6\"><div class=\"vc_column-inner\"><div class=\"wpb_wrapper\">\n\t<div class=\"wpb_raw_code wpb_content_element wpb_raw_html\" >\n\t\t<div class=\"wpb_wrapper\">\n\t\t\t<iframe loading=\"lazy\" width=\"560\" height=\"315\" src=\"https:\/\/www.youtube.com\/embed\/NBslHL2NxTk\" frameborder=\"0\" allow=\"accelerometer; autoplay; encrypted-media; gyroscope; picture-in-picture\" allowfullscreen><\/iframe>\n\t\t<\/div>\n\t<\/div>\n\n<div class=\"tm-heading center highlight-text tm-animation move-right\" id=\"tm-heading-69e735d93f957\">\n\t<div class=\"heading\" style=\"\">Excerpt from Discovery Channel's video \u201cCountdown\u201d.<\/div><\/div>\n\n<\/div><\/div><\/div><\/div>","protected":false},"excerpt":{"rendered":"Case CARAJ\u00c1S O objetivo da MASSA como empresa \u00e9 apresentar a melhor solu\u00e7\u00e3o para o cliente, e que a balan\u00e7a seja um investimento de r\u00e1pido retorno. Nosso produto \u00e9 o \u00fanico que permite manobras sem perda de dados e, algumas empresas est\u00e3o otimizando o carregamento dos vag\u00f5es, utilizando sua capacidade m\u00e1xima. \u00c9 o caso de Caraj\u00e1s, em que entre dois silos foram instaladas 3 balan\u00e7as din\u00e2micas. A primeira pesa a tara do vag\u00e3o, em seguida \u00e9 feito o \u201ccarregamento bruto\u201d no primeiro silo. Nossa empresa se destaca pela inova\u00e7\u00e3o tecnol\u00f3gica e o aperfei\u00e7oamento constante, buscando a melhor solu\u00e7\u00e3o para seu neg\u00f3cio, primando pela precis\u00e3o e a otimiza\u00e7\u00e3o no processo de pesagem, fornecendo ampla assist\u00eancia t\u00e9cnica, com mais de 15 anos de expertise no setor ferrovi\u00e1rio. ENTRE EM CONTATO O Projeto da Massa em Caraj\u00e1s Uma BFD intermedi\u00e1ria, que mostra o peso dos vag\u00f5es em 4 quadrantes \u2013 informa\u00e7\u00e3o que chega para o operador em apenas 9 segundos -, para no segundo silo fazer um carregamento fino final, abastecendo os espa\u00e7os vazios dos vag\u00f5es de forma uniforme, sem ultrapassar a capacidade de seguran\u00e7a. Depois ocorre a pesagem na BFD de bruto para consolida\u00e7\u00e3o do peso l\u00edquido e seu faturamento individual. Al\u00e9m disso as BFDs apresentam a totaliza\u00e7\u00e3o de pesagem da composi\u00e7\u00e3o informando a produtividade por turno operacional. Enfim, ap\u00f3s o carregamento os vag\u00f5es passam pela pesagem final da BFD de bruto e seguem viagem para o porto. Antes desta opera\u00e7\u00e3o cada vag\u00e3o partia com uma m\u00e9dia de 4 tonelada abaixo da capacidade de seguran\u00e7a e com distribui\u00e7\u00e3o desproporcional da carga dentro do vag\u00e3o, o que podia ocasionar descarrilamentos. Com as BFDs instaladas, al\u00e9m da melhoria da seguran\u00e7a da via o valor agregado por vag\u00e3o aumentou. Basta multiplicar as 4 toneladas pelos 4500 vag\u00f5es\/dia e ver como uma boa opera\u00e7\u00e3o e uma balan\u00e7a eficiente s\u00e3o fundamentais para a otimiza\u00e7\u00e3o do processo e dos lucros.Nossa empresa se destaca pela inova\u00e7\u00e3o tecnol\u00f3gica e o aperfei\u00e7oamento constante, buscando a melhor solu\u00e7\u00e3o para seu neg\u00f3cio, primando pela precis\u00e3o e a otimiza\u00e7\u00e3o no processo de pesagem, fornecendo ampla assist\u00eancia t\u00e9cnica, com mais de 15 anos de expertise no setor ferrovi\u00e1rio. Quais Balan\u00e7as Ferrovi\u00e1rias Din\u00e2micas est\u00e3o em Caraj\u00e1s? Estrutura Instalada 8 Balan\u00e7as, sendo: 3 Balan\u00e7as de Tara \/ 3 Balan\u00e7as de Bruto \/ 2 Balan\u00e7as Intermedi\u00e1rias - Condi\u00e7\u00f5es de Trabalho: Agressiva - Balan\u00e7as SIMM S-02 (tara e bruto) e SIMM S-05 (intermedi\u00e1ria) com prote\u00e7\u00e3o IP68. Carregamento em silo de semiautom\u00e1tico volum\u00e9trico com TOP-OFF Neste modelo, h\u00e1 um silo de carregamento principal integrado a um p\u00f3s-silo secund\u00e1rio. O silo secund\u00e1rio complementa o carregamento realizado no silo principal, visando otimizar o aproveitamento do vag\u00e3o. Em Serra Norte, este modelo de carregamento foi instalado nos silos 1 e 2 (agregados aos silos 35 e 36, respectivamente). O silo principal carrega aproximadamente 90% da carga dimensionada (peso alvo) para o tipo de vag\u00e3o posicionado (GDT ou GDU). Uma BFD intermedi\u00e1ria apura o peso bruto do vag\u00e3o carregado e o informa ao supervis\u00f3rio do Top-off, que dimensionar\u00e1 a carga a ser complementada no vag\u00e3o (aproximadamente 10%). A distribui\u00e7\u00e3o da carga no silo Top-off \u00e9 orientada por um identificador de perfil, buscando uma distribui\u00e7\u00e3o longitudinal equilibrada. Trecho do v\u00eddeo do Discovery Channel \u201cContagem Regressiva\u201d.","protected":false},"author":1,"featured_media":0,"parent":1708,"menu_order":0,"comment_status":"closed","ping_status":"closed","template":"","meta":{"footnotes":""},"class_list":["post-1643","page","type-page","status-publish","hentry"],"yoast_head":"<!-- This site is optimized with the Yoast SEO plugin v24.7 - https:\/\/yoast.com\/wordpress\/plugins\/seo\/ -->\n<title>Caraj\u00e1s - Massa - Pesagem e Automa\u00e7\u00e3o Industrial<\/title>\n<meta name=\"robots\" content=\"index, follow, max-snippet:-1, max-image-preview:large, max-video-preview:-1\" \/>\n<link rel=\"canonical\" href=\"https:\/\/massa.ind.br\/en\/cases\/carajas\/\" \/>\n<meta property=\"og:locale\" content=\"en_US\" \/>\n<meta property=\"og:type\" content=\"article\" \/>\n<meta property=\"og:title\" content=\"Caraj\u00e1s - Massa - Pesagem e Automa\u00e7\u00e3o Industrial\" \/>\n<meta property=\"og:url\" content=\"https:\/\/massa.ind.br\/en\/cases\/carajas\/\" \/>\n<meta property=\"og:site_name\" content=\"Massa - Pesagem e Automa\u00e7\u00e3o Industrial\" \/>\n<meta property=\"article:modified_time\" content=\"2020-04-20T20:02:24+00:00\" \/>\n<meta name=\"twitter:card\" content=\"summary_large_image\" \/>\n<meta name=\"twitter:label1\" content=\"Est. reading time\" \/>\n\t<meta name=\"twitter:data1\" content=\"6 minutes\" \/>\n<script type=\"application\/ld+json\" class=\"yoast-schema-graph\">{\"@context\":\"https:\/\/schema.org\",\"@graph\":[{\"@type\":\"WebPage\",\"@id\":\"https:\/\/massa.ind.br\/es\/cases\/carajas\/\",\"url\":\"https:\/\/massa.ind.br\/es\/cases\/carajas\/\",\"name\":\"Caraj\u00e1s - Massa - Pesagem e Automa\u00e7\u00e3o Industrial\",\"isPartOf\":{\"@id\":\"https:\/\/massa.ind.br\/#website\"},\"datePublished\":\"2020-04-01T13:12:46+00:00\",\"dateModified\":\"2020-04-20T20:02:24+00:00\",\"breadcrumb\":{\"@id\":\"https:\/\/massa.ind.br\/es\/cases\/carajas\/#breadcrumb\"},\"inLanguage\":\"en-US\",\"potentialAction\":[{\"@type\":\"ReadAction\",\"target\":[\"https:\/\/massa.ind.br\/es\/cases\/carajas\/\"]}]},{\"@type\":\"BreadcrumbList\",\"@id\":\"https:\/\/massa.ind.br\/es\/cases\/carajas\/#breadcrumb\",\"itemListElement\":[{\"@type\":\"ListItem\",\"position\":1,\"name\":\"In\u00edcio\",\"item\":\"https:\/\/massa.ind.br\/\"},{\"@type\":\"ListItem\",\"position\":2,\"name\":\"Cases\",\"item\":\"https:\/\/massa.ind.br\/es\/cases\/\"},{\"@type\":\"ListItem\",\"position\":3,\"name\":\"Caraj\u00e1s\"}]},{\"@type\":\"WebSite\",\"@id\":\"https:\/\/massa.ind.br\/#website\",\"url\":\"https:\/\/massa.ind.br\/\",\"name\":\"Massa - Pesagem e Automa\u00e7\u00e3o Industrial\",\"description\":\"S\u00f3 mais um site WordPress\",\"potentialAction\":[{\"@type\":\"SearchAction\",\"target\":{\"@type\":\"EntryPoint\",\"urlTemplate\":\"https:\/\/massa.ind.br\/?s={search_term_string}\"},\"query-input\":{\"@type\":\"PropertyValueSpecification\",\"valueRequired\":true,\"valueName\":\"search_term_string\"}}],\"inLanguage\":\"en-US\"}]}<\/script>\n<!-- \/ Yoast SEO plugin. -->","yoast_head_json":{"title":"Caraj\u00e1s - Massa - Pesagem e Automa\u00e7\u00e3o Industrial","robots":{"index":"index","follow":"follow","max-snippet":"max-snippet:-1","max-image-preview":"max-image-preview:large","max-video-preview":"max-video-preview:-1"},"canonical":"https:\/\/massa.ind.br\/en\/cases\/carajas\/","og_locale":"en_US","og_type":"article","og_title":"Caraj\u00e1s - Massa - Pesagem e Automa\u00e7\u00e3o Industrial","og_url":"https:\/\/massa.ind.br\/en\/cases\/carajas\/","og_site_name":"Massa - Pesagem e Automa\u00e7\u00e3o Industrial","article_modified_time":"2020-04-20T20:02:24+00:00","twitter_card":"summary_large_image","twitter_misc":{"Est. reading time":"6 minutes"},"schema":{"@context":"https:\/\/schema.org","@graph":[{"@type":"WebPage","@id":"https:\/\/massa.ind.br\/es\/cases\/carajas\/","url":"https:\/\/massa.ind.br\/es\/cases\/carajas\/","name":"Caraj\u00e1s - Massa - Pesagem e Automa\u00e7\u00e3o Industrial","isPartOf":{"@id":"https:\/\/massa.ind.br\/#website"},"datePublished":"2020-04-01T13:12:46+00:00","dateModified":"2020-04-20T20:02:24+00:00","breadcrumb":{"@id":"https:\/\/massa.ind.br\/es\/cases\/carajas\/#breadcrumb"},"inLanguage":"en-US","potentialAction":[{"@type":"ReadAction","target":["https:\/\/massa.ind.br\/es\/cases\/carajas\/"]}]},{"@type":"BreadcrumbList","@id":"https:\/\/massa.ind.br\/es\/cases\/carajas\/#breadcrumb","itemListElement":[{"@type":"ListItem","position":1,"name":"In\u00edcio","item":"https:\/\/massa.ind.br\/"},{"@type":"ListItem","position":2,"name":"Cases","item":"https:\/\/massa.ind.br\/es\/cases\/"},{"@type":"ListItem","position":3,"name":"Caraj\u00e1s"}]},{"@type":"WebSite","@id":"https:\/\/massa.ind.br\/#website","url":"https:\/\/massa.ind.br\/","name":"Massa - Pesagem e Automa\u00e7\u00e3o Industrial","description":"S\u00f3 mais um site WordPress","potentialAction":[{"@type":"SearchAction","target":{"@type":"EntryPoint","urlTemplate":"https:\/\/massa.ind.br\/?s={search_term_string}"},"query-input":{"@type":"PropertyValueSpecification","valueRequired":true,"valueName":"search_term_string"}}],"inLanguage":"en-US"}]}},"_links":{"self":[{"href":"https:\/\/massa.ind.br\/en\/wp-json\/wp\/v2\/pages\/1643","targetHints":{"allow":["GET"]}}],"collection":[{"href":"https:\/\/massa.ind.br\/en\/wp-json\/wp\/v2\/pages"}],"about":[{"href":"https:\/\/massa.ind.br\/en\/wp-json\/wp\/v2\/types\/page"}],"author":[{"embeddable":true,"href":"https:\/\/massa.ind.br\/en\/wp-json\/wp\/v2\/users\/1"}],"replies":[{"embeddable":true,"href":"https:\/\/massa.ind.br\/en\/wp-json\/wp\/v2\/comments?post=1643"}],"version-history":[{"count":23,"href":"https:\/\/massa.ind.br\/en\/wp-json\/wp\/v2\/pages\/1643\/revisions"}],"predecessor-version":[{"id":2063,"href":"https:\/\/massa.ind.br\/en\/wp-json\/wp\/v2\/pages\/1643\/revisions\/2063"}],"up":[{"embeddable":true,"href":"https:\/\/massa.ind.br\/en\/wp-json\/wp\/v2\/pages\/1708"}],"wp:attachment":[{"href":"https:\/\/massa.ind.br\/en\/wp-json\/wp\/v2\/media?parent=1643"}],"curies":[{"name":"wp","href":"https:\/\/api.w.org\/{rel}","templated":true}]}}