{"id":10,"date":"2017-07-31T03:44:34","date_gmt":"2017-07-31T03:44:34","guid":{"rendered":"https:\/\/massa.ind.br\/about-01\/"},"modified":"2020-04-06T11:27:05","modified_gmt":"2020-04-06T14:27:05","slug":"sobre-nos","status":"publish","type":"page","link":"https:\/\/massa.ind.br\/en\/sobre-nos\/","title":{"rendered":"Sobre N\u00f3s"},"content":{"rendered":"<div id=\"tm-row-69eec65d1b4b7\" class=\"vc_row vc_row-outer vc_row-fluid vc_row-o-content-middle vc_row-flex\"><div id=\"tm-column-69eec65d1b681\" class=\"wpb_column vc_column_container vc_col-sm-6\"><div class=\"vc_column-inner\"><div class=\"wpb_wrapper\"><div class=\"wpb_gallery wpb_content_element vc_clearfix\" ><div class=\"wpb_wrapper\"><div class=\"wpb_gallery_slides wpb_flexslider flexslider_fade flexslider\" data-interval=\"3\" data-flex_fx=\"fade\"><ul class=\"slides\"><li><a class=\"prettyphoto\" href=\"https:\/\/massa.ind.br\/wp-content\/uploads\/2020\/03\/FABRICA_IP68_CARAJAS_20171110_152308.jpg\" data-rel=\"prettyPhoto[rel-10-2127433560]\"><img loading=\"lazy\" decoding=\"async\" width=\"640\" height=\"360\" src=\"https:\/\/massa.ind.br\/wp-content\/uploads\/2020\/03\/FABRICA_IP68_CARAJAS_20171110_152308.jpg\" class=\"attachment-large\" alt=\"\" srcset=\"https:\/\/massa.ind.br\/wp-content\/uploads\/2020\/03\/FABRICA_IP68_CARAJAS_20171110_152308.jpg 800w, https:\/\/massa.ind.br\/wp-content\/uploads\/2020\/03\/FABRICA_IP68_CARAJAS_20171110_152308-300x169.jpg 300w, https:\/\/massa.ind.br\/wp-content\/uploads\/2020\/03\/FABRICA_IP68_CARAJAS_20171110_152308-768x432.jpg 768w, https:\/\/massa.ind.br\/wp-content\/uploads\/2020\/03\/FABRICA_IP68_CARAJAS_20171110_152308-500x281.jpg 500w\" sizes=\"auto, (max-width: 640px) 100vw, 640px\" \/><\/a><\/li><li><a class=\"prettyphoto\" href=\"https:\/\/massa.ind.br\/wp-content\/uploads\/2020\/03\/FABRICA_IP68_CARAJAS_20171101_151042.jpg\" data-rel=\"prettyPhoto[rel-10-2127433560]\"><img loading=\"lazy\" decoding=\"async\" width=\"640\" height=\"360\" src=\"https:\/\/massa.ind.br\/wp-content\/uploads\/2020\/03\/FABRICA_IP68_CARAJAS_20171101_151042.jpg\" class=\"attachment-large\" alt=\"\" srcset=\"https:\/\/massa.ind.br\/wp-content\/uploads\/2020\/03\/FABRICA_IP68_CARAJAS_20171101_151042.jpg 800w, https:\/\/massa.ind.br\/wp-content\/uploads\/2020\/03\/FABRICA_IP68_CARAJAS_20171101_151042-300x169.jpg 300w, https:\/\/massa.ind.br\/wp-content\/uploads\/2020\/03\/FABRICA_IP68_CARAJAS_20171101_151042-768x432.jpg 768w, https:\/\/massa.ind.br\/wp-content\/uploads\/2020\/03\/FABRICA_IP68_CARAJAS_20171101_151042-500x281.jpg 500w\" sizes=\"auto, (max-width: 640px) 100vw, 640px\" \/><\/a><\/li><li><a class=\"prettyphoto\" href=\"https:\/\/massa.ind.br\/wp-content\/uploads\/2020\/03\/FABRICA_IP68_CARAJAS_20171110_194058.jpg\" data-rel=\"prettyPhoto[rel-10-2127433560]\"><img loading=\"lazy\" decoding=\"async\" width=\"640\" height=\"360\" src=\"https:\/\/massa.ind.br\/wp-content\/uploads\/2020\/03\/FABRICA_IP68_CARAJAS_20171110_194058.jpg\" class=\"attachment-large\" alt=\"\" srcset=\"https:\/\/massa.ind.br\/wp-content\/uploads\/2020\/03\/FABRICA_IP68_CARAJAS_20171110_194058.jpg 800w, https:\/\/massa.ind.br\/wp-content\/uploads\/2020\/03\/FABRICA_IP68_CARAJAS_20171110_194058-300x169.jpg 300w, https:\/\/massa.ind.br\/wp-content\/uploads\/2020\/03\/FABRICA_IP68_CARAJAS_20171110_194058-768x432.jpg 768w, https:\/\/massa.ind.br\/wp-content\/uploads\/2020\/03\/FABRICA_IP68_CARAJAS_20171110_194058-500x281.jpg 500w\" sizes=\"auto, (max-width: 640px) 100vw, 640px\" \/><\/a><\/li><li><a class=\"prettyphoto\" href=\"https:\/\/massa.ind.br\/wp-content\/uploads\/2020\/03\/FABRICA_IP68_CARAJAS_20171110_201815.jpg\" data-rel=\"prettyPhoto[rel-10-2127433560]\"><img loading=\"lazy\" decoding=\"async\" width=\"640\" height=\"360\" src=\"https:\/\/massa.ind.br\/wp-content\/uploads\/2020\/03\/FABRICA_IP68_CARAJAS_20171110_201815.jpg\" class=\"attachment-large\" alt=\"\" srcset=\"https:\/\/massa.ind.br\/wp-content\/uploads\/2020\/03\/FABRICA_IP68_CARAJAS_20171110_201815.jpg 800w, https:\/\/massa.ind.br\/wp-content\/uploads\/2020\/03\/FABRICA_IP68_CARAJAS_20171110_201815-300x169.jpg 300w, https:\/\/massa.ind.br\/wp-content\/uploads\/2020\/03\/FABRICA_IP68_CARAJAS_20171110_201815-768x432.jpg 768w, https:\/\/massa.ind.br\/wp-content\/uploads\/2020\/03\/FABRICA_IP68_CARAJAS_20171110_201815-500x281.jpg 500w\" sizes=\"auto, (max-width: 640px) 100vw, 640px\" \/><\/a><\/li><li><a class=\"prettyphoto\" href=\"https:\/\/massa.ind.br\/wp-content\/uploads\/2020\/03\/FABRICA_IP68_CARAJAS_IMG-20171107-WA0023.jpg\" data-rel=\"prettyPhoto[rel-10-2127433560]\"><img loading=\"lazy\" decoding=\"async\" width=\"640\" height=\"360\" src=\"https:\/\/massa.ind.br\/wp-content\/uploads\/2020\/03\/FABRICA_IP68_CARAJAS_IMG-20171107-WA0023.jpg\" class=\"attachment-large\" alt=\"\" srcset=\"https:\/\/massa.ind.br\/wp-content\/uploads\/2020\/03\/FABRICA_IP68_CARAJAS_IMG-20171107-WA0023.jpg 800w, https:\/\/massa.ind.br\/wp-content\/uploads\/2020\/03\/FABRICA_IP68_CARAJAS_IMG-20171107-WA0023-300x169.jpg 300w, https:\/\/massa.ind.br\/wp-content\/uploads\/2020\/03\/FABRICA_IP68_CARAJAS_IMG-20171107-WA0023-768x432.jpg 768w, https:\/\/massa.ind.br\/wp-content\/uploads\/2020\/03\/FABRICA_IP68_CARAJAS_IMG-20171107-WA0023-500x281.jpg 500w\" sizes=\"auto, (max-width: 640px) 100vw, 640px\" \/><\/a><\/li><li><a class=\"prettyphoto\" href=\"https:\/\/massa.ind.br\/wp-content\/uploads\/2020\/03\/FABRICA_IP68_CARAJAS_IMG-20171107-WA0031.jpg\" data-rel=\"prettyPhoto[rel-10-2127433560]\"><img loading=\"lazy\" decoding=\"async\" width=\"640\" height=\"360\" src=\"https:\/\/massa.ind.br\/wp-content\/uploads\/2020\/03\/FABRICA_IP68_CARAJAS_IMG-20171107-WA0031.jpg\" class=\"attachment-large\" alt=\"\" srcset=\"https:\/\/massa.ind.br\/wp-content\/uploads\/2020\/03\/FABRICA_IP68_CARAJAS_IMG-20171107-WA0031.jpg 800w, https:\/\/massa.ind.br\/wp-content\/uploads\/2020\/03\/FABRICA_IP68_CARAJAS_IMG-20171107-WA0031-300x169.jpg 300w, https:\/\/massa.ind.br\/wp-content\/uploads\/2020\/03\/FABRICA_IP68_CARAJAS_IMG-20171107-WA0031-768x432.jpg 768w, https:\/\/massa.ind.br\/wp-content\/uploads\/2020\/03\/FABRICA_IP68_CARAJAS_IMG-20171107-WA0031-500x281.jpg 500w\" sizes=\"auto, (max-width: 640px) 100vw, 640px\" \/><\/a><\/li><li><a class=\"prettyphoto\" href=\"https:\/\/massa.ind.br\/wp-content\/uploads\/2020\/03\/FABRICA_IP68_S11D_20180322_152357.jpg\" data-rel=\"prettyPhoto[rel-10-2127433560]\"><img loading=\"lazy\" decoding=\"async\" width=\"600\" height=\"450\" src=\"https:\/\/massa.ind.br\/wp-content\/uploads\/2020\/03\/FABRICA_IP68_S11D_20180322_152357.jpg\" class=\"attachment-large\" alt=\"\" srcset=\"https:\/\/massa.ind.br\/wp-content\/uploads\/2020\/03\/FABRICA_IP68_S11D_20180322_152357.jpg 600w, https:\/\/massa.ind.br\/wp-content\/uploads\/2020\/03\/FABRICA_IP68_S11D_20180322_152357-300x225.jpg 300w, https:\/\/massa.ind.br\/wp-content\/uploads\/2020\/03\/FABRICA_IP68_S11D_20180322_152357-500x375.jpg 500w\" sizes=\"auto, (max-width: 600px) 100vw, 600px\" \/><\/a><\/li><li><a class=\"prettyphoto\" href=\"https:\/\/massa.ind.br\/wp-content\/uploads\/2020\/03\/PeD_IP68_S11D_20180321_153931.jpg\" data-rel=\"prettyPhoto[rel-10-2127433560]\"><img loading=\"lazy\" decoding=\"async\" width=\"600\" height=\"450\" src=\"https:\/\/massa.ind.br\/wp-content\/uploads\/2020\/03\/PeD_IP68_S11D_20180321_153931.jpg\" class=\"attachment-large\" alt=\"\" srcset=\"https:\/\/massa.ind.br\/wp-content\/uploads\/2020\/03\/PeD_IP68_S11D_20180321_153931.jpg 600w, https:\/\/massa.ind.br\/wp-content\/uploads\/2020\/03\/PeD_IP68_S11D_20180321_153931-300x225.jpg 300w, https:\/\/massa.ind.br\/wp-content\/uploads\/2020\/03\/PeD_IP68_S11D_20180321_153931-500x375.jpg 500w\" sizes=\"auto, (max-width: 600px) 100vw, 600px\" \/><\/a><\/li><\/ul><\/div><\/div><\/div><\/div><\/div><\/div><div id=\"tm-column-69eec65d1c824\" class=\"wpb_column vc_column_container vc_col-sm-6\"><div class=\"vc_column-inner\"><div class=\"wpb_wrapper\">\n<div class=\"tm-heading vc_custom_1585679581955 left  tm-animation move-right\" id=\"tm-heading-69eec65d1c934\">\n\t<h2 class=\"heading\" style=\"\">About <strong>our<\/strong> history<\/h2><\/div>\n\n\n<div class=\"tm-heading left  tm-animation move-right\" id=\"tm-heading-69eec65d1c9d2\">\n\t<div class=\"heading\" style=\"\">MASSA Weighing and Industrial Automation is the market leader in the In Motion Rail Scale(IMRS) sector. It has railway scales in operation at the terminals of the largest companies in the mining, steel and agribusiness sectors in Brazil and, since 2017, also abroad.<br \/>\nOur company stands out for technological innovation and constant improvement, seeking the best solution for your business, striving for precision and optimization in the weighing process, providing extensive technical assistance, with over 15 years of expertise in the railway sector.<\/div><\/div>\n\n<div class=\"tm-button-wrapper  tm-animation scale-up\" id=\"tm-button-69eec65d1ca7a\">\n\t\t<a class=\"tm-button style-1 tm-button-nm tm-button-secondary has-shadow\" href=\"https:\/\/massa.ind.br\/en\/contato\/\"\n\t\ttarget=\" _blank\"\t>\n\t\t<span>\n\t\t\t\t\t\tCONTACT NOW\t\t\t\t\t<\/span>\n\t<\/a>\n<\/div>\n<\/div><\/div><\/div><\/div><div id=\"tm-row-69eec65d1cb43\" class=\"vc_row vc_row-outer vc_row-fluid\"><div id=\"tm-column-69eec65d1cc0d\" class=\"wpb_column vc_column_container vc_col-sm-4\"><div class=\"vc_column-inner\"><div class=\"wpb_wrapper\"><div class=\"tm-box-icon-wrap style-1\">\n\t<div class=\"tm-box-icon  style-1 secondary-background-color-hover-important secondary-border-color-hover-important tm-animation scale-up\" id=\"tm-heading-69eec65d1cceb\">\n\t\t\t\t<div class=\"content-wrap\">\n\t\t\t\t\t\t\t\t\t\t\t\t<div class=\"icon\">\n\t\t\t\t\t\t<i class=\"cp-1 secondary-color\"><\/i>\n\t\t\t\t\t<\/div>\n\t\t\t\t\t\t\t\t\t\t<div class=\"content\">\n\t\t\t\t\t\t\t\t\t<h4 class=\"heading\">\n\t\t\t\t\t\t\n\t\t\t\t\t\t\tOur mission\n\t\t\t\t\t\t\t\n\t\t\t\t\t<\/h4>\n\t\t\t\t\t\t\t\t\t\t\t\t\t<div class=\"text\">\n\t\t\t\t\t\tDevelop, produce and provide innovative measurement solutions that offer integration, safety and reliability for the railway market.\t\t\t\t\t<\/div>\n\t\t\t\t\n\t\t\t\t\t\t\t<\/div>\n\t\t<\/div>\n\t<\/div>\n<\/div>\n<\/div><\/div><\/div><div id=\"tm-column-69eec65d1cd66\" class=\"wpb_column vc_column_container vc_col-sm-4\"><div class=\"vc_column-inner\"><div class=\"wpb_wrapper\"><div class=\"tm-box-icon-wrap style-1\">\n\t<div class=\"tm-box-icon  style-1 secondary-background-color-hover-important secondary-border-color-hover-important tm-animation scale-up\" id=\"tm-heading-69eec65d1cdfd\">\n\t\t\t\t<div class=\"content-wrap\">\n\t\t\t\t\t\t\t\t\t\t\t\t<div class=\"icon\">\n\t\t\t\t\t\t<i class=\"cp-2 secondary-color\"><\/i>\n\t\t\t\t\t<\/div>\n\t\t\t\t\t\t\t\t\t\t<div class=\"content\">\n\t\t\t\t\t\t\t\t\t<h4 class=\"heading\">\n\t\t\t\t\t\t\n\t\t\t\t\t\t\tOur vision\n\t\t\t\t\t\t\t\n\t\t\t\t\t<\/h4>\n\t\t\t\t\t\t\t\t\t\t\t\t\t<div class=\"text\">\n\t\t\t\t\t\tBy 2025, become the leading company in the In Motion Rail Scale segment in the Latin American market.\t\t\t\t\t<\/div>\n\t\t\t\t\n\t\t\t\t\t\t\t<\/div>\n\t\t<\/div>\n\t<\/div>\n<\/div>\n<\/div><\/div><\/div><div id=\"tm-column-69eec65d1ce81\" class=\"wpb_column vc_column_container vc_col-sm-4\"><div class=\"vc_column-inner\"><div class=\"wpb_wrapper\"><div class=\"tm-box-icon-wrap style-1\">\n\t<div class=\"tm-box-icon  style-1 secondary-background-color-hover-important secondary-border-color-hover-important tm-animation scale-up\" id=\"tm-heading-69eec65d1cf43\">\n\t\t\t\t<div class=\"content-wrap\">\n\t\t\t\t\t\t\t\t\t\t\t\t<div class=\"icon\">\n\t\t\t\t\t\t<i class=\"cp-3 secondary-color\"><\/i>\n\t\t\t\t\t<\/div>\n\t\t\t\t\t\t\t\t\t\t<div class=\"content\">\n\t\t\t\t\t\t\t\t\t<h4 class=\"heading\">\n\t\t\t\t\t\t\n\t\t\t\t\t\t\tOur values\n\t\t\t\t\t\t\t\n\t\t\t\t\t<\/h4>\n\t\t\t\t\t\t\t\t\t\t\t\t\t<div class=\"text\">\n\t\t\t\t\t\tValuing our employees; Respect and zeal for the environment; Sustainability; Act ethically.\t\t\t\t\t<\/div>\n\t\t\t\t\n\t\t\t\t\t\t\t<\/div>\n\t\t<\/div>\n\t<\/div>\n<\/div>\n<\/div><\/div><\/div><\/div><div id=\"tm-row-69eec65d1cfc7\" class=\"vc_row vc_row-outer vc_row-fluid\"><div id=\"tm-column-69eec65d1d06a\" class=\"wpb_column vc_column_container vc_col-sm-6\"><div class=\"vc_column-inner\"><div class=\"wpb_wrapper\"><div class=\"tm-box-icon-wrap style-1\">\n\t<div class=\"tm-box-icon  style-1 secondary-background-color-hover-important secondary-border-color-hover-important tm-animation scale-up\" id=\"tm-heading-69eec65d1d109\">\n\t\t\t\t<div class=\"content-wrap\">\n\t\t\t\t\t\t\t\t\t\t\t\t<div class=\"icon\">\n\t\t\t\t\t\t<i class=\"cp-5 secondary-color\"><\/i>\n\t\t\t\t\t<\/div>\n\t\t\t\t\t\t\t\t\t\t<div class=\"content\">\n\t\t\t\t\t\t\t\t\t<h4 class=\"heading\">\n\t\t\t\t\t\t\n\t\t\t\t\t\t\tOur Goals\n\t\t\t\t\t\t\t\n\t\t\t\t\t<\/h4>\n\t\t\t\t\t\t\t\t\t\t\t\t\t<div class=\"text\">\n\t\t\t\t\t\tEnsure customer satisfaction; Optimize the production management system; Promote the training of our employees; Encourage innovation in favor of the customer.\t\t\t\t\t<\/div>\n\t\t\t\t\n\t\t\t\t\t\t\t<\/div>\n\t\t<\/div>\n\t<\/div>\n<\/div>\n<\/div><\/div><\/div><div id=\"tm-column-69eec65d1d171\" class=\"wpb_column vc_column_container vc_col-sm-6\"><div class=\"vc_column-inner\"><div class=\"wpb_wrapper\"><div class=\"tm-box-icon-wrap style-1\">\n\t<div class=\"tm-box-icon  style-1 secondary-background-color-hover-important secondary-border-color-hover-important tm-animation scale-up\" id=\"tm-heading-69eec65d1d219\">\n\t\t\t\t<div class=\"content-wrap\">\n\t\t\t\t\t\t\t\t\t\t\t\t<div class=\"icon\">\n\t\t\t\t\t\t<i class=\"cp-17 secondary-color\"><\/i>\n\t\t\t\t\t<\/div>\n\t\t\t\t\t\t\t\t\t\t<div class=\"content\">\n\t\t\t\t\t\t\t\t\t<h4 class=\"heading\">\n\t\t\t\t\t\t\n\t\t\t\t\t\t\tQuality policy\n\t\t\t\t\t\t\t\n\t\t\t\t\t<\/h4>\n\t\t\t\t\t\t\t\t\t\t\t\t\t<div class=\"text\">\n\t\t\t\t\t\tMASSA is committed to providing and maintaining innovative measurement systems and, for that, we practice: Meeting the requirements of our customers; The continuous improvement of our processes; Valuing and training our employees and partners.\t\t\t\t\t<\/div>\n\t\t\t\t\n\t\t\t\t\t\t\t<\/div>\n\t\t<\/div>\n\t<\/div>\n<\/div>\n<\/div><\/div><\/div><\/div>","protected":false},"excerpt":{"rendered":"Sobre a nossa hist\u00f3ria A MASSA Pesagem e Automa\u00e7\u00e3o Industrial \u00e9 a empresa l\u00edder de mercado no setor de Balan\u00e7as Ferrovi\u00e1rias Din\u00e2micas (BFD). Possui balan\u00e7as ferrovi\u00e1rias em atividade nos terminais das maiores empresas do setor minerador, sider\u00fargico e do agroneg\u00f3cio no Brasil e, desde 2017, tamb\u00e9m no exterior. Nossa empresa se destaca pela inova\u00e7\u00e3o tecnol\u00f3gica e o aperfei\u00e7oamento constante, buscando a melhor solu\u00e7\u00e3o para seu neg\u00f3cio, primando pela precis\u00e3o e a otimiza\u00e7\u00e3o no processo de pesagem, fornecendo ampla assist\u00eancia t\u00e9cnica, com mais de 15 anos de expertise no setor ferrovi\u00e1rio. ENTRE EM CONTATO Nossa Miss\u00e3o Desenvolver, produzir e fornecer solu\u00e7\u00f5es de medi\u00e7\u00e3o inovadoras que ofere\u00e7am integra\u00e7\u00e3o, seguran\u00e7a e confiabilidade para o mercado ferrovi\u00e1rio. Nossa Vis\u00e3o At\u00e9 2025, tornar-se a empresa l\u00edder no segmento de Balan\u00e7as Ferrovi\u00e1rias Din\u00e2micas no mercado latino-americano. Nossos Valores Valorizar nossos colaboradores; Respeito e zelo pelo meio ambiente; Sustentabilidade; Agir com \u00e9tica. Nossos Objetivos Assegurar a satisfa\u00e7\u00e3o dos clientes; Otimizar o sistema de gest\u00e3o da produ\u00e7\u00e3o; Promover a capacita\u00e7\u00e3o dos nossos colaboradores; Incentivar a inova\u00e7\u00e3o a favor do cliente. Pol\u00edtica de Qualidade A MASSA se compromete em fornecer e manter sistemas de medi\u00e7\u00e3o inovadores e, para isso, praticamos: O atendimento aos requisitos dos nossos clientes; A melhoria cont\u00ednua dos nossos processos; A valoriza\u00e7\u00e3o e a capacita\u00e7\u00e3o dos nossos colaboradores e parceiros.","protected":false},"author":1,"featured_media":0,"parent":0,"menu_order":0,"comment_status":"closed","ping_status":"closed","template":"","meta":{"footnotes":""},"class_list":["post-10","page","type-page","status-publish","hentry"],"yoast_head":"<!-- This site is optimized with the Yoast SEO plugin v24.7 - https:\/\/yoast.com\/wordpress\/plugins\/seo\/ -->\n<title>Sobre N\u00f3s - Massa - Pesagem e Automa\u00e7\u00e3o Industrial<\/title>\n<meta name=\"robots\" content=\"index, follow, max-snippet:-1, max-image-preview:large, max-video-preview:-1\" \/>\n<link rel=\"canonical\" href=\"https:\/\/massa.ind.br\/en\/sobre-nos\/\" \/>\n<meta property=\"og:locale\" content=\"en_US\" \/>\n<meta property=\"og:type\" content=\"article\" \/>\n<meta property=\"og:title\" content=\"Sobre N\u00f3s - Massa - Pesagem e Automa\u00e7\u00e3o Industrial\" \/>\n<meta property=\"og:url\" content=\"https:\/\/massa.ind.br\/en\/sobre-nos\/\" \/>\n<meta property=\"og:site_name\" content=\"Massa - Pesagem e Automa\u00e7\u00e3o Industrial\" \/>\n<meta property=\"article:modified_time\" content=\"2020-04-06T14:27:05+00:00\" \/>\n<meta name=\"twitter:card\" content=\"summary_large_image\" \/>\n<meta name=\"twitter:label1\" content=\"Est. reading time\" \/>\n\t<meta name=\"twitter:data1\" content=\"4 minutes\" \/>\n<script type=\"application\/ld+json\" class=\"yoast-schema-graph\">{\"@context\":\"https:\/\/schema.org\",\"@graph\":[{\"@type\":\"WebPage\",\"@id\":\"https:\/\/massa.ind.br\/es\/sobre-nos\/\",\"url\":\"https:\/\/massa.ind.br\/es\/sobre-nos\/\",\"name\":\"Sobre N\u00f3s - Massa - Pesagem e Automa\u00e7\u00e3o Industrial\",\"isPartOf\":{\"@id\":\"https:\/\/massa.ind.br\/#website\"},\"datePublished\":\"2017-07-31T03:44:34+00:00\",\"dateModified\":\"2020-04-06T14:27:05+00:00\",\"breadcrumb\":{\"@id\":\"https:\/\/massa.ind.br\/es\/sobre-nos\/#breadcrumb\"},\"inLanguage\":\"en-US\",\"potentialAction\":[{\"@type\":\"ReadAction\",\"target\":[\"https:\/\/massa.ind.br\/es\/sobre-nos\/\"]}]},{\"@type\":\"BreadcrumbList\",\"@id\":\"https:\/\/massa.ind.br\/es\/sobre-nos\/#breadcrumb\",\"itemListElement\":[{\"@type\":\"ListItem\",\"position\":1,\"name\":\"In\u00edcio\",\"item\":\"https:\/\/massa.ind.br\/\"},{\"@type\":\"ListItem\",\"position\":2,\"name\":\"Sobre N\u00f3s\"}]},{\"@type\":\"WebSite\",\"@id\":\"https:\/\/massa.ind.br\/#website\",\"url\":\"https:\/\/massa.ind.br\/\",\"name\":\"Massa - Pesagem e Automa\u00e7\u00e3o Industrial\",\"description\":\"S\u00f3 mais um site WordPress\",\"potentialAction\":[{\"@type\":\"SearchAction\",\"target\":{\"@type\":\"EntryPoint\",\"urlTemplate\":\"https:\/\/massa.ind.br\/?s={search_term_string}\"},\"query-input\":{\"@type\":\"PropertyValueSpecification\",\"valueRequired\":true,\"valueName\":\"search_term_string\"}}],\"inLanguage\":\"en-US\"}]}<\/script>\n<!-- \/ Yoast SEO plugin. -->","yoast_head_json":{"title":"Sobre N\u00f3s - Massa - Pesagem e Automa\u00e7\u00e3o Industrial","robots":{"index":"index","follow":"follow","max-snippet":"max-snippet:-1","max-image-preview":"max-image-preview:large","max-video-preview":"max-video-preview:-1"},"canonical":"https:\/\/massa.ind.br\/en\/sobre-nos\/","og_locale":"en_US","og_type":"article","og_title":"Sobre N\u00f3s - Massa - Pesagem e Automa\u00e7\u00e3o Industrial","og_url":"https:\/\/massa.ind.br\/en\/sobre-nos\/","og_site_name":"Massa - Pesagem e Automa\u00e7\u00e3o Industrial","article_modified_time":"2020-04-06T14:27:05+00:00","twitter_card":"summary_large_image","twitter_misc":{"Est. reading time":"4 minutes"},"schema":{"@context":"https:\/\/schema.org","@graph":[{"@type":"WebPage","@id":"https:\/\/massa.ind.br\/es\/sobre-nos\/","url":"https:\/\/massa.ind.br\/es\/sobre-nos\/","name":"Sobre N\u00f3s - Massa - Pesagem e Automa\u00e7\u00e3o Industrial","isPartOf":{"@id":"https:\/\/massa.ind.br\/#website"},"datePublished":"2017-07-31T03:44:34+00:00","dateModified":"2020-04-06T14:27:05+00:00","breadcrumb":{"@id":"https:\/\/massa.ind.br\/es\/sobre-nos\/#breadcrumb"},"inLanguage":"en-US","potentialAction":[{"@type":"ReadAction","target":["https:\/\/massa.ind.br\/es\/sobre-nos\/"]}]},{"@type":"BreadcrumbList","@id":"https:\/\/massa.ind.br\/es\/sobre-nos\/#breadcrumb","itemListElement":[{"@type":"ListItem","position":1,"name":"In\u00edcio","item":"https:\/\/massa.ind.br\/"},{"@type":"ListItem","position":2,"name":"Sobre N\u00f3s"}]},{"@type":"WebSite","@id":"https:\/\/massa.ind.br\/#website","url":"https:\/\/massa.ind.br\/","name":"Massa - Pesagem e Automa\u00e7\u00e3o Industrial","description":"S\u00f3 mais um site WordPress","potentialAction":[{"@type":"SearchAction","target":{"@type":"EntryPoint","urlTemplate":"https:\/\/massa.ind.br\/?s={search_term_string}"},"query-input":{"@type":"PropertyValueSpecification","valueRequired":true,"valueName":"search_term_string"}}],"inLanguage":"en-US"}]}},"_links":{"self":[{"href":"https:\/\/massa.ind.br\/en\/wp-json\/wp\/v2\/pages\/10","targetHints":{"allow":["GET"]}}],"collection":[{"href":"https:\/\/massa.ind.br\/en\/wp-json\/wp\/v2\/pages"}],"about":[{"href":"https:\/\/massa.ind.br\/en\/wp-json\/wp\/v2\/types\/page"}],"author":[{"embeddable":true,"href":"https:\/\/massa.ind.br\/en\/wp-json\/wp\/v2\/users\/1"}],"replies":[{"embeddable":true,"href":"https:\/\/massa.ind.br\/en\/wp-json\/wp\/v2\/comments?post=10"}],"version-history":[{"count":16,"href":"https:\/\/massa.ind.br\/en\/wp-json\/wp\/v2\/pages\/10\/revisions"}],"predecessor-version":[{"id":1807,"href":"https:\/\/massa.ind.br\/en\/wp-json\/wp\/v2\/pages\/10\/revisions\/1807"}],"wp:attachment":[{"href":"https:\/\/massa.ind.br\/en\/wp-json\/wp\/v2\/media?parent=10"}],"curies":[{"name":"wp","href":"https:\/\/api.w.org\/{rel}","templated":true}]}}